{"id":56849,"date":"2017-12-21T11:14:50","date_gmt":"2017-12-21T10:14:50","guid":{"rendered":"https:\/\/equityderivatives.natixis.com\/indices-2\/"},"modified":"2026-04-15T18:31:08","modified_gmt":"2026-04-15T16:31:08","slug":"indici","status":"publish","type":"page","link":"https:\/\/equityderivatives.natixis.com\/it\/indici\/","title":{"rendered":"Indici"},"content":{"rendered":"","protected":false},"excerpt":{"rendered":"","protected":false},"author":7,"featured_media":0,"parent":0,"menu_order":2,"comment_status":"closed","ping_status":"closed","template":"page-templates\/template-default.php","meta":{"_acf_changed":false,"footnotes":""},"class_list":["post-56849","page","type-page","status-publish","hentry"],"acf":[],"yoast_head":"<!-- This site is optimized with the Yoast SEO plugin v24.8.1 - https:\/\/yoast.com\/wordpress\/plugins\/seo\/ -->\n<title>Indici | Natixis Equity Derivatives<\/title>\n<meta name=\"description\" content=\"Retrouvez l&#039;ensemble de la gamme d\u2019indices propos\u00e9e par Natixis. Un acc\u00e8s unique \u00e0 un univers diversifi\u00e9 de strat\u00e9gies (Risk Premia, Climat\/ISR, Smart Beta Market Access, Th\u00e9matique, etc.). Une offre d\u2019indices multi classes d\u2019actifs, multi pays, multi devises offrant une approche optimis\u00e9e de la gestion du risque.\" \/>\n<meta name=\"robots\" content=\"index, follow, max-snippet:-1, max-image-preview:large, max-video-preview:-1\" \/>\n<link rel=\"canonical\" href=\"https:\/\/equityderivatives.natixis.com\/it\/indici\/\" \/>\n<meta property=\"og:locale\" content=\"it_IT\" \/>\n<meta property=\"og:type\" content=\"article\" \/>\n<meta property=\"og:title\" content=\"Indices multi classes d&#039;actifs, multi pays, multi devises | Natixis Equity Derivatives Solutions\" \/>\n<meta property=\"og:description\" content=\"Retrouvez l&#039;ensemble de la gamme d\u2019indices propos\u00e9e par Natixis. Un acc\u00e8s unique \u00e0 un univers diversifi\u00e9 de strat\u00e9gies (Risk Premia, Climat\/ISR, Smart Beta Market Access, Th\u00e9matique, etc.). Une offre d\u2019indices multi classes d\u2019actifs, multi pays, multi devises offrant une approche optimis\u00e9e de la gestion du risque.\" \/>\n<meta property=\"og:url\" content=\"https:\/\/equityderivatives.natixis.com\/it\/indici\/\" \/>\n<meta property=\"og:site_name\" content=\"Natixis Equity Derivatives\" \/>\n<meta property=\"article:modified_time\" content=\"2026-04-15T16:31:08+00:00\" \/>\n<meta name=\"twitter:card\" content=\"summary_large_image\" \/>\n<meta name=\"twitter:title\" content=\"Indices multi classes d&#039;actifs, multi pays, multi devises | Natixis Equity Derivatives Solutions\" \/>\n<meta name=\"twitter:description\" content=\"Retrouvez l&#039;ensemble de la gamme d\u2019indices propos\u00e9e par Natixis. Un acc\u00e8s unique \u00e0 un univers diversifi\u00e9 de strat\u00e9gies (Risk Premia, Climat\/ISR, Smart Beta Market Access, Th\u00e9matique, etc.). Une offre d\u2019indices multi classes d\u2019actifs, multi pays, multi devises offrant une approche optimis\u00e9e de la gestion du risque.\" \/>\n<script type=\"application\/ld+json\" class=\"yoast-schema-graph\">{\"@context\":\"https:\/\/schema.org\",\"@graph\":[{\"@type\":\"WebPage\",\"@id\":\"https:\/\/equityderivatives.natixis.com\/it\/indici\/\",\"url\":\"https:\/\/equityderivatives.natixis.com\/it\/indici\/\",\"name\":\"Indici | Natixis Equity Derivatives\",\"isPartOf\":{\"@id\":\"https:\/\/equityderivatives.natixis.com\/it\/#website\"},\"datePublished\":\"2017-12-21T10:14:50+00:00\",\"dateModified\":\"2026-04-15T16:31:08+00:00\",\"description\":\"Retrouvez l'ensemble de la gamme d\u2019indices propos\u00e9e par Natixis. Un acc\u00e8s unique \u00e0 un univers diversifi\u00e9 de strat\u00e9gies (Risk Premia, Climat\/ISR, Smart Beta Market Access, Th\u00e9matique, etc.). Une offre d\u2019indices multi classes d\u2019actifs, multi pays, multi devises offrant une approche optimis\u00e9e de la gestion du risque.\",\"breadcrumb\":{\"@id\":\"https:\/\/equityderivatives.natixis.com\/it\/indici\/#breadcrumb\"},\"inLanguage\":\"it-IT\",\"potentialAction\":[{\"@type\":\"ReadAction\",\"target\":[\"https:\/\/equityderivatives.natixis.com\/it\/indici\/\"]}]},{\"@type\":\"BreadcrumbList\",\"@id\":\"https:\/\/equityderivatives.natixis.com\/it\/indici\/#breadcrumb\",\"itemListElement\":[{\"@type\":\"ListItem\",\"position\":1,\"name\":\"Home\",\"item\":\"https:\/\/equityderivatives.natixis.com\/it\/homepage\/\"},{\"@type\":\"ListItem\",\"position\":2,\"name\":\"Indici\"}]},{\"@type\":\"WebSite\",\"@id\":\"https:\/\/equityderivatives.natixis.com\/it\/#website\",\"url\":\"https:\/\/equityderivatives.natixis.com\/it\/\",\"name\":\"Natixis Equity Derivatives\",\"description\":\"\",\"potentialAction\":[{\"@type\":\"SearchAction\",\"target\":{\"@type\":\"EntryPoint\",\"urlTemplate\":\"https:\/\/equityderivatives.natixis.com\/it\/?s={search_term_string}\"},\"query-input\":{\"@type\":\"PropertyValueSpecification\",\"valueRequired\":true,\"valueName\":\"search_term_string\"}}],\"inLanguage\":\"it-IT\"}]}<\/script>\n<!-- \/ Yoast SEO plugin. -->","yoast_head_json":{"title":"Indici | Natixis Equity Derivatives","description":"Retrouvez l'ensemble de la gamme d\u2019indices propos\u00e9e par Natixis. Un acc\u00e8s unique \u00e0 un univers diversifi\u00e9 de strat\u00e9gies (Risk Premia, Climat\/ISR, Smart Beta Market Access, Th\u00e9matique, etc.). Une offre d\u2019indices multi classes d\u2019actifs, multi pays, multi devises offrant une approche optimis\u00e9e de la gestion du risque.","robots":{"index":"index","follow":"follow","max-snippet":"max-snippet:-1","max-image-preview":"max-image-preview:large","max-video-preview":"max-video-preview:-1"},"canonical":"https:\/\/equityderivatives.natixis.com\/it\/indici\/","og_locale":"it_IT","og_type":"article","og_title":"Indices multi classes d'actifs, multi pays, multi devises | Natixis Equity Derivatives Solutions","og_description":"Retrouvez l'ensemble de la gamme d\u2019indices propos\u00e9e par Natixis. Un acc\u00e8s unique \u00e0 un univers diversifi\u00e9 de strat\u00e9gies (Risk Premia, Climat\/ISR, Smart Beta Market Access, Th\u00e9matique, etc.). Une offre d\u2019indices multi classes d\u2019actifs, multi pays, multi devises offrant une approche optimis\u00e9e de la gestion du risque.","og_url":"https:\/\/equityderivatives.natixis.com\/it\/indici\/","og_site_name":"Natixis Equity Derivatives","article_modified_time":"2026-04-15T16:31:08+00:00","twitter_card":"summary_large_image","twitter_title":"Indices multi classes d'actifs, multi pays, multi devises | Natixis Equity Derivatives Solutions","twitter_description":"Retrouvez l'ensemble de la gamme d\u2019indices propos\u00e9e par Natixis. Un acc\u00e8s unique \u00e0 un univers diversifi\u00e9 de strat\u00e9gies (Risk Premia, Climat\/ISR, Smart Beta Market Access, Th\u00e9matique, etc.). Une offre d\u2019indices multi classes d\u2019actifs, multi pays, multi devises offrant une approche optimis\u00e9e de la gestion du risque.","schema":{"@context":"https:\/\/schema.org","@graph":[{"@type":"WebPage","@id":"https:\/\/equityderivatives.natixis.com\/it\/indici\/","url":"https:\/\/equityderivatives.natixis.com\/it\/indici\/","name":"Indici | Natixis Equity Derivatives","isPartOf":{"@id":"https:\/\/equityderivatives.natixis.com\/it\/#website"},"datePublished":"2017-12-21T10:14:50+00:00","dateModified":"2026-04-15T16:31:08+00:00","description":"Retrouvez l'ensemble de la gamme d\u2019indices propos\u00e9e par Natixis. Un acc\u00e8s unique \u00e0 un univers diversifi\u00e9 de strat\u00e9gies (Risk Premia, Climat\/ISR, Smart Beta Market Access, Th\u00e9matique, etc.). Une offre d\u2019indices multi classes d\u2019actifs, multi pays, multi devises offrant une approche optimis\u00e9e de la gestion du risque.","breadcrumb":{"@id":"https:\/\/equityderivatives.natixis.com\/it\/indici\/#breadcrumb"},"inLanguage":"it-IT","potentialAction":[{"@type":"ReadAction","target":["https:\/\/equityderivatives.natixis.com\/it\/indici\/"]}]},{"@type":"BreadcrumbList","@id":"https:\/\/equityderivatives.natixis.com\/it\/indici\/#breadcrumb","itemListElement":[{"@type":"ListItem","position":1,"name":"Home","item":"https:\/\/equityderivatives.natixis.com\/it\/homepage\/"},{"@type":"ListItem","position":2,"name":"Indici"}]},{"@type":"WebSite","@id":"https:\/\/equityderivatives.natixis.com\/it\/#website","url":"https:\/\/equityderivatives.natixis.com\/it\/","name":"Natixis Equity Derivatives","description":"","potentialAction":[{"@type":"SearchAction","target":{"@type":"EntryPoint","urlTemplate":"https:\/\/equityderivatives.natixis.com\/it\/?s={search_term_string}"},"query-input":{"@type":"PropertyValueSpecification","valueRequired":true,"valueName":"search_term_string"}}],"inLanguage":"it-IT"}]}},"_links":{"self":[{"href":"https:\/\/equityderivatives.natixis.com\/it\/wp-json\/wp\/v2\/pages\/56849","targetHints":{"allow":["GET"]}}],"collection":[{"href":"https:\/\/equityderivatives.natixis.com\/it\/wp-json\/wp\/v2\/pages"}],"about":[{"href":"https:\/\/equityderivatives.natixis.com\/it\/wp-json\/wp\/v2\/types\/page"}],"author":[{"embeddable":true,"href":"https:\/\/equityderivatives.natixis.com\/it\/wp-json\/wp\/v2\/users\/7"}],"replies":[{"embeddable":true,"href":"https:\/\/equityderivatives.natixis.com\/it\/wp-json\/wp\/v2\/comments?post=56849"}],"version-history":[{"count":19,"href":"https:\/\/equityderivatives.natixis.com\/it\/wp-json\/wp\/v2\/pages\/56849\/revisions"}],"predecessor-version":[{"id":118568,"href":"https:\/\/equityderivatives.natixis.com\/it\/wp-json\/wp\/v2\/pages\/56849\/revisions\/118568"}],"wp:attachment":[{"href":"https:\/\/equityderivatives.natixis.com\/it\/wp-json\/wp\/v2\/media?parent=56849"}],"curies":[{"name":"wp","href":"https:\/\/api.w.org\/{rel}","templated":true}]}}