{"id":414,"date":"2017-12-21T11:14:18","date_gmt":"2017-12-21T10:14:18","guid":{"rendered":"https:\/\/equityderivatives.natixis.com\/products\/"},"modified":"2026-04-15T13:30:35","modified_gmt":"2026-04-15T11:30:35","slug":"prodotti","status":"publish","type":"page","link":"https:\/\/equityderivatives.natixis.com\/it\/prodotti\/","title":{"rendered":"Prodotti d&#8217;investimento"},"content":{"rendered":"","protected":false},"excerpt":{"rendered":"","protected":false},"author":7,"featured_media":0,"parent":0,"menu_order":1,"comment_status":"closed","ping_status":"closed","template":"page-templates\/template-default.php","meta":{"_acf_changed":false,"footnotes":""},"class_list":["post-414","page","type-page","status-publish","hentry"],"acf":[],"yoast_head":"<!-- This site is optimized with the Yoast SEO plugin v24.8.1 - https:\/\/yoast.com\/wordpress\/plugins\/seo\/ -->\n<title>Produits d\u2019\u00e9pargne financi\u00e8re | Natixis Equity Derivatives<\/title>\n<meta name=\"description\" content=\"Retrouvez l\u2019ensemble des produits d\u2019\u00e9pargne financi\u00e8re \u00e9mis par Natixis et acc\u00e9dez \u00e0 la gamme d\u2019offres actuellement en souscription. Retrouvez toute la documentation juridique (programmes, prospectus et suppl\u00e9ments).\" \/>\n<meta name=\"robots\" content=\"index, follow, max-snippet:-1, max-image-preview:large, max-video-preview:-1\" \/>\n<link rel=\"canonical\" href=\"https:\/\/equityderivatives.natixis.com\/it\/prodotti\/\" \/>\n<meta property=\"og:locale\" content=\"it_IT\" \/>\n<meta property=\"og:type\" content=\"article\" \/>\n<meta property=\"og:title\" content=\"Produits d\u2019\u00e9pargne financi\u00e8re | Natixis Equity Derivatives Solutions\" \/>\n<meta property=\"og:description\" content=\"Retrouvez l\u2019ensemble des produits d\u2019\u00e9pargne financi\u00e8re \u00e9mis par Natixis et acc\u00e9dez \u00e0 la gamme d\u2019offres actuellement en souscription. Retrouvez toute la documentation juridique (programmes, prospectus et suppl\u00e9ments).\" \/>\n<meta property=\"og:url\" content=\"https:\/\/equityderivatives.natixis.com\/it\/prodotti\/\" \/>\n<meta property=\"og:site_name\" content=\"Natixis Equity Derivatives\" \/>\n<meta property=\"article:modified_time\" content=\"2026-04-15T11:30:35+00:00\" \/>\n<meta name=\"twitter:card\" content=\"summary_large_image\" \/>\n<meta name=\"twitter:title\" content=\"Produits d\u2019\u00e9pargne financi\u00e8re | Natixis Equity Derivatives Solutions\" \/>\n<meta name=\"twitter:description\" content=\"Retrouvez l\u2019ensemble des produits d\u2019\u00e9pargne financi\u00e8re \u00e9mis par Natixis et acc\u00e9dez \u00e0 la gamme d\u2019offres actuellement en souscription. Retrouvez toute la documentation juridique (programmes, prospectus et suppl\u00e9ments).\" \/>\n<script type=\"application\/ld+json\" class=\"yoast-schema-graph\">{\"@context\":\"https:\/\/schema.org\",\"@graph\":[{\"@type\":\"WebPage\",\"@id\":\"https:\/\/equityderivatives.natixis.com\/it\/prodotti\/\",\"url\":\"https:\/\/equityderivatives.natixis.com\/it\/prodotti\/\",\"name\":\"Produits d\u2019\u00e9pargne financi\u00e8re | Natixis Equity Derivatives\",\"isPartOf\":{\"@id\":\"https:\/\/equityderivatives.natixis.com\/it\/#website\"},\"datePublished\":\"2017-12-21T10:14:18+00:00\",\"dateModified\":\"2026-04-15T11:30:35+00:00\",\"description\":\"Retrouvez l\u2019ensemble des produits d\u2019\u00e9pargne financi\u00e8re \u00e9mis par Natixis et acc\u00e9dez \u00e0 la gamme d\u2019offres actuellement en souscription. Retrouvez toute la documentation juridique (programmes, prospectus et suppl\u00e9ments).\",\"breadcrumb\":{\"@id\":\"https:\/\/equityderivatives.natixis.com\/it\/prodotti\/#breadcrumb\"},\"inLanguage\":\"it-IT\",\"potentialAction\":[{\"@type\":\"ReadAction\",\"target\":[\"https:\/\/equityderivatives.natixis.com\/it\/prodotti\/\"]}]},{\"@type\":\"BreadcrumbList\",\"@id\":\"https:\/\/equityderivatives.natixis.com\/it\/prodotti\/#breadcrumb\",\"itemListElement\":[{\"@type\":\"ListItem\",\"position\":1,\"name\":\"Home\",\"item\":\"https:\/\/equityderivatives.natixis.com\/it\/homepage\/\"},{\"@type\":\"ListItem\",\"position\":2,\"name\":\"Prodotti d&#8217;investimento\"}]},{\"@type\":\"WebSite\",\"@id\":\"https:\/\/equityderivatives.natixis.com\/it\/#website\",\"url\":\"https:\/\/equityderivatives.natixis.com\/it\/\",\"name\":\"Natixis Equity Derivatives\",\"description\":\"\",\"potentialAction\":[{\"@type\":\"SearchAction\",\"target\":{\"@type\":\"EntryPoint\",\"urlTemplate\":\"https:\/\/equityderivatives.natixis.com\/it\/?s={search_term_string}\"},\"query-input\":{\"@type\":\"PropertyValueSpecification\",\"valueRequired\":true,\"valueName\":\"search_term_string\"}}],\"inLanguage\":\"it-IT\"}]}<\/script>\n<!-- \/ Yoast SEO plugin. -->","yoast_head_json":{"title":"Produits d\u2019\u00e9pargne financi\u00e8re | Natixis Equity Derivatives","description":"Retrouvez l\u2019ensemble des produits d\u2019\u00e9pargne financi\u00e8re \u00e9mis par Natixis et acc\u00e9dez \u00e0 la gamme d\u2019offres actuellement en souscription. Retrouvez toute la documentation juridique (programmes, prospectus et suppl\u00e9ments).","robots":{"index":"index","follow":"follow","max-snippet":"max-snippet:-1","max-image-preview":"max-image-preview:large","max-video-preview":"max-video-preview:-1"},"canonical":"https:\/\/equityderivatives.natixis.com\/it\/prodotti\/","og_locale":"it_IT","og_type":"article","og_title":"Produits d\u2019\u00e9pargne financi\u00e8re | Natixis Equity Derivatives Solutions","og_description":"Retrouvez l\u2019ensemble des produits d\u2019\u00e9pargne financi\u00e8re \u00e9mis par Natixis et acc\u00e9dez \u00e0 la gamme d\u2019offres actuellement en souscription. Retrouvez toute la documentation juridique (programmes, prospectus et suppl\u00e9ments).","og_url":"https:\/\/equityderivatives.natixis.com\/it\/prodotti\/","og_site_name":"Natixis Equity Derivatives","article_modified_time":"2026-04-15T11:30:35+00:00","twitter_card":"summary_large_image","twitter_title":"Produits d\u2019\u00e9pargne financi\u00e8re | Natixis Equity Derivatives Solutions","twitter_description":"Retrouvez l\u2019ensemble des produits d\u2019\u00e9pargne financi\u00e8re \u00e9mis par Natixis et acc\u00e9dez \u00e0 la gamme d\u2019offres actuellement en souscription. Retrouvez toute la documentation juridique (programmes, prospectus et suppl\u00e9ments).","schema":{"@context":"https:\/\/schema.org","@graph":[{"@type":"WebPage","@id":"https:\/\/equityderivatives.natixis.com\/it\/prodotti\/","url":"https:\/\/equityderivatives.natixis.com\/it\/prodotti\/","name":"Produits d\u2019\u00e9pargne financi\u00e8re | Natixis Equity Derivatives","isPartOf":{"@id":"https:\/\/equityderivatives.natixis.com\/it\/#website"},"datePublished":"2017-12-21T10:14:18+00:00","dateModified":"2026-04-15T11:30:35+00:00","description":"Retrouvez l\u2019ensemble des produits d\u2019\u00e9pargne financi\u00e8re \u00e9mis par Natixis et acc\u00e9dez \u00e0 la gamme d\u2019offres actuellement en souscription. Retrouvez toute la documentation juridique (programmes, prospectus et suppl\u00e9ments).","breadcrumb":{"@id":"https:\/\/equityderivatives.natixis.com\/it\/prodotti\/#breadcrumb"},"inLanguage":"it-IT","potentialAction":[{"@type":"ReadAction","target":["https:\/\/equityderivatives.natixis.com\/it\/prodotti\/"]}]},{"@type":"BreadcrumbList","@id":"https:\/\/equityderivatives.natixis.com\/it\/prodotti\/#breadcrumb","itemListElement":[{"@type":"ListItem","position":1,"name":"Home","item":"https:\/\/equityderivatives.natixis.com\/it\/homepage\/"},{"@type":"ListItem","position":2,"name":"Prodotti d&#8217;investimento"}]},{"@type":"WebSite","@id":"https:\/\/equityderivatives.natixis.com\/it\/#website","url":"https:\/\/equityderivatives.natixis.com\/it\/","name":"Natixis Equity Derivatives","description":"","potentialAction":[{"@type":"SearchAction","target":{"@type":"EntryPoint","urlTemplate":"https:\/\/equityderivatives.natixis.com\/it\/?s={search_term_string}"},"query-input":{"@type":"PropertyValueSpecification","valueRequired":true,"valueName":"search_term_string"}}],"inLanguage":"it-IT"}]}},"_links":{"self":[{"href":"https:\/\/equityderivatives.natixis.com\/it\/wp-json\/wp\/v2\/pages\/414","targetHints":{"allow":["GET"]}}],"collection":[{"href":"https:\/\/equityderivatives.natixis.com\/it\/wp-json\/wp\/v2\/pages"}],"about":[{"href":"https:\/\/equityderivatives.natixis.com\/it\/wp-json\/wp\/v2\/types\/page"}],"author":[{"embeddable":true,"href":"https:\/\/equityderivatives.natixis.com\/it\/wp-json\/wp\/v2\/users\/7"}],"replies":[{"embeddable":true,"href":"https:\/\/equityderivatives.natixis.com\/it\/wp-json\/wp\/v2\/comments?post=414"}],"version-history":[{"count":12,"href":"https:\/\/equityderivatives.natixis.com\/it\/wp-json\/wp\/v2\/pages\/414\/revisions"}],"predecessor-version":[{"id":118556,"href":"https:\/\/equityderivatives.natixis.com\/it\/wp-json\/wp\/v2\/pages\/414\/revisions\/118556"}],"wp:attachment":[{"href":"https:\/\/equityderivatives.natixis.com\/it\/wp-json\/wp\/v2\/media?parent=414"}],"curies":[{"name":"wp","href":"https:\/\/api.w.org\/{rel}","templated":true}]}}