{"id":911,"date":"2017-12-21T21:43:06","date_gmt":"2017-12-21T20:43:06","guid":{"rendered":"https:\/\/equityderivatives.natixis.com\/legale-mentions-credits\/"},"modified":"2026-03-12T17:08:04","modified_gmt":"2026-03-12T16:08:04","slug":"avvisi-legali","status":"publish","type":"page","link":"https:\/\/equityderivatives.natixis.com\/it-ch\/avvisi-legali\/","title":{"rendered":"Avvisi legali"},"content":{"rendered":"<p>&nbsp;<\/p>\n<p>&nbsp;<\/p>\n<p>Lei \u00e8 attualmente connesso al sito &#8220;equityderivatives.natixis.com&#8221;, di propriet\u00e0 esclusiva di NATIXIS.<\/p>\n<p>Denominazione sociale<\/p>\n<p>NATIXIS &#8211; Soci\u00e9t\u00e9 anonyme con capitale di 5.021.289.259,20 euro, n. d&#8217;iscrizione 542 044 524 RCS Paris<br \/>\nSede legale: <span class=\"ui-provider ec bdi bdj bdk bdl bdm bdn bdo bdp bdq bdr bds bdt bdu bdv bdw bdx bdy bdz bea beb bec bed bee bef beg beh bei bej bek bel bem ben beo bep\" dir=\"ltr\">\u00a07, promenade Germaine Sablon<\/span> &#8211; 75013 Parigi<br \/>\nTel. 0158323000 <br \/>\nIscrizione R.C.S di Parigi con n. SIREN: 542 044 524 <br \/>\nNumero individuale identificativo ai fini IVA: FR73542044524 <br \/>\nIstituto di credito riconosciuto in Francia dall&#8217;ACPR (numero 14948Y dal CECEI (Autorit\u00e9 de Contr\u00f4le Prudentiel et de R\u00e9solution), 61, rue Taitbout, 75436 Paris cedex 09. <br \/>\nNell&#8217;ambito delle proprie attivit\u00e0 bancarie e finanziarie, NATIXIS \u00e8 soggetta al Codice monetario e finanziario. <br \/>\nAderente alla FBF (F\u00e9d\u00e9ration Bancaire Fran\u00e7aise), organizzazione professionale che rappresenta tutte le banche con sede n Francia. <br \/>\nIndirizzo E-mail: CIB-Communications@natixis.com<\/p>\n<p><strong>Direttore editoriale<\/strong><\/p>\n<p>Mohamed Kallala<\/p>\n<p><strong>Responsabili di redazione<\/strong><\/p>\n<p><span class=\"ui-provider ec bdi bdj bdk bdl bdm bdn bdo bdp bdq bdr bds bdt bdu bdv bdw bdx bdy bdz bea beb bec bed bee bef beg beh bei bej bek bel bem ben beo bep\" dir=\"ltr\">Maxime Pech de Pluvinel<\/span><\/p>\n<p><strong>Titolari<\/strong><\/p>\n<p>Al 30 aprile 2021, Natixis era posseduta al 100% da BPCE.<\/p>\n<p><strong>Localizzazione del sito internet<\/strong><\/p>\n<p>Il sito si trova nei server di Natixis S.A. <br \/>\nRiserva del nome del dominio: www.natixis.com \u00e8 un dominio depositato da NATIXIS (SIREN: 542044524 \/ APE: 6492Z) il 20\/10\/2006 presso France T\u00e9l\u00e9com. <br \/>\nFoto: Fabrice Vallon, Shutterstocks.com.<\/p>\n<p><strong>CONDIZIONI GENERALI DI UTILIZZO<\/strong><\/p>\n<ol>\n<li><strong> Premessa<\/strong><\/li>\n<\/ol>\n<p>Il sito ha come oggetto quello di fornire informazioni su NATIXIS. La navigazione sul presente sito \u00e8 soggetta alla normativa vigente e alle presenti condizioni di utilizzo.<\/p>\n<ol start=\"2\">\n<li><strong> Avviso relativo ai prodotti e ai servizi presenti sul sito<\/strong><\/li>\n<\/ol>\n<p>Le informazioni riportate sul presente sito non sono da intendersi come offerta di servizi o di prodotti, specie prodotti bancari o assicurativi, da parte di NATIXIS, n\u00e9 come offerta o sollecitazione di offerta di acquisto o di vendita di valori mobiliari o di qualsiasi altro prodotto d&#8217;investimento. Le informazioni riportate su questo sito sono date a titolo indicativo e costituiscono una presentazione di prodotti, servizi, studi e analisi concepiti e realizzati da NATIXIS. Spetta ai soggetti interessati verificare le informazioni pubblicate e farne un uso appropriato. NATIXIS declina qualsivoglia responsabilit\u00e0 relativa all&#8217;utilizzo delle informazioni fornite sul sito. Chiunque desideri avvalersi dei servizi o dei prodotti ivi presentati \u00e8 pregato di contattare il servizio interessato per informarsi della disponibilit\u00e0 degli stessi, delle condizioni contrattuali e delle tariffe applicabili. <\/p>\n<p>L&#8217;accesso ai prodotti e ai servizi descritti all&#8217;interno del presente sito potr\u00e0 essere oggetto di limitazioni rispetto a taluni soggetti o in taluni paesi. I prodotti e i servizi ivi presentati non verranno forniti da NATIXIS ai soggetti nel cui paese d&#8217;origine o di pertinenza se ci\u00f2 risulti contrario alla legge. L&#8217;utente \u00e8 pregato di assicurarsi di essere legalmente autorizzato a connettersi al presente sito nel paese a partire dal quale viene effettuata la connessione. <\/p>\n<p>NATIXIS si impegna a garantire l&#8217;esattezza e l&#8217;aggiornamento delle informazioni pubblicate sul proprio sito, di cui essa si riserva la facolt\u00e0 di correggere il contenuto in qualsivoglia momento e senza alcun preavviso. Essa non potr\u00e0 tuttavia garantirne la completezza o l&#8217;assenza di modifiche da parte di terzi (virus, intrusione). Inoltre, essa declina qualsivoglia responsabilit\u00e0 in caso di errori od omissioni all&#8217;interno delle suddette informazioni. <\/p>\n<p>Il sito internet viene fornito sulla base di un servizio &#8220;allo stato dell&#8217;arte&#8221; accessibile in funzione della relativa disponibilit\u00e0, e la societ\u00e0 NATIXIS non sar\u00e0 da ritenersi in alcun modo responsabile in caso di eventuali difficolt\u00e0 di trasmissione o di perturbazione della rete. <\/p>\n<p>NATIXIS non fornisce alcuna garanzia, esplicita o implicita, a titolo esemplificativo ma non esaustivo, circa il fatto che il sito internet sia in ogni momento conforme alle attese degli aventi diritto, n\u00e9 garantisce che lo stesso sia privo di interruzioni, opportuno, sicuro o privo di errori, n\u00e9 che i risultati che possano essere ottenuti mediante l&#8217;utilizzo del sito internet siano in ogni momento esatti e affidabili. <\/p>\n<p>NATIXIS non garantisce in alcun modo la qualit\u00e0 e\/o la legittimit\u00e0 dei Contenuti non creati dalla stessa, e declina qualsivoglia responsabilit\u00e0 circa eventuali contestazioni, azioni o ricorsi di terzi che rivendichino, a titolo esemplificativo ma non esaustivo, diritti di pertinenza sui suddetti Contenuti e\/o sul relativo utilizzo. <\/p>\n<p>I consigli e le informazioni, orali e\/o scritti e\/o in formato video, ottenuti dagli aventi diritto nel corso dell&#8217;utilizzo del sito internet non costituiranno in alcun modo garanzia o comporteranno responsabilit\u00e0 non esplicitamente previste. <\/p>\n<p>Il sito internet pu\u00f2 fornire o terzi possono inserire link ad altri siti internet o altre fonti internet e, posto che NATIXIS non pu\u00f2 controllare del tutto tali siti e fonti esterne, non pu\u00f2 essere ritenuta responsabile per la messa a disposizione di tali siti e fonti esterne, n\u00e9 pu\u00f2 avere alcun responsabilit\u00e0 rispetto a Contenuti, veridicit\u00e0, attualit\u00e0, qualit\u00e0, esaustivit\u00e0, pertinenza, illegalit\u00e0, pubblicit\u00e0, prodotti, servizi o qualsiasi altro materiale disponibile su o a partire da tali siti o fonti esterne. Inoltre, riconosce che NATIXIS non potr\u00e0 essere ritenuta responsabile di danni o perdite effettivi o presunti, conseguenti o relativi all&#8217;utilizzo o per aver fatto affidamento, in particolare ma non solo, a Contenuti, beni o servizi disponibili su tali siti o fonti esterne, tramite pubblicazione, trasmissione per posta elettronica (&#8220;email&#8221;) o qualsiasi altro mezzo. La riservatezza e l&#8217;integrit\u00e0 delle informazioni non sono garantite sulla rete Internet. Di conseguenza, i messaggi trasmessi dall&#8217;utente attraverso mezzi elettronici potranno essere intercettati e\/o modificati. NATIXIS declina qualsivoglia responsabilit\u00e0 in merito. <\/p>\n<p>NATIXIS presume che tutti i siti ivi menzionati direttamente o indirettamente in forma di link siano onesti ed etici. Tuttavia, NATIXIS non ha alcun rapporto con gran parte di queste societ\u00e0 e nessuna indagine \u00e8 stata condotta nei loro confronti. Inoltre, le informazioni contenute su questo sito provengono da fonti ritenute affidabili ed \u00e8 stata fatta grandissima attenzione per assicurarne l&#8217;esattezza. Tuttavia, NATIXIS non pu\u00f2 essere ritenuta responsabile dell&#8217;esattezza delle informazioni contenute su questo sito. La responsabilit\u00e0 dell&#8217;utilizzo di tutte o parte delle informazioni contenute nel presente sito \u00e8 unicamente e interamente imputabile all&#8217;utente.<\/p>\n<ol start=\"3\">\n<li><strong> Avvertenze relative agli indici<\/strong><\/li>\n<\/ol>\n<p><u>Avvertenze generali:<\/u> Prima d&#8217;investire in un prodotto o strumento cui si fa riferimento in un indice descritto su questo sito (un &#8220;Indice&#8221;), i potenziali investitori devono rivolgersi ai loro referenti e consulenti finanziari, fiscali, contabili e giuridici abituali, al fine di farsi una propria opinione sui rischi relativi a ogni investimento indipendentemente da Natixis e sulla loro adeguatezza rispetto alla propria situazione patrimoniale e personale. <\/p>\n<p>Il livello degli indici non rappresenta il valore o il prezzo dei prodotti o strumenti cui si fa riferimento negli stessi. <\/p>\n<p>Online sono disponibili la descrizione e il metodo di calcolo sintetici di ogni Indice. Si raccomanda vivamente di consultarli per disporre di una presentazione sintetica della composizione e del funzionamento di ogni Indice. Invece, le regole complete di funzionamento di ogni indice sono disponibili su richiesta scritta a Natixis al seguente indirizzo: Natixis \u2013 Equity Derivatives \u2013 47 quai d\u2019Austerlitz, 75013 Paris, Francia. <\/p>\n<p><u>Propriet\u00e0 intellettuale:<\/u> Ogni Indice \u00e8 di esclusiva propriet\u00e0 di Natixis. L\u2019uso, la copia o la riproduzione, anche parziale, degli Indici o di informazioni a essi relativi non sono autorizzati, salvo previo accordo esplicito scritto di Natixis. Natixis non garantisce l&#8217;esattezza e\/o l&#8217;esaustivit\u00e0 della composizione, del calcolo, della pubblicazione e dell&#8217;aggiustamento degli Indici, n\u00e9 dei dati in essi inclusi. <\/p>\n<p><u>Esclusione di responsabilit\u00e0:<\/u> Nel rispetto della normativa vigente, Natixis declina ogni responsabilit\u00e0 su qualunque errore, omissione, interruzione o ritardo relativamente agli Indici. Natixis non d\u00e0 alcuna garanzia, espressa o tacita, rispetto a (i) il valore commerciale o l&#8217;idoneit\u00e0 rispetto a un dato scopo di un Indice, e (ii) i risultati dell&#8217;utilizzo di un Indice o dei dati che lo compongono. Nel rispetto della normativa vigente, Natixis non si assume alcuna responsabilit\u00e0 per perdite, danni, costi, spese (compresi i mancati proventi) legati, direttamente o indirettamente, all&#8217;uso di un Indice o di qualsiasi dato compreso in un Indice. <\/p>\n<p><u>Limiti generali alla vendita:<\/u> L&#8217;investitore \u00e8 pregato di assicurarsi di essere autorizzato a stipulare o investire nel prodotto o strumento inserito in un Indice d&#8217;interesse. Gli strumenti che compongono gli Indici possono essere vietati alla commercializzazione nell&#8217;ordinamento in cui viene presentato l&#8217;Indice. Si fa notare agli investitori che la presentazione di questo Indice non costituisce in alcun modo un&#8217;offerta o la sollecitazione di un&#8217;offerta mirata a sottoscrivere o comprare gli strumenti finanziari considerati in questo paese. <\/p>\n<p><u>Dati di mercato:<\/u> Gli elementi del presente documento relativi ai dati di mercato sono forniti in base a dati constatati in un preciso momento e possono cambiare. <\/p>\n<p><u>Gestione dei conflitti di interessi:<\/u> I ruoli delle varie parti coinvolte nella concezione, nel mantenimento e nella replicazione dell\u2019Indice sono stati precisamente definiti. Natixis pu\u00f2 effettuare transazioni su ogni Indice o sugli strumenti che lo compongono, per operazioni di copertura o per altri fini. Tali transazioni possono avere un effetto positivo o negativo sul valore dell\u2019Indice e\/o degli strumenti che lo compongono. Natixis pu\u00f2 aver emesso o emettere prodotti o strumenti inseriti in questo Indice. Questa situazione potrebbe creare un conflitto di interessi.<\/p>\n<ol start=\"4\">\n<li><strong> Normativa francese in materia d&#8217;informatica, libert\u00e0 e tutela della privacy<\/strong><\/li>\n<\/ol>\n<p><strong>Protezione dei dati personali:<\/strong> <\/p>\n<p>Le informazioni relative alla gestione degli accessi cliente ai servizi Natixis che richiedono un&#8217;abilitazione sono oggetto di un trattamento informatico da parte di Natixis, in qualit\u00e0 di responsabile del trattamento. Queste informazioni sono destinate all&#8217;esclusivo utilizzo di Natixis e non saranno in alcun caso messe a disposizione di terzi. <\/p>\n<p>Conformemente alla legge &#8220;Informatica e libert\u00e0&#8221; del 6 gennaio 1978 modificata nel 2004, lei ha diritto di accesso e correzione alle informazioni che la riguardano, che pu\u00f2 esercitare contattando il seguente indirizzo: <\/p>\n<p>NATIXIS <br \/>\nService de traitement des r\u00e9clamations &#8211; Banque de Grande Client\u00e8le <br \/>\n47 Quai d\u2019Austerlitz <br \/>\n75013 Parigi <br \/>\nreclamations-bgc@natixis.com<\/p>\n<ol start=\"5\">\n<li><strong> Cookie<\/strong><\/li>\n<\/ol>\n<p>Navigando sul sito equityderivatives.natixis.com, un o pi\u00f9 &#8220;Cookie&#8221; possono essere inseriti nel suo computer, cellulare o tablet. <\/p>\n<p><strong>Cos&#8217;\u00e8 un Cookie? :<\/strong> Un &#8220;Cookie&#8221; \u00e8 un piccolo file di testo salvato sull&#8217;hard disk del computer quando si visita un sito o si consulta una pubblicit\u00e0. Viene gestito dal browser. Ha lo scopo di raccogliere informazioni relative alla navigazione nei siti, inviare all&#8217;utente servizi personalizzati, ma non pu\u00f2 essere usato per recuperare dati dall&#8217;hard disk, installare virus o procurarsi informazioni personali. <\/p>\n<p><strong>I Cookie utilizzati sul sito equityderivatives.natixis.com<\/strong> <\/p>\n<p>Il sito equityderivatives.natixis.com usa solo i Cookie strettamente necessari o che facilitano la comunicazione online. Permettono all&#8217;utente di usare le principali funzionalit\u00e0 del sito (ad esempio: Cookie di sessione o di gestione della lingua). Essi registrano delle informazioni relative alla navigazione sul sito equityderivatives.natixis.com effettuata a partire dal computer sul quale viene archiviato il Cookie e vengono conservati non oltre 13 mesi. Questi Cookie non hanno il fine d&#8217;identificare i soggetti collegati. Natixis s&#8217;impegna a usare le informazioni raccolte dai Cookie solo con finalit\u00e0 di funzionamento. <\/p>\n<p><strong>Controllare ed eliminare i cookie:<\/strong> Se si desidera modificare il modo d&#8217;uso dei Cookie di un browser o disattivarli in qualsiasi momento, \u00e8 possibile modificare i parametri del proprio browser <\/p>\n<p>La maggior parte dei browser permettono di accettare o rifiutare tutti i Cookie, di accettare solo quelli di alcuni tipi o di chiederlo ogni volta che un sito desideri salvare un Cookie e permette anche di cancellare i Cookie salvati sul computer. <\/p>\n<p>Al fine di gestire i Cookie al meglio rispetto alle sue aspettative, la invitiamo a definire le impostazioni del browser in funzione della sua configurazione per controllare o impedire il salvataggio dei Cookie:<\/p>\n<ul>\n<li><strong>Per Internet Explorer<sup>\u2122<\/sup>:<\/strong> Men\u00f9 Strumenti &gt; Opzioni Internet &gt; Privacy\n<p>(Vedi <a href=\"https:\/\/support.microsoft.com\/it-it\/help\/17442\/windows-internet-explorer-delete-manage-cookies\">https:\/\/support.microsoft.com\/it-it\/help\/17442\/windows-internet-explorer-delete-manage-cookies<\/a>)<\/li>\n<li><strong>Per Safari<sup>\u2122<\/sup>:<\/strong> Men\u00f9 Safari &gt; Preferenze &gt; Privacy\n<p>(Vedi <a href=\"https:\/\/support.apple.com\/kb\/PH17191?locale=en_GB&amp;viewlocale=it_IT\">https:\/\/support.apple.com\/kb\/PH17191?locale=en_GB&amp;viewlocale=it_IT<\/a>)<\/li>\n<li><strong>Per Chrome<sup>\u2122<\/sup>:<\/strong> Men\u00f9 Chrome (strumenti) &gt; Impostazioni &gt; Impostazioni avanzate &gt; Privacy &gt; Impostazioni sui contenuti &gt; Cookie\n<p>(Vedi <a href=\"https:\/\/support.google.com\/chrome\/answer\/114662?hl=it\">https:\/\/support.google.com\/chrome\/answer\/114662?hl=it<\/a>)<\/li>\n<li><strong>Per Firefox<sup>\u2122<\/sup>:<\/strong> Men\u00f9 Strumenti &gt; Opzioni &gt; Privacy &gt; Cronologia &gt; Cookie\n<p>(Vedi <a href=\"https:\/\/support.mozilla.org\/it\/kb\/Attivare%20e%20disattivare%20i%20cookie\">https:\/\/support.mozilla.org\/it\/kb\/Attivare%20e%20disattivare%20i%20cookie<\/a>)<\/li>\n<li><strong>Per Opera<sup>\u2122<\/sup>:<\/strong> Preferenze &gt; Avanzate &gt; Cookie\n<p>(Vedi <a href=\"http:\/\/help.opera.com\/Windows\/10.20\/it\/cookies.html\">http:\/\/help.opera.com\/Windows\/10.20\/it\/cookies.html<\/a>)<\/li>\n<li><strong>Maggiori informazioni sui Cookie:<\/strong> Sul sito della CNIL:\n<p><a href=\"http:\/\/www.cnil.fr\/vos-droits\/vos-traces\/les-cookies\/\">http:\/\/www.cnil.fr\/vos-droits\/vos-traces\/les-cookies\/<\/a><\/li>\n<\/ul>\n<p>&nbsp;<\/p>\n<ol start=\"6\">\n<li><strong> Propriet\u00e0 intellettuale \u2013 Copyright<\/strong><\/li>\n<\/ol>\n<p>Il presente sito internet costituisce un&#8217;opera protetta in Francia dal Code de la Propri\u00e9t\u00e9 Intellectuelle e all&#8217;estero dalle convenzioni internazionali in vigore sul diritto d&#8217;autore. La riproduzione di tutto o parte del sito, con qualsiasi mezzo, \u00e8 formalmente vietata, salvo autorizzazione esplicita del direttore editoriale. La violazione di uno dei diritti d&#8217;autore dell&#8217;opera \u00e8 un reato di contraffazione passibile, ai sensi dell\u2019articolo L. 335-2 del Code de la Propri\u00e9t\u00e9 Intellectuelle, di tre anni di prigione e 300.000 euro di multa. <br \/>\nLe marche citate su questo sito sono depositate da NATIXIS che ne \u00e8 il proprietario o detiene un diritto in tal senso da parte degli aventi diritto. Qualsiasi riproduzione o imitazione totale o parziale delle marche e\/o dei loghi \u00e8 vietata senza previo assenso di NATIXIS o dei loro aventi diritto, conformemente agli articoli L713-2 e L 713-3 del Code de la Propri\u00e9t\u00e9 Intellectuelle. Lo stesso vale per i database presenti all&#8217;interno del sito, il cui contenuto sia protetto segnatamente dalle disposizioni della legge del 1\u00b0 luglio 1998 in materia di protezione giuridica dei database. La violazione di questo diritto costituisce una contraffazione e pu\u00f2 portare a procedimenti giudiziari, sia civili che penali.<\/p>\n<ol start=\"7\">\n<li><strong> Link e virus<\/strong><\/li>\n<\/ol>\n<p>I link eventualmente creati nell&#8217;ambito del sito verso altri siti presenti sulla rete Internet non comporteranno la responsabilit\u00e0 di NATIXIS. <\/p>\n<p>Inoltre, gli utenti e i visitatori del sito NATIXIS potranno creare un link verso il presente sito esclusivamente previa esplicita autorizzazione di NATIXIS. <\/p>\n<p>In via generale, spetta all&#8217;utente adottare le misure necessarie al fine di assicurarsi che il sito selezionato non sia attaccato da virus o da altri elementi di natura distruttiva. NATIXIS non potr\u00e0 in alcun caso essere ritenuta responsabile dei danni diretti o indiretti derivanti dall&#8217;utilizzo del proprio sito internet o di altri siti correlati.<\/p>\n","protected":false},"excerpt":{"rendered":"<p>&nbsp; &nbsp; Lei \u00e8 attualmente connesso al sito &#8220;equityderivatives.natixis.com&#8221;, di propriet\u00e0 esclusiva di NATIXIS. Denominazione sociale NATIXIS &#8211; Soci\u00e9t\u00e9 anonyme con capitale di 5.021.289.259,20 euro, n. d&#8217;iscrizione 542 044 524 RCS Paris Sede legale: \u00a07, promenade Germaine Sablon &#8211; 75013 Parigi Tel. 0158323000 Iscrizione R.C.S di Parigi con n. SIREN: 542 044 524 Numero individuale [&hellip;]<\/p>\n","protected":false},"author":7,"featured_media":0,"parent":0,"menu_order":52,"comment_status":"closed","ping_status":"closed","template":"","meta":{"_acf_changed":false,"footnotes":""},"class_list":["post-911","page","type-page","status-publish","hentry"],"acf":[],"yoast_head":"<!-- This site is optimized with the Yoast SEO plugin v24.8.1 - https:\/\/yoast.com\/wordpress\/plugins\/seo\/ -->\n<title>Mentions l\u00e9gales et cr\u00e9dits | Natixis Equity Derivatives<\/title>\n<meta name=\"robots\" content=\"index, follow, max-snippet:-1, max-image-preview:large, max-video-preview:-1\" \/>\n<link rel=\"canonical\" href=\"https:\/\/equityderivatives.natixis.com\/it-ch\/avvisi-legali\/\" \/>\n<meta property=\"og:locale\" content=\"it_IT\" \/>\n<meta property=\"og:type\" content=\"article\" \/>\n<meta property=\"og:title\" content=\"Mentions l\u00e9gales et cr\u00e9dits | Natixis Equity Derivatives\" \/>\n<meta property=\"og:description\" content=\"&nbsp; &nbsp; Lei \u00e8 attualmente connesso al sito &#8220;equityderivatives.natixis.com&#8221;, di propriet\u00e0 esclusiva di NATIXIS. Denominazione sociale NATIXIS &#8211; Soci\u00e9t\u00e9 anonyme con capitale di 5.021.289.259,20 euro, n. d&#8217;iscrizione 542 044 524 RCS Paris Sede legale: \u00a07, promenade Germaine Sablon &#8211; 75013 Parigi Tel. 0158323000 Iscrizione R.C.S di Parigi con n. SIREN: 542 044 524 Numero individuale [&hellip;]\" \/>\n<meta property=\"og:url\" content=\"https:\/\/equityderivatives.natixis.com\/it-ch\/avvisi-legali\/\" \/>\n<meta property=\"og:site_name\" content=\"Natixis Equity Derivatives\" \/>\n<meta property=\"article:modified_time\" content=\"2026-03-12T16:08:04+00:00\" \/>\n<meta name=\"twitter:card\" content=\"summary_large_image\" \/>\n<meta name=\"twitter:title\" content=\"Mentions l\u00e9gales et cr\u00e9dits | Natixis Equity Derivatives Solutions\" \/>\n<meta name=\"twitter:label1\" content=\"Est. reading time\" \/>\n\t<meta name=\"twitter:data1\" content=\"10 minutes\" \/>\n<script type=\"application\/ld+json\" class=\"yoast-schema-graph\">{\"@context\":\"https:\/\/schema.org\",\"@graph\":[{\"@type\":\"WebPage\",\"@id\":\"https:\/\/equityderivatives.natixis.com\/it-ch\/avvisi-legali\/\",\"url\":\"https:\/\/equityderivatives.natixis.com\/it-ch\/avvisi-legali\/\",\"name\":\"Mentions l\u00e9gales et cr\u00e9dits | Natixis Equity Derivatives\",\"isPartOf\":{\"@id\":\"https:\/\/equityderivatives.natixis.com\/it-ch\/#website\"},\"datePublished\":\"2017-12-21T20:43:06+00:00\",\"dateModified\":\"2026-03-12T16:08:04+00:00\",\"breadcrumb\":{\"@id\":\"https:\/\/equityderivatives.natixis.com\/it-ch\/avvisi-legali\/#breadcrumb\"},\"inLanguage\":\"it-CH\",\"potentialAction\":[{\"@type\":\"ReadAction\",\"target\":[\"https:\/\/equityderivatives.natixis.com\/it-ch\/avvisi-legali\/\"]}]},{\"@type\":\"BreadcrumbList\",\"@id\":\"https:\/\/equityderivatives.natixis.com\/it-ch\/avvisi-legali\/#breadcrumb\",\"itemListElement\":[{\"@type\":\"ListItem\",\"position\":1,\"name\":\"Home\",\"item\":\"https:\/\/equityderivatives.natixis.com\/it-ch\/\"},{\"@type\":\"ListItem\",\"position\":2,\"name\":\"Avvisi legali\"}]},{\"@type\":\"WebSite\",\"@id\":\"https:\/\/equityderivatives.natixis.com\/it-ch\/#website\",\"url\":\"https:\/\/equityderivatives.natixis.com\/it-ch\/\",\"name\":\"Natixis Equity Derivatives\",\"description\":\"\",\"potentialAction\":[{\"@type\":\"SearchAction\",\"target\":{\"@type\":\"EntryPoint\",\"urlTemplate\":\"https:\/\/equityderivatives.natixis.com\/it-ch\/?s={search_term_string}\"},\"query-input\":{\"@type\":\"PropertyValueSpecification\",\"valueRequired\":true,\"valueName\":\"search_term_string\"}}],\"inLanguage\":\"it-CH\"}]}<\/script>\n<!-- \/ Yoast SEO plugin. -->","yoast_head_json":{"title":"Mentions l\u00e9gales et cr\u00e9dits | Natixis Equity Derivatives","robots":{"index":"index","follow":"follow","max-snippet":"max-snippet:-1","max-image-preview":"max-image-preview:large","max-video-preview":"max-video-preview:-1"},"canonical":"https:\/\/equityderivatives.natixis.com\/it-ch\/avvisi-legali\/","og_locale":"it_IT","og_type":"article","og_title":"Mentions l\u00e9gales et cr\u00e9dits | Natixis Equity Derivatives","og_description":"&nbsp; &nbsp; Lei \u00e8 attualmente connesso al sito &#8220;equityderivatives.natixis.com&#8221;, di propriet\u00e0 esclusiva di NATIXIS. Denominazione sociale NATIXIS &#8211; Soci\u00e9t\u00e9 anonyme con capitale di 5.021.289.259,20 euro, n. d&#8217;iscrizione 542 044 524 RCS Paris Sede legale: \u00a07, promenade Germaine Sablon &#8211; 75013 Parigi Tel. 0158323000 Iscrizione R.C.S di Parigi con n. SIREN: 542 044 524 Numero individuale [&hellip;]","og_url":"https:\/\/equityderivatives.natixis.com\/it-ch\/avvisi-legali\/","og_site_name":"Natixis Equity Derivatives","article_modified_time":"2026-03-12T16:08:04+00:00","twitter_card":"summary_large_image","twitter_title":"Mentions l\u00e9gales et cr\u00e9dits | Natixis Equity Derivatives Solutions","twitter_misc":{"Est. reading time":"10 minutes"},"schema":{"@context":"https:\/\/schema.org","@graph":[{"@type":"WebPage","@id":"https:\/\/equityderivatives.natixis.com\/it-ch\/avvisi-legali\/","url":"https:\/\/equityderivatives.natixis.com\/it-ch\/avvisi-legali\/","name":"Mentions l\u00e9gales et cr\u00e9dits | Natixis Equity Derivatives","isPartOf":{"@id":"https:\/\/equityderivatives.natixis.com\/it-ch\/#website"},"datePublished":"2017-12-21T20:43:06+00:00","dateModified":"2026-03-12T16:08:04+00:00","breadcrumb":{"@id":"https:\/\/equityderivatives.natixis.com\/it-ch\/avvisi-legali\/#breadcrumb"},"inLanguage":"it-CH","potentialAction":[{"@type":"ReadAction","target":["https:\/\/equityderivatives.natixis.com\/it-ch\/avvisi-legali\/"]}]},{"@type":"BreadcrumbList","@id":"https:\/\/equityderivatives.natixis.com\/it-ch\/avvisi-legali\/#breadcrumb","itemListElement":[{"@type":"ListItem","position":1,"name":"Home","item":"https:\/\/equityderivatives.natixis.com\/it-ch\/"},{"@type":"ListItem","position":2,"name":"Avvisi legali"}]},{"@type":"WebSite","@id":"https:\/\/equityderivatives.natixis.com\/it-ch\/#website","url":"https:\/\/equityderivatives.natixis.com\/it-ch\/","name":"Natixis Equity Derivatives","description":"","potentialAction":[{"@type":"SearchAction","target":{"@type":"EntryPoint","urlTemplate":"https:\/\/equityderivatives.natixis.com\/it-ch\/?s={search_term_string}"},"query-input":{"@type":"PropertyValueSpecification","valueRequired":true,"valueName":"search_term_string"}}],"inLanguage":"it-CH"}]}},"_links":{"self":[{"href":"https:\/\/equityderivatives.natixis.com\/it-ch\/wp-json\/wp\/v2\/pages\/911","targetHints":{"allow":["GET"]}}],"collection":[{"href":"https:\/\/equityderivatives.natixis.com\/it-ch\/wp-json\/wp\/v2\/pages"}],"about":[{"href":"https:\/\/equityderivatives.natixis.com\/it-ch\/wp-json\/wp\/v2\/types\/page"}],"author":[{"embeddable":true,"href":"https:\/\/equityderivatives.natixis.com\/it-ch\/wp-json\/wp\/v2\/users\/7"}],"replies":[{"embeddable":true,"href":"https:\/\/equityderivatives.natixis.com\/it-ch\/wp-json\/wp\/v2\/comments?post=911"}],"version-history":[{"count":3,"href":"https:\/\/equityderivatives.natixis.com\/it-ch\/wp-json\/wp\/v2\/pages\/911\/revisions"}],"predecessor-version":[{"id":105695,"href":"https:\/\/equityderivatives.natixis.com\/it-ch\/wp-json\/wp\/v2\/pages\/911\/revisions\/105695"}],"wp:attachment":[{"href":"https:\/\/equityderivatives.natixis.com\/it-ch\/wp-json\/wp\/v2\/media?parent=911"}],"curies":[{"name":"wp","href":"https:\/\/api.w.org\/{rel}","templated":true}]}}