{"id":904,"date":"2018-02-13T15:44:24","date_gmt":"2018-02-13T14:44:24","guid":{"rendered":"https:\/\/equityderivatives.natixis.com\/disclaimer\/"},"modified":"2026-03-13T18:21:42","modified_gmt":"2026-03-13T17:21:42","slug":"disclaimer","status":"publish","type":"page","link":"https:\/\/equityderivatives.natixis.com\/it-ch\/disclaimer\/","title":{"rendered":"Termini Di Utilizzo"},"content":{"rendered":"<p style=\"margin-left: 18pt; background: white none repeat scroll 0% 0%; text-align: center;\"><span lang=\"IT\" style=\"color: #222222;\">Confermando questo passaggio, riconosco esplicitamente e confermo di non essere una <a href=\"https:\/\/equityderivatives.natixis.com\/app\/uploads\/2018\/04\/Regulation-S-of-the-securities-act-of-1933.pdf\" target=\"_blank\" rel=\"noopener\">US Person<\/a> (ai sensi del Regolamento S dell&#8217;U.S. Securities Act del 1933, e modifiche successive) e di non agire per conto o a vantaggio di una <a href=\"https:\/\/equityderivatives.natixis.com\/app\/uploads\/2018\/04\/Regulation-S-of-the-securities-act-of-1933.pdf\" target=\"_blank\" rel=\"noopener\">US Person<\/a><\/span><span lang=\"IT\" style=\"color: #222222;\">. Riconosco anche che questo sito non \u00e8 destinato agli investitori privati residenti in Gran Bretagna.<\/span><strong><span lang=\"IT\" style=\"color: #222222;\"> <br \/>\nNon sono una <a href=\"https:\/\/equityderivatives.natixis.com\/app\/uploads\/2018\/04\/Regulation-S-of-the-securities-act-of-1933.pdf\" target=\"_blank\" rel=\"noopener\">US Person<\/a>.<\/span><\/strong><\/p>\n<p style=\"margin-left: 18pt; background: white none repeat scroll 0% 0%; text-align: center;\"><span lang=\"IT\" style=\"color: #222222;\">Si prega di leggere attentamente le seguenti avvertenze.<\/span><\/p>\n<p style=\"margin-left: 18pt; background: white none repeat scroll 0% 0%; text-align: center;\"><span lang=\"IT\" style=\"color: #222222;\">L\u2019obiettivo di questa pagina \u00e8 di fornire ai visitatori delle avvertenze legali relative al sito internet <\/span><span lang=\"IT\"><a href=\"http:\/\/equityderivatives.natixis.com\/\" target=\"_blank\" rel=\"noopener\"><span style=\"color: #1155cc;\">https:\/\/equityderivatives.natixis.com<\/span><\/a><span style=\"color: #222222;\">\u00a0e al suo utilizzo. Visitando questo Sito internet, si conferma di aver letto e accettato i termini e le condizioni di cui sotto. Altrimenti, si invitano gli utenti a non usare questo Sito internet e a uscirne immediatamente.<\/span><\/span><\/p>\n<p style=\"margin-left: 18pt; background: white none repeat scroll 0% 0%; text-align: center;\"><strong><span lang=\"IT\" style=\"color: #222222;\">SPETTA AI SOGGETTI INTERESSATI VERIFICARE LE INFORMAZIONI PUBBLICATE E FARNE UN USO APPROPRIATO.<\/span><\/strong><\/p>\n<p><!--more--><\/p>\n<p style=\"margin-left: 18.0pt; background: white;\"><span style=\"font-size: 12pt;\"><strong><span lang=\"IT\" style=\"color: #222222;\">1.Obiettivo del sito internet<\/span><\/strong><\/span><\/p>\n<p style=\"margin-left: 18.0pt; background: white;\"><span lang=\"IT\" style=\"color: #222222;\">Le informazioni e le opinioni contenute in questo Sito internet sono a titolo esclusivamente informativo. Nulla in questo Sito internet pu\u00f2 essere considerato approccio commerciale, sollecitazione, offerta o impegno da parte di Natixis a realizzare una transazione alle condizioni ivi descritte o ad altre condizioni, una base per un contratto di qualunque genere o una consulenza giuridica, fiscale o di altro genere, o ancora un invito a concludere una transazione.<\/span><\/p>\n<p style=\"margin-left: 18.0pt; background: white;\"><span lang=\"IT\" style=\"color: #222222;\">Tutte le informazioni riportate su questo Sito internet sono date a titolo indicativo e costituiscono una presentazione di prodotti, servizi, studi e analisi concepiti e realizzati da Natixis. Spetta ai soggetti interessati verificare le informazioni pubblicate e farne un uso appropriato. Natixis declina qualsivoglia responsabilit\u00e0 relativa all&#8217;utilizzo delle informazioni fornite sul Sito internet. Questo Sito internet non considera gli obiettivi d&#8217;investimento individuali, la situazione finanziaria o i bisogni specifici di alcun utente individualmente. Spetta ai soggetti interessati verificare le informazioni pubblicate e farne un uso appropriato. Natixis declina qualsivoglia responsabilit\u00e0 relativa all&#8217;utilizzo delle informazioni fornite sul Sito internet.<\/span><\/p>\n<p style=\"margin-left: 18.0pt; background: white;\"><strong><span lang=\"IT\" style=\"color: #222222;\">2. Informazioni relative ai prodotti finanziari e agli indici<\/span><\/strong><span lang=\"IT\" style=\"color: #222222;\"><br \/>\nI prodotti finanziari e gli indici descritti su questo Sito internet possono non essere strumenti d&#8217;investimento adeguati per tutti gli investitori. L&#8217;accesso ai prodotti finanziari e agli indici descritti all&#8217;interno del presente Sito internet potr\u00e0 essere oggetto di limitazioni rispetto a taluni soggetti o in taluni paesi. I prodotti finanziari e gli indici ivi presentati non verranno forniti da Natixis ai soggetti nel cui paese d&#8217;origine o di pertinenza se ci\u00f2 risulti contrario alla legge. L&#8217;utente \u00e8 pregato di assicurarsi di essere legalmente autorizzato a connettersi al presente Sito internet nel paese a partire dal quale viene effettuata la connessione. Inoltre, l\u2019acquisto di questi prodotti finanziari e indici pu\u00f2 comportare dei rischi. I potenziali investitori devono essere coscienti del fatto che il valore di tali prodotti finanziari e indici pu\u00f2 scendere e addirittura annullarsi, portando quindi alla perdita di tutto l&#8217;investimento iniziale. Le informazioni sui rendimenti di prodotti finanziari e indici si riferiscono sempre al passato. L&#8217;andamento storico non costituisce una base di previsione dei rendimenti e dell&#8217;andamento futuri del prodotto finanziario o dell&#8217;indice interessato. Inoltre, l&#8217;andamento storico non costituisce in alcun caso una garanzia dei rendimenti futuri. I valori e i prezzi disponibili su questo Sito internet di riferiscono a prodotti finanziari specifici ed essi o i loro sottostanti possono non riflettere il valore o il prezzo disponibile sul mercato al momento in cui l&#8217;utente si appresta ad acquistare o vendere un certo prodotto finanziario o una valuta. I valori e i prezzi disponibili in questo Sito internet non tengono conto dell&#8217;importo delle transazioni. Perci\u00f2, l&#8217;importo di una transazione pu\u00f2 comportare una differenza di valore e di prezzo. In nessun caso Natixis offre una garanzia a) che i prodotti finanziari e gli indici presentati su questo Sito internet siano adeguati per gli investitori; b) sugli effetti contabili o fiscali di un investimento in tali prodotti finanziari e indici; c) sul rendimento futuro degli stessi; d) sulla tempestivit\u00e0 delle comunicazioni agli utenti di questo Sito internet e sull&#8217;esattezza delle stesse nel momento in cui vengono raggiunti i limiti indicati. Gli investitori dovrebbero considerare tutti i rischi d&#8217;investire in tali prodotti finanziari e indici e dovrebbero consultare (nella misura in cui sia necessario) dei consulenti finanziari indipendenti e dei consulenti giuridici, contabili e fiscali per qualsiasi investimento. L&#8217;accesso a questo Sito internet o alle informazioni ivi disponibili da parte degli utenti non implica che essi diventino clienti di Natixis. Inoltre, Natixis non si assume alcun obbligo o responsabilit\u00e0 verso gli utenti di questo Sito internet: si fa notare soprattutto che non viene concluso alcun accorso sulla trasmissione di informazioni tra Natixis e l&#8217;utente. Natixis si impegna a garantire l&#8217;esattezza e l&#8217;aggiornamento delle informazioni pubblicate sul questo Sito internet, di cui essa si riserva la facolt\u00e0 di correggere il contenuto in qualsivoglia momento e senza alcun preavviso. Le informazioni contenute in questo Sito internet realizzato da Natixis sono state ottenute da fonti ritenute affidabili. Essa non potr\u00e0 tuttavia garantirne la completezza, l&#8217;esattezza o l&#8217;assenza di modifiche da parte di terzi (virus, intrusione). Inoltre, essa declina qualsivoglia responsabilit\u00e0 in caso di errori od omissioni all&#8217;interno delle suddette informazioni. I dati contenuti in questo Sito internet sono presentati alla data indicata e Natixis non fornisce alcuna garanzia, esplicita o implicita, a titolo esemplificativo ma non esaustivo, circa il fatto che il Sito internet sia in ogni momento conforme alle attese degli aventi diritto, n\u00e9 garantisce che lo stesso sia privo di interruzioni, opportuno, sicuro o privo di errori, n\u00e9 che i risultati che possano essere ottenuti mediante l&#8217;utilizzo del Sito internet siano in ogni momento esatti e affidabili. Le performance precedenti non pregiudicano necessariamente le performance future. Tutte le indicazioni di prezzo presentate comportano un ritardo temporale e sono destinate esclusivamente a uso privato. Spetta a ogni utente di questo Sito di verificare la validit\u00e0 e\/o l&#8217;attualit\u00e0 dei dati diffusi. Natixis declina qualsivoglia responsabilit\u00e0 relativa all&#8217;esattezza, la completezza o l&#8217;adeguatezza delle informazioni e delle opinioni fornite sul Sito internet e delle conseguenze che potrebbero comportare. Inoltre, Natixis non pu\u00f2 essere considerata responsabile di eventuali errori tipografici o materiali eventualmente presenti di questo sito.<\/span><\/p>\n<p style=\"margin-left: 18.0pt; background: white;\"><strong><span lang=\"IT\" style=\"color: #222222;\">3. Modifica delle condizioni di utilizzo\u00a0<\/span><\/strong><span lang=\"IT\" style=\"color: #222222;\"><br \/>\nNatixis si riserva la possibilit\u00e0 di modificare o far modificare, in qualsiasi momento e senza preavviso, il contenuto di questo Sito internet o le presenti condizioni di utilizzo. Tali modifiche entreranno in vigore alla messa online sul Sito internet. Gli utenti perci\u00f2 sono invitati a consultare la versione sempre online del Sito. La presenza dell\u2019utente sul Sito implica la sua piena accettazione di qualsiasi revisione o modifica.<\/span><\/p>\n<p style=\"margin-left: 18.0pt; background: white;\"><strong><span lang=\"IT\" style=\"color: #222222;\">4. Disponibilit\u00e0 del Sito internet\u00a0<\/span><\/strong><span lang=\"IT\" style=\"color: #222222;\"><br \/>\nL\u2019accesso al Sito internet \u00e8 gratuito. I costi di accesso e utilizzo della rete di telecomunicazione sono a carico dell&#8217;utente, secondo le modalit\u00e0 definite dai fornitori di accesso e dagli operatori di telecomunicazioni. Natixis si assicurer\u00e0 di rendere sempre disponibile il sito. Tuttavia, Natixis declina ogni responsabilit\u00e0 e non sar\u00e0 tenuta ad alcun indennizzo in caso d&#8217;interruzione del funzionamento o d&#8217;indisponibilit\u00e0 temporanea, prolungata o definitiva del Sito internet per qualsiasi ragione.<\/span><\/p>\n<p style=\"margin-left: 18.0pt; background: white;\"><strong><span lang=\"IT\" style=\"color: #222222;\">5. Link d&#8217;ipertesto\u00a0<\/span><\/strong><span lang=\"IT\" style=\"color: #222222;\"><br \/>\nQuesto Sito pu\u00f2 contenere link a altri siti internet di terzi e quindi permettere l&#8217;accesso a informazioni esterne prodotte e fornite da terzi indipendenti da Natixis. Natixis non ha legami o influenza su questi siti internet e fa riferimento agli stessi solo per fornire informazioni sulla localizzazione e sul contenuto di questi siti. La pubblicazioni di tali link da parte di Natixis non costituisce sollecitazione, autorizzazione, promozione o partecipazione di Natixis rispetto a tali siti, ai loro proprietari o ai loro responsabili. Natixis non ha verificato le informazioni, i programmi o i prodotti dei siti internet di terzi. Perci\u00f2, Natixis non \u00e8 responsabile del contenuto di tali siti internet. I proprietari o i soggetti che gestiscono tali siti ne sono i responsabili. Tali soggetti si assumono la responsabilit\u00e0 del contenuto dei loro rispettivi siti. Natixis eliminer\u00e0 immediatamente i link ai siti internet per i quali avr\u00e0 constatato delle infrazioni. Natixis non \u00e8 responsabile di perdite dovute all&#8217;uso delle informazioni disponibili. In via generale, spetta all&#8217;utente adottare le misure necessarie al fine di assicurarsi che il Sito internet selezionato non sia attaccato da virus o da altri elementi di natura distruttiva. Natixis non potr\u00e0 in alcun caso essere ritenuta responsabile dei danni diretti o indiretti derivanti dall&#8217;utilizzo del proprio Sito internet o di altri siti correlati.<\/span><\/p>\n<p style=\"margin-left: 18.0pt; background: white;\"><strong><span lang=\"IT\" style=\"color: #222222;\">6. Propriet\u00e0 intellettuale<\/span><\/strong><span lang=\"IT\" style=\"color: #222222;\"><br \/>\nIl presente Sito internet costituisce un&#8217;opera protetta in Francia dal Code de la Propri\u00e9t\u00e9 Intellectuelle e all&#8217;estero dalle convenzioni internazionali in vigore sul diritto d&#8217;autore. La riproduzione di tutto o parte del sito, con qualsiasi mezzo, \u00e8 formalmente vietata, salvo autorizzazione esplicita di Natixis. La violazione di uno dei diritti d&#8217;autore dell&#8217;opera \u00e8 un reato di contraffazione passibile, ai sensi dell\u2019articolo L. 335-2 del Code de la Propri\u00e9t\u00e9 Intellectuelle, di cinque anni di prigione e 500.000 euro di multa. Natixis \u00e8 il titolare dei diritti, di tutti gli elementi contenuti in questo Sito, nelle sue pagine internet e in tutte le informazioni ivi pubblicate. Il contenuto del Sito gode della protezione stabilita dal Code de la Propri\u00e9t\u00e9 Intellectuelle. Perci\u00f2, \u00e8 vietato agli utenti di questo Sito riprodurre (in tutto o in parte), cedere, modificare o usare in qualunque modo, a titolo gratuito od oneroso, il contenuto del Sito senza previa autorizzazione scritta del Direttore editoriale. Inoltre, la creazione di link verso questo Sito internet deve ricevere il previo assenso esplicito di Natixis.<\/span><\/p>\n<p style=\"margin-left: 18.0pt; background: white;\"><strong><span lang=\"IT\" style=\"color: #222222;\">7. Cookie\u00a0<\/span><\/strong><span lang=\"IT\" style=\"color: #222222;\"><br \/>\nLink d&#8217;ipertesto: i link eventualmente creati verso altri siti presenti su Natixis.com non comporteranno in alcun caso la responsabilit\u00e0 di Natixis. Natixis declina ogni responsabilit\u00e0 sul contenuto o sugli eventuali danni derivanti dalla visita dei siti verso cui portano i link presenti sul Sito. L&#8217;utente visita gli altri siti sotto la propria responsabilit\u00e0 e a suo rischio. Cookie: l\u2019utente \u00e8 informato del fatto che durante la visita del sito, un cookie pu\u00f2 installarsi automaticamente ed essere conservato temporaneamente in memoria o sul suo hard disk. Un cookie \u00e8 un elemento che non consente d&#8217;identificare l&#8217;utente ma serve a registrare informazioni sulla navigazione dello stesso sul sito internet. Essi possono disattivare questo cookie tramite le impostazioni all&#8217;interno del programma di navigazione (browser).<\/span><\/p>\n<p style=\"margin-left: 18.0pt; background: white;\"><strong><span lang=\"IT\" style=\"color: #222222;\">8. Protezione dei dati personali<\/span><\/strong><span lang=\"IT\" style=\"color: #222222;\"><br \/>\nSi fa notare che la segretezza delle corrispondenze non \u00e8 garantita sulla rete e che spetta a ogni utente di internet adottare tutte le opportune misure per proteggere i propri dati e\/o programmi dalla contaminazione di eventuali virus che circolano sulla rete. Si ricorda che il fatto di accedere o d&#8217;inserirsi in modo fraudolento in un sistema informatico, di ostacolarne o alterarne il funzionamento, d\u2019introdurre o modificare in modo fraudolento dei dati al suo interno costituisce un reato passibile di sanzioni penali.<\/span><\/p>\n","protected":false},"excerpt":{"rendered":"<p>Confermando questo passaggio, riconosco esplicitamente e confermo di non essere una US Person (ai sensi del Regolamento S dell&#8217;U.S. Securities Act del 1933, e modifiche successive) e di non agire per conto o a vantaggio di una US Person. Riconosco anche che questo sito non \u00e8 destinato agli investitori privati residenti in Gran Bretagna. Non [&hellip;]<\/p>\n","protected":false},"author":7,"featured_media":0,"parent":0,"menu_order":54,"comment_status":"closed","ping_status":"closed","template":"page-templates\/template-disclaimer.php","meta":{"_acf_changed":false,"footnotes":""},"class_list":["post-904","page","type-page","status-publish","hentry"],"acf":[],"yoast_head":"<!-- This site is optimized with the Yoast SEO plugin v24.8.1 - https:\/\/yoast.com\/wordpress\/plugins\/seo\/ -->\n<title>Conditions g\u00e9n\u00e9rales d\u2019utilisation | Natixis Equity Derivatives<\/title>\n<meta name=\"robots\" content=\"index, follow, max-snippet:-1, max-image-preview:large, max-video-preview:-1\" \/>\n<link rel=\"canonical\" href=\"https:\/\/equityderivatives.natixis.com\/it-ch\/disclaimer\/\" \/>\n<meta property=\"og:locale\" content=\"it_IT\" \/>\n<meta property=\"og:type\" content=\"article\" \/>\n<meta property=\"og:title\" content=\"Conditions g\u00e9n\u00e9rales d\u2019utilisation | Natixis Equity Derivatives\" \/>\n<meta property=\"og:description\" content=\"Confermando questo passaggio, riconosco esplicitamente e confermo di non essere una US Person (ai sensi del Regolamento S dell&#8217;U.S. Securities Act del 1933, e modifiche successive) e di non agire per conto o a vantaggio di una US Person. Riconosco anche che questo sito non \u00e8 destinato agli investitori privati residenti in Gran Bretagna. Non [&hellip;]\" \/>\n<meta property=\"og:url\" content=\"https:\/\/equityderivatives.natixis.com\/it-ch\/disclaimer\/\" \/>\n<meta property=\"og:site_name\" content=\"Natixis Equity Derivatives\" \/>\n<meta property=\"article:modified_time\" content=\"2026-03-13T17:21:42+00:00\" \/>\n<meta name=\"twitter:card\" content=\"summary_large_image\" \/>\n<meta name=\"twitter:title\" content=\"Conditions g\u00e9n\u00e9rales d\u2019utilisation | Natixis Equity Derivatives Solutions\" \/>\n<meta name=\"twitter:label1\" content=\"Est. reading time\" \/>\n\t<meta name=\"twitter:data1\" content=\"10 minutes\" \/>\n<script type=\"application\/ld+json\" class=\"yoast-schema-graph\">{\"@context\":\"https:\/\/schema.org\",\"@graph\":[{\"@type\":\"WebPage\",\"@id\":\"https:\/\/equityderivatives.natixis.com\/it-ch\/disclaimer\/\",\"url\":\"https:\/\/equityderivatives.natixis.com\/it-ch\/disclaimer\/\",\"name\":\"Conditions g\u00e9n\u00e9rales d\u2019utilisation | Natixis Equity Derivatives\",\"isPartOf\":{\"@id\":\"https:\/\/equityderivatives.natixis.com\/it-ch\/#website\"},\"datePublished\":\"2018-02-13T14:44:24+00:00\",\"dateModified\":\"2026-03-13T17:21:42+00:00\",\"breadcrumb\":{\"@id\":\"https:\/\/equityderivatives.natixis.com\/it-ch\/disclaimer\/#breadcrumb\"},\"inLanguage\":\"it-CH\",\"potentialAction\":[{\"@type\":\"ReadAction\",\"target\":[\"https:\/\/equityderivatives.natixis.com\/it-ch\/disclaimer\/\"]}]},{\"@type\":\"BreadcrumbList\",\"@id\":\"https:\/\/equityderivatives.natixis.com\/it-ch\/disclaimer\/#breadcrumb\",\"itemListElement\":[{\"@type\":\"ListItem\",\"position\":1,\"name\":\"Home\",\"item\":\"https:\/\/equityderivatives.natixis.com\/it-ch\/\"},{\"@type\":\"ListItem\",\"position\":2,\"name\":\"Termini Di Utilizzo\"}]},{\"@type\":\"WebSite\",\"@id\":\"https:\/\/equityderivatives.natixis.com\/it-ch\/#website\",\"url\":\"https:\/\/equityderivatives.natixis.com\/it-ch\/\",\"name\":\"Natixis Equity Derivatives\",\"description\":\"\",\"potentialAction\":[{\"@type\":\"SearchAction\",\"target\":{\"@type\":\"EntryPoint\",\"urlTemplate\":\"https:\/\/equityderivatives.natixis.com\/it-ch\/?s={search_term_string}\"},\"query-input\":{\"@type\":\"PropertyValueSpecification\",\"valueRequired\":true,\"valueName\":\"search_term_string\"}}],\"inLanguage\":\"it-CH\"}]}<\/script>\n<!-- \/ Yoast SEO plugin. -->","yoast_head_json":{"title":"Conditions g\u00e9n\u00e9rales d\u2019utilisation | Natixis Equity Derivatives","robots":{"index":"index","follow":"follow","max-snippet":"max-snippet:-1","max-image-preview":"max-image-preview:large","max-video-preview":"max-video-preview:-1"},"canonical":"https:\/\/equityderivatives.natixis.com\/it-ch\/disclaimer\/","og_locale":"it_IT","og_type":"article","og_title":"Conditions g\u00e9n\u00e9rales d\u2019utilisation | Natixis Equity Derivatives","og_description":"Confermando questo passaggio, riconosco esplicitamente e confermo di non essere una US Person (ai sensi del Regolamento S dell&#8217;U.S. Securities Act del 1933, e modifiche successive) e di non agire per conto o a vantaggio di una US Person. Riconosco anche che questo sito non \u00e8 destinato agli investitori privati residenti in Gran Bretagna. Non [&hellip;]","og_url":"https:\/\/equityderivatives.natixis.com\/it-ch\/disclaimer\/","og_site_name":"Natixis Equity Derivatives","article_modified_time":"2026-03-13T17:21:42+00:00","twitter_card":"summary_large_image","twitter_title":"Conditions g\u00e9n\u00e9rales d\u2019utilisation | Natixis Equity Derivatives Solutions","twitter_misc":{"Est. reading time":"10 minutes"},"schema":{"@context":"https:\/\/schema.org","@graph":[{"@type":"WebPage","@id":"https:\/\/equityderivatives.natixis.com\/it-ch\/disclaimer\/","url":"https:\/\/equityderivatives.natixis.com\/it-ch\/disclaimer\/","name":"Conditions g\u00e9n\u00e9rales d\u2019utilisation | Natixis Equity Derivatives","isPartOf":{"@id":"https:\/\/equityderivatives.natixis.com\/it-ch\/#website"},"datePublished":"2018-02-13T14:44:24+00:00","dateModified":"2026-03-13T17:21:42+00:00","breadcrumb":{"@id":"https:\/\/equityderivatives.natixis.com\/it-ch\/disclaimer\/#breadcrumb"},"inLanguage":"it-CH","potentialAction":[{"@type":"ReadAction","target":["https:\/\/equityderivatives.natixis.com\/it-ch\/disclaimer\/"]}]},{"@type":"BreadcrumbList","@id":"https:\/\/equityderivatives.natixis.com\/it-ch\/disclaimer\/#breadcrumb","itemListElement":[{"@type":"ListItem","position":1,"name":"Home","item":"https:\/\/equityderivatives.natixis.com\/it-ch\/"},{"@type":"ListItem","position":2,"name":"Termini Di Utilizzo"}]},{"@type":"WebSite","@id":"https:\/\/equityderivatives.natixis.com\/it-ch\/#website","url":"https:\/\/equityderivatives.natixis.com\/it-ch\/","name":"Natixis Equity Derivatives","description":"","potentialAction":[{"@type":"SearchAction","target":{"@type":"EntryPoint","urlTemplate":"https:\/\/equityderivatives.natixis.com\/it-ch\/?s={search_term_string}"},"query-input":{"@type":"PropertyValueSpecification","valueRequired":true,"valueName":"search_term_string"}}],"inLanguage":"it-CH"}]}},"_links":{"self":[{"href":"https:\/\/equityderivatives.natixis.com\/it-ch\/wp-json\/wp\/v2\/pages\/904","targetHints":{"allow":["GET"]}}],"collection":[{"href":"https:\/\/equityderivatives.natixis.com\/it-ch\/wp-json\/wp\/v2\/pages"}],"about":[{"href":"https:\/\/equityderivatives.natixis.com\/it-ch\/wp-json\/wp\/v2\/types\/page"}],"author":[{"embeddable":true,"href":"https:\/\/equityderivatives.natixis.com\/it-ch\/wp-json\/wp\/v2\/users\/7"}],"replies":[{"embeddable":true,"href":"https:\/\/equityderivatives.natixis.com\/it-ch\/wp-json\/wp\/v2\/comments?post=904"}],"version-history":[{"count":9,"href":"https:\/\/equityderivatives.natixis.com\/it-ch\/wp-json\/wp\/v2\/pages\/904\/revisions"}],"predecessor-version":[{"id":96355,"href":"https:\/\/equityderivatives.natixis.com\/it-ch\/wp-json\/wp\/v2\/pages\/904\/revisions\/96355"}],"wp:attachment":[{"href":"https:\/\/equityderivatives.natixis.com\/it-ch\/wp-json\/wp\/v2\/media?parent=904"}],"curies":[{"name":"wp","href":"https:\/\/api.w.org\/{rel}","templated":true}]}}