{"id":65207,"date":"2018-01-02T11:13:50","date_gmt":"2018-01-02T10:13:50","guid":{"rendered":"https:\/\/equityderivatives.natixis.com\/homepage\/"},"modified":"2026-03-24T12:55:38","modified_gmt":"2026-03-24T11:55:38","slug":"accueil","status":"publish","type":"page","link":"https:\/\/equityderivatives.natixis.com\/fr\/","title":{"rendered":"Accueil"},"content":{"rendered":"","protected":false},"excerpt":{"rendered":"","protected":false},"author":27,"featured_media":0,"parent":0,"menu_order":-1,"comment_status":"closed","ping_status":"closed","template":"page-templates\/template-homepage.php","meta":{"_acf_changed":false,"footnotes":""},"class_list":["post-65207","page","type-page","status-publish","hentry"],"acf":[],"yoast_head":"<!-- This site is optimized with the Yoast SEO plugin v24.8.1 - https:\/\/yoast.com\/wordpress\/plugins\/seo\/ -->\n<title>Equity Derivatives Products | Natixis Equity Derivatives<\/title>\n<meta name=\"description\" content=\"Welcome to the Natixis Equity Derivatives universe. Discover our offers, our full range of financial savings products and all our services: E-Maps, E-Transac, our Actively Managed Certificates and the NXS Indice.\" \/>\n<meta name=\"robots\" content=\"index, follow, max-snippet:-1, max-image-preview:large, max-video-preview:-1\" \/>\n<link rel=\"canonical\" href=\"https:\/\/equityderivatives.natixis.com\/fr\/\" \/>\n<meta property=\"og:locale\" content=\"fr_FR\" \/>\n<meta property=\"og:type\" content=\"article\" \/>\n<meta property=\"og:title\" content=\"Equity Derivatives Products | Natixis Equity Derivatives\" \/>\n<meta property=\"og:description\" content=\"Bienvenue dans l&#039;univers D\u00e9riv\u00e9s Actions de Natixis. D\u00e9couvrez nos offres, l&#039;ensemble de notre gamme de produits d&#039;\u00e9pargne financi\u00e8re et tous nos services : E-Maps, NXS Indices, Actively Managed Certificates et E-Transac.\" \/>\n<meta property=\"og:url\" content=\"https:\/\/equityderivatives.natixis.com\/fr\/\" \/>\n<meta property=\"og:site_name\" content=\"Natixis Equity Derivatives\" \/>\n<meta property=\"article:modified_time\" content=\"2026-03-24T11:55:38+00:00\" \/>\n<meta name=\"twitter:card\" content=\"summary_large_image\" \/>\n<meta name=\"twitter:title\" content=\"Produits D\u00e9riv\u00e9s Actions | Natixis Equity Derivatives Solutions\" \/>\n<meta name=\"twitter:description\" content=\"Bienvenue dans l&#039;univers D\u00e9riv\u00e9s Actions de Natixis. D\u00e9couvrez nos offres, l&#039;ensemble de notre gamme de produits d&#039;\u00e9pargne financi\u00e8re et tous nos services : E-Maps, NXS Indices, Actively Managed Certificates et E-Transac.\" \/>\n<script type=\"application\/ld+json\" class=\"yoast-schema-graph\">{\"@context\":\"https:\/\/schema.org\",\"@graph\":[{\"@type\":\"WebPage\",\"@id\":\"https:\/\/equityderivatives.natixis.com\/fr\/\",\"url\":\"https:\/\/equityderivatives.natixis.com\/fr\/\",\"name\":\"Equity Derivatives Products | Natixis Equity Derivatives\",\"isPartOf\":{\"@id\":\"https:\/\/equityderivatives.natixis.com\/fr\/#website\"},\"datePublished\":\"2018-01-02T10:13:50+00:00\",\"dateModified\":\"2026-03-24T11:55:38+00:00\",\"description\":\"Welcome to the Natixis Equity Derivatives universe. Discover our offers, our full range of financial savings products and all our services: E-Maps, E-Transac, our Actively Managed Certificates and the NXS Indice.\",\"breadcrumb\":{\"@id\":\"https:\/\/equityderivatives.natixis.com\/fr\/#breadcrumb\"},\"inLanguage\":\"fr-FR\",\"potentialAction\":[{\"@type\":\"ReadAction\",\"target\":[\"https:\/\/equityderivatives.natixis.com\/fr\/\"]}]},{\"@type\":\"BreadcrumbList\",\"@id\":\"https:\/\/equityderivatives.natixis.com\/fr\/#breadcrumb\",\"itemListElement\":[{\"@type\":\"ListItem\",\"position\":1,\"name\":\"Home\",\"item\":\"https:\/\/equityderivatives.natixis.com\/fr\/accueil\/\"},{\"@type\":\"ListItem\",\"position\":2,\"name\":\"Accueil\"}]},{\"@type\":\"WebSite\",\"@id\":\"https:\/\/equityderivatives.natixis.com\/fr\/#website\",\"url\":\"https:\/\/equityderivatives.natixis.com\/fr\/\",\"name\":\"Natixis Equity Derivatives\",\"description\":\"\",\"potentialAction\":[{\"@type\":\"SearchAction\",\"target\":{\"@type\":\"EntryPoint\",\"urlTemplate\":\"https:\/\/equityderivatives.natixis.com\/fr\/?s={search_term_string}\"},\"query-input\":{\"@type\":\"PropertyValueSpecification\",\"valueRequired\":true,\"valueName\":\"search_term_string\"}}],\"inLanguage\":\"fr-FR\"}]}<\/script>\n<!-- \/ Yoast SEO plugin. -->","yoast_head_json":{"title":"Equity Derivatives Products | Natixis Equity Derivatives","description":"Welcome to the Natixis Equity Derivatives universe. Discover our offers, our full range of financial savings products and all our services: E-Maps, E-Transac, our Actively Managed Certificates and the NXS Indice.","robots":{"index":"index","follow":"follow","max-snippet":"max-snippet:-1","max-image-preview":"max-image-preview:large","max-video-preview":"max-video-preview:-1"},"canonical":"https:\/\/equityderivatives.natixis.com\/fr\/","og_locale":"fr_FR","og_type":"article","og_title":"Equity Derivatives Products | Natixis Equity Derivatives","og_description":"Bienvenue dans l'univers D\u00e9riv\u00e9s Actions de Natixis. D\u00e9couvrez nos offres, l'ensemble de notre gamme de produits d'\u00e9pargne financi\u00e8re et tous nos services : E-Maps, NXS Indices, Actively Managed Certificates et E-Transac.","og_url":"https:\/\/equityderivatives.natixis.com\/fr\/","og_site_name":"Natixis Equity Derivatives","article_modified_time":"2026-03-24T11:55:38+00:00","twitter_card":"summary_large_image","twitter_title":"Produits D\u00e9riv\u00e9s Actions | Natixis Equity Derivatives Solutions","twitter_description":"Bienvenue dans l'univers D\u00e9riv\u00e9s Actions de Natixis. D\u00e9couvrez nos offres, l'ensemble de notre gamme de produits d'\u00e9pargne financi\u00e8re et tous nos services : E-Maps, NXS Indices, Actively Managed Certificates et E-Transac.","schema":{"@context":"https:\/\/schema.org","@graph":[{"@type":"WebPage","@id":"https:\/\/equityderivatives.natixis.com\/fr\/","url":"https:\/\/equityderivatives.natixis.com\/fr\/","name":"Equity Derivatives Products | Natixis Equity Derivatives","isPartOf":{"@id":"https:\/\/equityderivatives.natixis.com\/fr\/#website"},"datePublished":"2018-01-02T10:13:50+00:00","dateModified":"2026-03-24T11:55:38+00:00","description":"Welcome to the Natixis Equity Derivatives universe. Discover our offers, our full range of financial savings products and all our services: E-Maps, E-Transac, our Actively Managed Certificates and the NXS Indice.","breadcrumb":{"@id":"https:\/\/equityderivatives.natixis.com\/fr\/#breadcrumb"},"inLanguage":"fr-FR","potentialAction":[{"@type":"ReadAction","target":["https:\/\/equityderivatives.natixis.com\/fr\/"]}]},{"@type":"BreadcrumbList","@id":"https:\/\/equityderivatives.natixis.com\/fr\/#breadcrumb","itemListElement":[{"@type":"ListItem","position":1,"name":"Home","item":"https:\/\/equityderivatives.natixis.com\/fr\/accueil\/"},{"@type":"ListItem","position":2,"name":"Accueil"}]},{"@type":"WebSite","@id":"https:\/\/equityderivatives.natixis.com\/fr\/#website","url":"https:\/\/equityderivatives.natixis.com\/fr\/","name":"Natixis Equity Derivatives","description":"","potentialAction":[{"@type":"SearchAction","target":{"@type":"EntryPoint","urlTemplate":"https:\/\/equityderivatives.natixis.com\/fr\/?s={search_term_string}"},"query-input":{"@type":"PropertyValueSpecification","valueRequired":true,"valueName":"search_term_string"}}],"inLanguage":"fr-FR"}]}},"_links":{"self":[{"href":"https:\/\/equityderivatives.natixis.com\/fr\/wp-json\/wp\/v2\/pages\/65207","targetHints":{"allow":["GET"]}}],"collection":[{"href":"https:\/\/equityderivatives.natixis.com\/fr\/wp-json\/wp\/v2\/pages"}],"about":[{"href":"https:\/\/equityderivatives.natixis.com\/fr\/wp-json\/wp\/v2\/types\/page"}],"author":[{"embeddable":true,"href":"https:\/\/equityderivatives.natixis.com\/fr\/wp-json\/wp\/v2\/users\/27"}],"replies":[{"embeddable":true,"href":"https:\/\/equityderivatives.natixis.com\/fr\/wp-json\/wp\/v2\/comments?post=65207"}],"version-history":[{"count":79,"href":"https:\/\/equityderivatives.natixis.com\/fr\/wp-json\/wp\/v2\/pages\/65207\/revisions"}],"predecessor-version":[{"id":117648,"href":"https:\/\/equityderivatives.natixis.com\/fr\/wp-json\/wp\/v2\/pages\/65207\/revisions\/117648"}],"wp:attachment":[{"href":"https:\/\/equityderivatives.natixis.com\/fr\/wp-json\/wp\/v2\/media?parent=65207"}],"curies":[{"name":"wp","href":"https:\/\/api.w.org\/{rel}","templated":true}]}}