{"id":32,"date":"2017-12-21T21:43:06","date_gmt":"2017-12-21T20:43:06","guid":{"rendered":"https:\/\/equityderivatives.natixis.com\/?page_id=32"},"modified":"2026-03-11T16:12:40","modified_gmt":"2026-03-11T15:12:40","slug":"legale-mentions-credits","status":"publish","type":"page","link":"https:\/\/equityderivatives.natixis.com\/fr\/legale-mentions-credits\/","title":{"rendered":"Mentions l\u00e9gales"},"content":{"rendered":"<p>Vous \u00eates actuellement connect\u00e9 au site \u00abequityderivatives.natixis.com\u00bb qui est la propri\u00e9t\u00e9 exclusive de NATIXIS.<\/p>\n<p><strong>D\u00e9nomination sociale<\/strong><\/p>\n<p>NATIXIS &#8211; Soci\u00e9t\u00e9 anonyme au capital de 5 894 485 553,60 euros, immatricul\u00e9e 542 044 524 RCS Paris<br \/>\nSi\u00e8ge social : 7, promenade Germaine Sablon, 75013 Paris, France<\/p>\n<p>T\u00e9l. 01.58.32.30.00<br \/>\nImmatricul\u00e9e au R.C.S de Paris sous le n\u00b0 SIREN : 542 044 524<br \/>\nNum\u00e9ro individuel d\u2019identification d\u2019assujetti TVA : FR73542044524<br \/>\nEtablissement de cr\u00e9dit agr\u00e9\u00e9 en France par l&#8217;ACPR &#8211; Autorit\u00e9 de Contr\u00f4le Prudentiel et de R\u00e9solution &#8211; 61, rue Taitbout 75436 Paris cedex 09.<br \/>\nNATIXIS, dans le cadre de ses activit\u00e9s bancaires et financi\u00e8res, est soumis au Code Mon\u00e9taire et Financier.<br \/>\nAdh\u00e9rent \u00e0 la FBF &#8211; F\u00e9d\u00e9ration Bancaire Fran\u00e7aise, organisation professionnelle qui repr\u00e9sente toutes les banques implant\u00e9es en France.<br \/>\nAdresse e-mail : CIB-Communications@natixis.com<\/p>\n<p><strong>Directeur de publication<\/strong><\/p>\n<p>Mohamed Kallala \u2013 CEO de Natixis<\/p>\n<p><strong>Responsables de la r\u00e9daction<\/strong><\/p>\n<p>Marketing D\u00e9riv\u00e9s Actions<\/p>\n<p><strong>Propri\u00e9taires<\/strong><\/p>\n<p>Propri\u00e9taire de l\u2019entreprise : NATIXIS est d\u00e9tenue par BPCE<\/p>\n<p><strong>H\u00e9bergeur du site internet<\/strong><\/p>\n<p>Le site est h\u00e9berg\u00e9 sur les serveurs de Natixis S.A.<br \/>\nR\u00e9servation du nom de domaine : www.natixis.com est un domaine d\u00e9pos\u00e9 par NATIXIS (SIREN : 542044524 \/ APE: 6492Z) le 20\/10\/2006 aupr\u00e8s de France T\u00e9l\u00e9com.<br \/>\nPhotographies : Fabrice Vallon, Stock.adobe.com<\/p>\n<p><strong>CONDITIONS G\u00c9N\u00c9RALES D&#8217;UTILISATION<\/strong><\/p>\n<ol>\n<li><strong> Introduction<\/strong><\/li>\n<\/ol>\n<p>Le site a pour objet de fournir des informations sur NATIXIS. La navigation sur ce site est soumise \u00e0 la r\u00e9glementation en vigueur et aux pr\u00e9sentes conditions d\u2019utilisation.<\/p>\n<ol start=\"2\">\n<li><strong> Avertissement quant aux services et produits pr\u00e9sent\u00e9s sur le site<\/strong><\/li>\n<\/ol>\n<p>Les informations qui apparaissent sur ce site sont donn\u00e9es \u00e0 titre indicatif et constituent une pr\u00e9sentation des produits, services, \u00e9tudes et analyses, con\u00e7us et r\u00e9alis\u00e9s par NATIXIS. Il appartient \u00e0 toute personne int\u00e9ress\u00e9e de v\u00e9rifier les informations mises \u00e0 disposition et d\u2019en faire un usage appropri\u00e9. NATIXIS d\u00e9cline toute responsabilit\u00e9 sur l\u2019utilisation qui sera faite des informations fournies sur le site. Toute personne d\u00e9sireuse de se procurer un des services ou produits pr\u00e9sent\u00e9s ici est pri\u00e9e de contacter le service concern\u00e9 afin de s\u2019informer de la disponibilit\u00e9 du service ou produit en question ainsi que des conditions contractuelles et des tarifs qui lui sont applicables.<\/p>\n<p>L\u2019acc\u00e8s aux produits et services d\u00e9crits sur le pr\u00e9sent site peut faire l\u2019objet de restrictions \u00e0 l\u2019\u00e9gard de certaines personnes ou dans certains pays. Aucun des produits ou services pr\u00e9sent\u00e9s ici ne sera fourni par NATIXIS \u00e0 une personne si la loi de son pays d\u2019origine, ou de tout autre pays qui la concernerait, l\u2019interdit. L\u2019utilisateur est pri\u00e9 de s\u2019assurer qu\u2019il est juridiquement autoris\u00e9 \u00e0 se connecter au pr\u00e9sent site dans le pays \u00e0 partir duquel la connexion est \u00e9tablie.<\/p>\n<p>NATIXIS s\u2019efforce d\u2019assurer l\u2019exactitude et la mise \u00e0 jour des informations diffus\u00e9es sur son site, dont elle se r\u00e9serve le droit de corriger, \u00e0 tout moment et sans pr\u00e9avis, le contenu. Elle ne peut cependant en garantir l\u2019exhaustivit\u00e9 ou l\u2019absence de modification par un tiers (virus, intrusion). En outre, elle d\u00e9cline toute responsabilit\u00e9 en cas d\u2019erreur ou d\u2019omission dans ces informations.<\/p>\n<p>Le site Web vous est fourni sur la base d&#8217;un service &#8220;en l&#8217;\u00e9tat de l&#8217;art&#8221; et accessible en fonction de sa disponibilit\u00e9, la soci\u00e9t\u00e9 NATIXIS n&#8217;\u00e9tant aucunement responsable d&#8217;une quelconque difficult\u00e9 de transmission ou de toute perturbation du r\u00e9seau.<\/p>\n<p>NATIXIS ne fournit aucune garantie expresse ou implicite, notamment et non limitativement, sur le fait que le site Web soit conforme \u00e0 vos attentes, dans le pr\u00e9sent et \u00e0 l&#8217;avenir, ni ne garantit qu&#8217;il soit ininterrompu, opportun, s\u00fbr, ou d\u00e9pourvu de toute erreur, ni que les r\u00e9sultats qui peuvent \u00eatre obtenus en utilisant le site Web soient exacts et fiables, dans le pr\u00e9sent et \u00e0 l&#8217;avenir.<\/p>\n<p>NATIXIS ne garantit aucunement la qualit\u00e9 et\/ou la lic\u00e9it\u00e9 du Contenu non cr\u00e9\u00e9 par NATIXIS, et se d\u00e9gage de toute responsabilit\u00e9 quant aux \u00e9ventuels contestations, actions ou recours de tiers se pr\u00e9valant, notamment et non limitativement, de droits privatifs sur ledit Contenu et\/ou son utilisation.<\/p>\n<p>Aucun conseil et aucune information, oraux et\/ou \u00e9crits et\/ou vid\u00e9os, obtenus par vous lors de l&#8217;utilisation du site Web ne sont susceptibles de cr\u00e9er des garanties et responsabilit\u00e9s non express\u00e9ment pr\u00e9vues.<\/p>\n<p>Le site Web peut fournir ou des tiers peuvent inclure des liens vers d&#8217;autres sites Web ou d&#8217;autres sources Internet, et dans la mesure o\u00f9 NATIXIS ne peut contr\u00f4ler parfaitement ces sites et ces sources externes, la soci\u00e9t\u00e9 NATIXIS ne peut \u00eatre tenue pour responsable de la mise \u00e0 disposition de ces sites et sources externes, et ne peut porter aucune responsabilit\u00e9 quant au Contenu, v\u00e9racit\u00e9, actualit\u00e9, qualit\u00e9, exhaustivit\u00e9, pertinence, ill\u00e9galit\u00e9, publicit\u00e9s, produits, services ou tout autre mat\u00e9riel disponibles sur ou \u00e0 partir de ces sites ou sources externes. De plus, vous reconnaissez que NATIXIS ne pourra \u00eatre tenu responsable de tous dommages ou pertes av\u00e9r\u00e9s ou all\u00e9gu\u00e9s, cons\u00e9cutifs ou en relation avec l&#8217;utilisation ou avec le fait d&#8217;avoir fait confiance, notamment et non limitativement, au Contenu, \u00e0 des biens ou des services disponibles sur ces sites ou sources externes, par voie d&#8217;affichage, de transmissions par courrier \u00e9lectronique (&#8220;Email&#8221;), ou par tout autre moyen. La confidentialit\u00e9 et l\u2019int\u00e9grit\u00e9 des informations ne sont pas assur\u00e9es sur le r\u00e9seau Internet. Par cons\u00e9quent, les messages que l\u2019utilisateur envoie par voie \u00e9lectronique peuvent \u00eatre intercept\u00e9s et\/ou modifi\u00e9s. NATIXIS en d\u00e9cline toute responsabilit\u00e9.<\/p>\n<p>NATIXIS pr\u00e9sume que tous les sites cit\u00e9s ici soit directement, soit indirectement sous forme d&#8217;un lien hypertexte sont honn\u00eates et \u00e9thiques. N\u00e9anmoins, NATIXIS n&#8217;a aucune relation avec la majorit\u00e9 de ces soci\u00e9t\u00e9s et aucune enqu\u00eate n&#8217;a \u00e9t\u00e9 conduite \u00e0 leur sujet. De plus, les informations contenues sur ce site ont \u00e9t\u00e9 obtenues de sources jug\u00e9es fiables et une extr\u00eame attention a \u00e9t\u00e9 port\u00e9e pour assurer l&#8217;exactitude des informations. N\u00e9anmoins, NATIXIS ne peut \u00eatre tenue responsable de l&#8217;exactitude des informations contenues sur ce site. La responsabilit\u00e9 de l&#8217;utilisation d&#8217;une partie ou de toutes les informations contenues dans ce site est uniquement et int\u00e9gralement celle de l&#8217;utilisateur.<\/p>\n<ol start=\"3\">\n<li><strong> Avertissement relatif aux indices<\/strong><\/li>\n<\/ol>\n<p><u>Avertissement g\u00e9n\u00e9ral :<\/u> Avant tout investissement dans un produit ou un instrument r\u00e9f\u00e9renc\u00e9 sur un indice d\u00e9crit sur ce site (un \u00ab Indice \u00bb), tout investisseur potentiel doit se rapprocher de ses prestataires et conseils financiers, fiscaux, comptables et juridiques habituels, afin de se forger sa propre opinion sur les risques inh\u00e9rents \u00e0 chaque investissement ind\u00e9pendamment de Natixis et sur leur ad\u00e9quation avec sa situation patrimoniale et personnelle.<\/p>\n<p>Les niveaux d\u2019un Indice ne repr\u00e9sentent pas la valorisation ou le prix de tout produit ou instrument r\u00e9f\u00e9renc\u00e9 sur cet Indice.<\/p>\n<p>Un r\u00e9sum\u00e9 de la description et de la m\u00e9thode de calcul de chaque Indice est disponible en ligne sur le site. Il vous est fortement recommand\u00e9 de vous y reporter pour disposer d\u2019une pr\u00e9sentation sommaire de la composition et du fonctionnement de chaque Indice. Par ailleurs, les r\u00e8gles compl\u00e8tes de fonctionnement de chaque indice sont disponibles sur demande \u00e9crite adress\u00e9e \u00e0 Natixis aux coordonn\u00e9es suivantes: Natixis \u2013 Equity Derivatives \u2013 47 quai d\u2019Austerlitz, 75013 Paris, France.<\/p>\n<p><u>Droit de propri\u00e9t\u00e9 :<\/u> Chaque Indice est la propri\u00e9t\u00e9 exclusive de Natixis. L\u2019usage, la copie ou la reproduction, m\u00eame partielle, de tout Indice ou de toute information s\u2019y rapportant n\u2019est pas autoris\u00e9e sauf accord expr\u00e8s pr\u00e9alable \u00e9crit de Natixis. Natixis ne garantit pas l\u2019exactitude et\/ou l\u2019exhaustivit\u00e9 de la composition, du calcul, de la publication et de l\u2019ajustement de chaque Indice, ni des donn\u00e9es incluses dans cet Indice.<\/p>\n<p><u>D\u00e9gagement de responsabilit\u00e9 :<\/u> Sous r\u00e9serve des lois applicables, Natixis d\u00e9cline toute responsabilit\u00e9 du fait d\u2019une quelconque erreur, omission, interruption ou d\u00e9lai relatif \u00e0 un Indice. Natixis ne donne aucune garantie, expr\u00e8s ou tacite, quant \u00e0 (i) la valeur commerciale ou \u00e0 l\u2019ad\u00e9quation \u00e0 une fin donn\u00e9e d\u2019un Indice, et (ii) aux r\u00e9sultats de l\u2019utilisation d\u2019un Indice ou des donn\u00e9es le composant. Sous r\u00e9serve des lois applicables, Natixis n\u2019assume aucune responsabilit\u00e9 du fait de pertes, dommages, co\u00fbts, d\u00e9penses (y compris les pertes de profit) li\u00e9s, de fa\u00e7on directe ou indirecte, \u00e0 l\u2019utilisation d\u2019un Indice ou de toute donn\u00e9e comprise dans un Indice.<\/p>\n<p><u>Restrictions g\u00e9n\u00e9rales de vente :<\/u> Chaque investisseur est pri\u00e9 de s\u2019assurer qu\u2019il est autoris\u00e9 \u00e0 conclure ou \u00e0 investir dans un produit ou un instrument r\u00e9f\u00e9renc\u00e9 sur un Indice. Les instruments composant un Indice peuvent ne pas \u00eatre autoris\u00e9s \u00e0 la commercialisation dans la juridiction dans laquelle cet Indice est pr\u00e9sent\u00e9. L\u2019attention des investisseurs est attir\u00e9e sur le fait que la pr\u00e9sentation de cet Indice ne saurait nullement constituer une offre ou la sollicitation d\u2019une offre en vue de souscrire ou d\u2019acheter les instruments financiers consid\u00e9r\u00e9s dans ce pays.<\/p>\n<p><u>Donn\u00e9es de march\u00e9 :<\/u> Les \u00e9l\u00e9ments du pr\u00e9sent document relatifs aux donn\u00e9es de march\u00e9 sont fournis sur la base de donn\u00e9es constat\u00e9es \u00e0 un moment pr\u00e9cis et qui sont susceptibles de varier.<\/p>\n<p><u>Gestion des conflits d\u2019int\u00e9r\u00eats :<\/u> Les r\u00f4les des diff\u00e9rentes parties impliqu\u00e9es dans la conception, le maintien et la r\u00e9plication de l\u2019Indice ont \u00e9t\u00e9 strictement d\u00e9finis. Natixis peut proc\u00e9der \u00e0 des transactions sur chaque Indice ou les instruments composant cet Indice, que ce soit dans le cadre d\u2019op\u00e9rations de couverture ou autrement. Ces transactions peuvent avoir un impact positif ou n\u00e9gatif sur la valeur de l\u2019Indice et\/ou des instruments composant cet Indice. Natixis peut avoir \u00e9mis ou \u00e9mettre des produits ou des instruments r\u00e9f\u00e9renc\u00e9s sur cet Indice. Cette situation est susceptible de g\u00e9n\u00e9rer des conflits d\u2019int\u00e9r\u00eat.<\/p>\n<ol start=\"4\">\n<li><strong>Cookies<\/strong><\/li>\n<\/ol>\n<p>En navigant sur le site equityderivatives.natixis.com, un ou plusieurs \u00ab Cookies \u00bb peuvent \u00eatre d\u00e9pos\u00e9s sur votre ordinateur, votre mobile ou votre tablette.<\/p>\n<p><strong>Qu\u2019est-ce qu\u2019un Cookie ? :<\/strong> Un \u00ab Cookie \u00bb est un petit fichier texte enregistr\u00e9 sur le disque dur de votre ordinateur lors de la visite d\u2019un site ou de la consultation d\u2019une publicit\u00e9. Il est g\u00e9r\u00e9 par votre navigateur internet. Il a notamment comme but de collecter des informations relatives \u00e0 votre navigation sur les sites, vous adresser des services personnalis\u00e9s, mais ne peut pas \u00eatre utilis\u00e9 pour r\u00e9cup\u00e9rer des donn\u00e9es sur votre disque, installer un virus, ou encore se procurer vos informations personnelles.<\/p>\n<p><strong>Les Cookies utilis\u00e9s sur le site equityderivatives.natixis.com<\/strong><\/p>\n<p>Le site equityderivatives.natixis.com n\u2019utilise que des Cookies strictement n\u00e9cessaires ou facilitant la communication en ligne. Ils vous permettent d&#8217;utiliser les principales fonctionnalit\u00e9s du site (par exemple : Cookies de session ou de gestion de langues). Ils enregistrent des informations relatives \u00e0 la navigation sur le site equityderivatives.natixis.com effectu\u00e9e \u00e0 partir de l&#8217;ordinateur sur lequel est stock\u00e9 le Cookie et ne sont pas conserv\u00e9s plus de 13 mois. Ces Cookies n&#8217;ont pas pour objet d&#8217;identifier les personnes connect\u00e9es. Natixis s&#8217;engage \u00e0 n&#8217;utiliser les informations issues de ces Cookies qu&#8217;\u00e0 des fins de fonctionnement.<\/p>\n<p><strong>Contr\u00f4ler et supprimer les cookies :<\/strong> Si vous souhaitez modifier le mode d&#8217;utilisation des Cookies d&#8217;un navigateur ou choisir \u00e0 tout moment de d\u00e9sactiver des Cookies, vous pouvez modifier les param\u00e8tres de votre navigateur<\/p>\n<p>La plupart des navigateurs vous permettent d&#8217;accepter ou de rejeter tous les Cookies, de n&#8217;accepter que certains types de Cookies ou vous poser la question chaque fois qu&#8217;un site souhaite enregistrer un Cookie, et vous permettent \u00e9galement de supprimer les Cookies enregistr\u00e9s sur votre ordinateur.<\/p>\n<p>Afin de g\u00e9rer les Cookies au plus pr\u00e8s de vos attentes, nous vous invitons \u00e0 param\u00e9trer votre navigateur en fonction de sa configuration afin de contr\u00f4ler ou d\u2019emp\u00eacher l&#8217;enregistrement des Cookies :<\/p>\n<ul>\n<li><strong>Pour Internet Explorer<sup>\u2122<\/sup> :<\/strong> Menu Outils &gt; Options Internet &gt; Confidentialit\u00e9(Voir <a href=\"http:\/\/windows.microsoft.com\/fr-FR\/windows-vista\/Block-or-allow-cookies\">http:\/\/windows.microsoft.com\/fr-FR\/windows-vista\/Block-or-allow-cookies<\/a>)<\/li>\n<li><strong>Pour Safari<sup>\u2122<\/sup> :<\/strong> Menu Safari &gt; Pr\u00e9f\u00e9rences &gt; Confidentialit\u00e9(Voir <a href=\"http:\/\/support.apple.com\/kb\/PH17191?viewlocale=fr_FR\">http:\/\/support.apple.com\/kb\/PH17191?viewlocale=fr_FR<\/a>)<\/li>\n<li><strong>Pour Chrome<sup>\u2122<\/sup> :<\/strong> Menu Chrome (outils) &gt; Param\u00e8tres &gt; Afficher les param\u00e8tres avanc\u00e9s &gt; Confidentialit\u00e9 &gt; Param\u00e8tres de contenu &gt; Cookies(Voir <a href=\"https:\/\/support.google.com\/chrome\/answer\/114662\">https:\/\/support.google.com\/chrome\/answer\/114662<\/a>)<\/li>\n<li><strong>Pour Firefox<sup>\u2122<\/sup> :<\/strong> Menu Outils &gt; Options &gt; Vie Priv\u00e9e &gt; Historique &gt; Cookies(Voir <a href=\"https:\/\/support.mozilla.org\/fr\/kb\/activer-desactiver-cookies\">https:\/\/support.mozilla.org\/fr\/kb\/activer-desactiver-cookies<\/a>)<\/li>\n<li><strong>Pour Opera<sup>\u2122<\/sup> :<\/strong> Pr\u00e9f\u00e9rences &gt; Avanc\u00e9 &gt; Cookies(Voir <a href=\"http:\/\/help.opera.com\/Windows\/10.20\/fr\/cookies.html\">http:\/\/help.opera.com\/Windows\/10.20\/fr\/cookies.html<\/a>)<\/li>\n<li><strong>Plus d&#8217;informations sur les Cookies :<\/strong> Sur le site de la CNIL :<a href=\"http:\/\/www.cnil.fr\/vos-droits\/vos-traces\/les-cookies\/\">http:\/\/www.cnil.fr\/vos-droits\/vos-traces\/les-cookies\/<\/a><\/li>\n<\/ul>\n<ol start=\"5\">\n<li><strong>Propri\u00e9t\u00e9 intellectuelle &#8211; Copyright<\/strong><\/li>\n<\/ol>\n<p>Ce site Web constitue une \u0153uvre prot\u00e9g\u00e9e en France par le Code de la Propri\u00e9t\u00e9 Intellectuelle et, \u00e0 l\u2019\u00e9tranger, par les conventions internationales en vigueur sur le droit d\u2019auteur. La reproduction de tout ou partie de ce site, par quelque proc\u00e9d\u00e9 que ce soit, est formellement interdite, sauf autorisation expresse du directeur de la publication. La violation de l\u2019un des droits d\u2019auteur de l\u2019\u0153uvre est un d\u00e9lit de contrefa\u00e7on passible, aux termes de l\u2019article L. 335-2 du Code de la Propri\u00e9t\u00e9 Intellectuelle, de trois ans d\u2019emprisonnement et de 300 000 euros d\u2019amende.<br \/>\nLes marques cit\u00e9es sur ce site sont d\u00e9pos\u00e9es par NATIXIS qui en est propri\u00e9taire ou d\u00e9tient tout droit \u00e0 cet effet de leurs titulaires. Toute reproduction ou imitation totale ou partielle des marques et\/ou logos est interdite sans l\u2019accord pr\u00e9alable de NATIXIS ou de leurs titulaires, conform\u00e9ment aux articles L713-2 et L 713-3 du Code de la Propri\u00e9t\u00e9 Intellectuelle. Il en est de m\u00eame des bases de donn\u00e9es figurant au sein du site dont le contenu est prot\u00e9g\u00e9, notamment par les dispositions de la loi du 1er juillet 1998 relative \u00e0 la protection juridique des bases de donn\u00e9es. La violation de ce droit est constitutive de contrefa\u00e7on et passible \u00e0 ce titre de poursuites judiciaires, tant au plan civil que p\u00e9nal.<\/p>\n<ol start=\"6\">\n<li><strong>Liens hypertextes et virus<\/strong><\/li>\n<\/ol>\n<p>Les liens hypertextes, \u00e9ventuellement mis en place dans le cadre du site en direction d\u2019autres sites pr\u00e9sents sur le r\u00e9seau Internet, ne sauraient engager la responsabilit\u00e9 de NATIXIS.<\/p>\n<p>En outre, les utilisateurs et visiteurs du site NATIXIS ne peuvent mettre en place un hyperlien en direction du pr\u00e9sent site sans l\u2019autorisation expresse et pr\u00e9alable de NATIXIS.<\/p>\n<p>De fa\u00e7on g\u00e9n\u00e9rale, il appartient \u00e0 l\u2019utilisateur de prendre les pr\u00e9cautions n\u00e9cessaires pour s\u2019assurer que le site s\u00e9lectionn\u00e9 n\u2019est pas infest\u00e9 de virus ou de tout autre parasite de nature destructive. En aucun cas, NATIXIS ne pourra \u00eatre tenu responsable des dommages directs ou indirects r\u00e9sultant de l\u2019usage de son site web ou d\u2019autres sites qui lui sont li\u00e9s.<\/p>\n","protected":false},"excerpt":{"rendered":"<p>Vous \u00eates actuellement connect\u00e9 au site \u00abequityderivatives.natixis.com\u00bb qui est la propri\u00e9t\u00e9 exclusive de NATIXIS. D\u00e9nomination sociale NATIXIS &#8211; Soci\u00e9t\u00e9 anonyme au capital de 5 894 485 553,60 euros, immatricul\u00e9e 542 044 524 RCS Paris Si\u00e8ge social : 7, promenade Germaine Sablon, 75013 Paris, France T\u00e9l. 01.58.32.30.00 Immatricul\u00e9e au R.C.S de Paris sous le n\u00b0 SIREN [&hellip;]<\/p>\n","protected":false},"author":7,"featured_media":0,"parent":0,"menu_order":52,"comment_status":"closed","ping_status":"closed","template":"","meta":{"_acf_changed":false,"footnotes":""},"class_list":["post-32","page","type-page","status-publish","hentry"],"acf":[],"yoast_head":"<!-- This site is optimized with the Yoast SEO plugin v24.8.1 - https:\/\/yoast.com\/wordpress\/plugins\/seo\/ -->\n<title>Mentions l\u00e9gales et cr\u00e9dits | Natixis Equity Derivatives<\/title>\n<meta name=\"robots\" content=\"index, follow, max-snippet:-1, max-image-preview:large, max-video-preview:-1\" \/>\n<link rel=\"canonical\" href=\"https:\/\/equityderivatives.natixis.com\/fr\/legale-mentions-credits\/\" \/>\n<meta property=\"og:locale\" content=\"fr_FR\" \/>\n<meta property=\"og:type\" content=\"article\" \/>\n<meta property=\"og:title\" content=\"Mentions l\u00e9gales et cr\u00e9dits | Natixis Equity Derivatives Solutions\" \/>\n<meta property=\"og:description\" content=\"Vous \u00eates actuellement connect\u00e9 au site \u00abequityderivatives.natixis.com\u00bb qui est la propri\u00e9t\u00e9 exclusive de NATIXIS. D\u00e9nomination sociale NATIXIS &#8211; Soci\u00e9t\u00e9 anonyme au capital de 5 894 485 553,60 euros, immatricul\u00e9e 542 044 524 RCS Paris Si\u00e8ge social : 7, promenade Germaine Sablon, 75013 Paris, France T\u00e9l. 01.58.32.30.00 Immatricul\u00e9e au R.C.S de Paris sous le n\u00b0 SIREN [&hellip;]\" \/>\n<meta property=\"og:url\" content=\"https:\/\/equityderivatives.natixis.com\/fr\/legale-mentions-credits\/\" \/>\n<meta property=\"og:site_name\" content=\"Natixis Equity Derivatives\" \/>\n<meta property=\"article:modified_time\" content=\"2026-03-11T15:12:40+00:00\" \/>\n<meta name=\"twitter:card\" content=\"summary_large_image\" \/>\n<meta name=\"twitter:title\" content=\"Mentions l\u00e9gales et cr\u00e9dits | Natixis Equity Derivatives Solutions\" \/>\n<meta name=\"twitter:label1\" content=\"Est. reading time\" \/>\n\t<meta name=\"twitter:data1\" content=\"10 minutes\" \/>\n<script type=\"application\/ld+json\" class=\"yoast-schema-graph\">{\"@context\":\"https:\/\/schema.org\",\"@graph\":[{\"@type\":\"WebPage\",\"@id\":\"https:\/\/equityderivatives.natixis.com\/fr\/legale-mentions-credits\/\",\"url\":\"https:\/\/equityderivatives.natixis.com\/fr\/legale-mentions-credits\/\",\"name\":\"Mentions l\u00e9gales et cr\u00e9dits | Natixis Equity Derivatives\",\"isPartOf\":{\"@id\":\"https:\/\/equityderivatives.natixis.com\/fr\/#website\"},\"datePublished\":\"2017-12-21T20:43:06+00:00\",\"dateModified\":\"2026-03-11T15:12:40+00:00\",\"breadcrumb\":{\"@id\":\"https:\/\/equityderivatives.natixis.com\/fr\/legale-mentions-credits\/#breadcrumb\"},\"inLanguage\":\"fr-FR\",\"potentialAction\":[{\"@type\":\"ReadAction\",\"target\":[\"https:\/\/equityderivatives.natixis.com\/fr\/legale-mentions-credits\/\"]}]},{\"@type\":\"BreadcrumbList\",\"@id\":\"https:\/\/equityderivatives.natixis.com\/fr\/legale-mentions-credits\/#breadcrumb\",\"itemListElement\":[{\"@type\":\"ListItem\",\"position\":1,\"name\":\"Home\",\"item\":\"https:\/\/equityderivatives.natixis.com\/fr\/accueil\/\"},{\"@type\":\"ListItem\",\"position\":2,\"name\":\"Mentions l\u00e9gales\"}]},{\"@type\":\"WebSite\",\"@id\":\"https:\/\/equityderivatives.natixis.com\/fr\/#website\",\"url\":\"https:\/\/equityderivatives.natixis.com\/fr\/\",\"name\":\"Natixis Equity Derivatives\",\"description\":\"\",\"potentialAction\":[{\"@type\":\"SearchAction\",\"target\":{\"@type\":\"EntryPoint\",\"urlTemplate\":\"https:\/\/equityderivatives.natixis.com\/fr\/?s={search_term_string}\"},\"query-input\":{\"@type\":\"PropertyValueSpecification\",\"valueRequired\":true,\"valueName\":\"search_term_string\"}}],\"inLanguage\":\"fr-FR\"}]}<\/script>\n<!-- \/ Yoast SEO plugin. -->","yoast_head_json":{"title":"Mentions l\u00e9gales et cr\u00e9dits | Natixis Equity Derivatives","robots":{"index":"index","follow":"follow","max-snippet":"max-snippet:-1","max-image-preview":"max-image-preview:large","max-video-preview":"max-video-preview:-1"},"canonical":"https:\/\/equityderivatives.natixis.com\/fr\/legale-mentions-credits\/","og_locale":"fr_FR","og_type":"article","og_title":"Mentions l\u00e9gales et cr\u00e9dits | Natixis Equity Derivatives Solutions","og_description":"Vous \u00eates actuellement connect\u00e9 au site \u00abequityderivatives.natixis.com\u00bb qui est la propri\u00e9t\u00e9 exclusive de NATIXIS. D\u00e9nomination sociale NATIXIS &#8211; Soci\u00e9t\u00e9 anonyme au capital de 5 894 485 553,60 euros, immatricul\u00e9e 542 044 524 RCS Paris Si\u00e8ge social : 7, promenade Germaine Sablon, 75013 Paris, France T\u00e9l. 01.58.32.30.00 Immatricul\u00e9e au R.C.S de Paris sous le n\u00b0 SIREN [&hellip;]","og_url":"https:\/\/equityderivatives.natixis.com\/fr\/legale-mentions-credits\/","og_site_name":"Natixis Equity Derivatives","article_modified_time":"2026-03-11T15:12:40+00:00","twitter_card":"summary_large_image","twitter_title":"Mentions l\u00e9gales et cr\u00e9dits | Natixis Equity Derivatives Solutions","twitter_misc":{"Est. reading time":"10 minutes"},"schema":{"@context":"https:\/\/schema.org","@graph":[{"@type":"WebPage","@id":"https:\/\/equityderivatives.natixis.com\/fr\/legale-mentions-credits\/","url":"https:\/\/equityderivatives.natixis.com\/fr\/legale-mentions-credits\/","name":"Mentions l\u00e9gales et cr\u00e9dits | Natixis Equity Derivatives","isPartOf":{"@id":"https:\/\/equityderivatives.natixis.com\/fr\/#website"},"datePublished":"2017-12-21T20:43:06+00:00","dateModified":"2026-03-11T15:12:40+00:00","breadcrumb":{"@id":"https:\/\/equityderivatives.natixis.com\/fr\/legale-mentions-credits\/#breadcrumb"},"inLanguage":"fr-FR","potentialAction":[{"@type":"ReadAction","target":["https:\/\/equityderivatives.natixis.com\/fr\/legale-mentions-credits\/"]}]},{"@type":"BreadcrumbList","@id":"https:\/\/equityderivatives.natixis.com\/fr\/legale-mentions-credits\/#breadcrumb","itemListElement":[{"@type":"ListItem","position":1,"name":"Home","item":"https:\/\/equityderivatives.natixis.com\/fr\/accueil\/"},{"@type":"ListItem","position":2,"name":"Mentions l\u00e9gales"}]},{"@type":"WebSite","@id":"https:\/\/equityderivatives.natixis.com\/fr\/#website","url":"https:\/\/equityderivatives.natixis.com\/fr\/","name":"Natixis Equity Derivatives","description":"","potentialAction":[{"@type":"SearchAction","target":{"@type":"EntryPoint","urlTemplate":"https:\/\/equityderivatives.natixis.com\/fr\/?s={search_term_string}"},"query-input":{"@type":"PropertyValueSpecification","valueRequired":true,"valueName":"search_term_string"}}],"inLanguage":"fr-FR"}]}},"_links":{"self":[{"href":"https:\/\/equityderivatives.natixis.com\/fr\/wp-json\/wp\/v2\/pages\/32","targetHints":{"allow":["GET"]}}],"collection":[{"href":"https:\/\/equityderivatives.natixis.com\/fr\/wp-json\/wp\/v2\/pages"}],"about":[{"href":"https:\/\/equityderivatives.natixis.com\/fr\/wp-json\/wp\/v2\/types\/page"}],"author":[{"embeddable":true,"href":"https:\/\/equityderivatives.natixis.com\/fr\/wp-json\/wp\/v2\/users\/7"}],"replies":[{"embeddable":true,"href":"https:\/\/equityderivatives.natixis.com\/fr\/wp-json\/wp\/v2\/comments?post=32"}],"version-history":[{"count":13,"href":"https:\/\/equityderivatives.natixis.com\/fr\/wp-json\/wp\/v2\/pages\/32\/revisions"}],"predecessor-version":[{"id":105693,"href":"https:\/\/equityderivatives.natixis.com\/fr\/wp-json\/wp\/v2\/pages\/32\/revisions\/105693"}],"wp:attachment":[{"href":"https:\/\/equityderivatives.natixis.com\/fr\/wp-json\/wp\/v2\/media?parent=32"}],"curies":[{"name":"wp","href":"https:\/\/api.w.org\/{rel}","templated":true}]}}