{"id":30,"date":"2017-12-21T21:42:50","date_gmt":"2017-12-21T20:42:50","guid":{"rendered":"https:\/\/equityderivatives.natixis.com\/?page_id=30"},"modified":"2026-03-13T16:52:20","modified_gmt":"2026-03-13T15:52:20","slug":"garantie-de-depot","status":"publish","type":"page","link":"https:\/\/equityderivatives.natixis.com\/fr\/garantie-de-depot\/","title":{"rendered":"Garantie de d\u00e9p\u00f4t"},"content":{"rendered":"<p>Cr\u00e9\u00e9 par la loi, le Fonds de Garantie des D\u00e9p\u00f4ts et de R\u00e9solution (FGDR) est charg\u00e9 de prot\u00e9ger et indemniser les clients d\u2019une banque lorsqu\u2019elle fait faillite. Le FGDR indemnise les d\u00e9p\u00f4ts jusqu\u2019\u00e0 100 000 euros par client et par \u00e9tablissement. La Garantie des D\u00e9p\u00f4ts couvre les particuliers majeurs et mineurs, les entreprises ou les associations et tout autre groupement professionnel.<\/p>\n<p>Pour plus d\u2019information, cliquez : <a href=\"http:\/\/www.garantiedesdepots.fr\/fr\/procedure-dindemnisation\" target=\"_blank\" rel=\"noopener\">le FGDR indemnise les d\u00e9p\u00f4ts<\/a><\/p>\n<p><a href=\"https:\/\/equityderivatives.natixis.com\/wp-content\/uploads\/07-FGDR-Plaquette_Explicative-2025_FR_WEB.pdf\">Plaquette du FGDR<\/a><\/p>\n","protected":false},"excerpt":{"rendered":"<p>Cr\u00e9\u00e9 par la loi, le Fonds de Garantie des D\u00e9p\u00f4ts et de R\u00e9solution (FGDR) est charg\u00e9 de prot\u00e9ger et indemniser les clients d\u2019une banque lorsqu\u2019elle fait faillite. Le FGDR indemnise les d\u00e9p\u00f4ts jusqu\u2019\u00e0 100 000 euros par client et par \u00e9tablissement. La Garantie des D\u00e9p\u00f4ts couvre les particuliers majeurs et mineurs, les entreprises ou les [&hellip;]<\/p>\n","protected":false},"author":7,"featured_media":0,"parent":0,"menu_order":0,"comment_status":"closed","ping_status":"closed","template":"","meta":{"_acf_changed":false,"footnotes":""},"class_list":["post-30","page","type-page","status-publish","hentry"],"acf":[],"yoast_head":"<!-- This site is optimized with the Yoast SEO plugin v24.8.1 - https:\/\/yoast.com\/wordpress\/plugins\/seo\/ -->\n<title>Garantie des d\u00e9p\u00f4ts | Natixis Equity Derivatives<\/title>\n<meta name=\"robots\" content=\"index, follow, max-snippet:-1, max-image-preview:large, max-video-preview:-1\" \/>\n<link rel=\"canonical\" href=\"https:\/\/equityderivatives.natixis.com\/fr\/garantie-de-depot\/\" \/>\n<meta property=\"og:locale\" content=\"fr_FR\" \/>\n<meta property=\"og:type\" content=\"article\" \/>\n<meta property=\"og:title\" content=\"Garantie des d\u00e9p\u00f4ts | Natixis Equity Derivatives Solutions\" \/>\n<meta property=\"og:description\" content=\"Cr\u00e9\u00e9 par la loi, le Fonds de Garantie des D\u00e9p\u00f4ts et de R\u00e9solution (FGDR) est charg\u00e9 de prot\u00e9ger et indemniser les clients d\u2019une banque lorsqu\u2019elle fait faillite. Le FGDR indemnise les d\u00e9p\u00f4ts jusqu\u2019\u00e0 100 000 euros par client et par \u00e9tablissement. La Garantie des D\u00e9p\u00f4ts couvre les particuliers majeurs et mineurs, les entreprises ou les [&hellip;]\" \/>\n<meta property=\"og:url\" content=\"https:\/\/equityderivatives.natixis.com\/fr\/garantie-de-depot\/\" \/>\n<meta property=\"og:site_name\" content=\"Natixis Equity Derivatives\" \/>\n<meta property=\"article:modified_time\" content=\"2026-03-13T15:52:20+00:00\" \/>\n<meta name=\"twitter:card\" content=\"summary_large_image\" \/>\n<meta name=\"twitter:title\" content=\"Garantie des d\u00e9p\u00f4ts | Natixis Equity Derivatives Solutions\" \/>\n<meta name=\"twitter:label1\" content=\"Est. reading time\" \/>\n\t<meta name=\"twitter:data1\" content=\"1 minute\" \/>\n<script type=\"application\/ld+json\" class=\"yoast-schema-graph\">{\"@context\":\"https:\/\/schema.org\",\"@graph\":[{\"@type\":\"WebPage\",\"@id\":\"https:\/\/equityderivatives.natixis.com\/fr\/garantie-de-depot\/\",\"url\":\"https:\/\/equityderivatives.natixis.com\/fr\/garantie-de-depot\/\",\"name\":\"Garantie des d\u00e9p\u00f4ts | Natixis Equity Derivatives\",\"isPartOf\":{\"@id\":\"https:\/\/equityderivatives.natixis.com\/fr\/#website\"},\"datePublished\":\"2017-12-21T20:42:50+00:00\",\"dateModified\":\"2026-03-13T15:52:20+00:00\",\"breadcrumb\":{\"@id\":\"https:\/\/equityderivatives.natixis.com\/fr\/garantie-de-depot\/#breadcrumb\"},\"inLanguage\":\"fr-FR\",\"potentialAction\":[{\"@type\":\"ReadAction\",\"target\":[\"https:\/\/equityderivatives.natixis.com\/fr\/garantie-de-depot\/\"]}]},{\"@type\":\"BreadcrumbList\",\"@id\":\"https:\/\/equityderivatives.natixis.com\/fr\/garantie-de-depot\/#breadcrumb\",\"itemListElement\":[{\"@type\":\"ListItem\",\"position\":1,\"name\":\"Home\",\"item\":\"https:\/\/equityderivatives.natixis.com\/fr\/\"},{\"@type\":\"ListItem\",\"position\":2,\"name\":\"Garantie de d\u00e9p\u00f4t\"}]},{\"@type\":\"WebSite\",\"@id\":\"https:\/\/equityderivatives.natixis.com\/fr\/#website\",\"url\":\"https:\/\/equityderivatives.natixis.com\/fr\/\",\"name\":\"Natixis Equity Derivatives\",\"description\":\"\",\"potentialAction\":[{\"@type\":\"SearchAction\",\"target\":{\"@type\":\"EntryPoint\",\"urlTemplate\":\"https:\/\/equityderivatives.natixis.com\/fr\/?s={search_term_string}\"},\"query-input\":{\"@type\":\"PropertyValueSpecification\",\"valueRequired\":true,\"valueName\":\"search_term_string\"}}],\"inLanguage\":\"fr-FR\"}]}<\/script>\n<!-- \/ Yoast SEO plugin. -->","yoast_head_json":{"title":"Garantie des d\u00e9p\u00f4ts | Natixis Equity Derivatives","robots":{"index":"index","follow":"follow","max-snippet":"max-snippet:-1","max-image-preview":"max-image-preview:large","max-video-preview":"max-video-preview:-1"},"canonical":"https:\/\/equityderivatives.natixis.com\/fr\/garantie-de-depot\/","og_locale":"fr_FR","og_type":"article","og_title":"Garantie des d\u00e9p\u00f4ts | Natixis Equity Derivatives Solutions","og_description":"Cr\u00e9\u00e9 par la loi, le Fonds de Garantie des D\u00e9p\u00f4ts et de R\u00e9solution (FGDR) est charg\u00e9 de prot\u00e9ger et indemniser les clients d\u2019une banque lorsqu\u2019elle fait faillite. Le FGDR indemnise les d\u00e9p\u00f4ts jusqu\u2019\u00e0 100 000 euros par client et par \u00e9tablissement. La Garantie des D\u00e9p\u00f4ts couvre les particuliers majeurs et mineurs, les entreprises ou les [&hellip;]","og_url":"https:\/\/equityderivatives.natixis.com\/fr\/garantie-de-depot\/","og_site_name":"Natixis Equity Derivatives","article_modified_time":"2026-03-13T15:52:20+00:00","twitter_card":"summary_large_image","twitter_title":"Garantie des d\u00e9p\u00f4ts | Natixis Equity Derivatives Solutions","twitter_misc":{"Est. reading time":"1 minute"},"schema":{"@context":"https:\/\/schema.org","@graph":[{"@type":"WebPage","@id":"https:\/\/equityderivatives.natixis.com\/fr\/garantie-de-depot\/","url":"https:\/\/equityderivatives.natixis.com\/fr\/garantie-de-depot\/","name":"Garantie des d\u00e9p\u00f4ts | Natixis Equity Derivatives","isPartOf":{"@id":"https:\/\/equityderivatives.natixis.com\/fr\/#website"},"datePublished":"2017-12-21T20:42:50+00:00","dateModified":"2026-03-13T15:52:20+00:00","breadcrumb":{"@id":"https:\/\/equityderivatives.natixis.com\/fr\/garantie-de-depot\/#breadcrumb"},"inLanguage":"fr-FR","potentialAction":[{"@type":"ReadAction","target":["https:\/\/equityderivatives.natixis.com\/fr\/garantie-de-depot\/"]}]},{"@type":"BreadcrumbList","@id":"https:\/\/equityderivatives.natixis.com\/fr\/garantie-de-depot\/#breadcrumb","itemListElement":[{"@type":"ListItem","position":1,"name":"Home","item":"https:\/\/equityderivatives.natixis.com\/fr\/"},{"@type":"ListItem","position":2,"name":"Garantie de d\u00e9p\u00f4t"}]},{"@type":"WebSite","@id":"https:\/\/equityderivatives.natixis.com\/fr\/#website","url":"https:\/\/equityderivatives.natixis.com\/fr\/","name":"Natixis Equity Derivatives","description":"","potentialAction":[{"@type":"SearchAction","target":{"@type":"EntryPoint","urlTemplate":"https:\/\/equityderivatives.natixis.com\/fr\/?s={search_term_string}"},"query-input":{"@type":"PropertyValueSpecification","valueRequired":true,"valueName":"search_term_string"}}],"inLanguage":"fr-FR"}]}},"_links":{"self":[{"href":"https:\/\/equityderivatives.natixis.com\/fr\/wp-json\/wp\/v2\/pages\/30","targetHints":{"allow":["GET"]}}],"collection":[{"href":"https:\/\/equityderivatives.natixis.com\/fr\/wp-json\/wp\/v2\/pages"}],"about":[{"href":"https:\/\/equityderivatives.natixis.com\/fr\/wp-json\/wp\/v2\/types\/page"}],"author":[{"embeddable":true,"href":"https:\/\/equityderivatives.natixis.com\/fr\/wp-json\/wp\/v2\/users\/7"}],"replies":[{"embeddable":true,"href":"https:\/\/equityderivatives.natixis.com\/fr\/wp-json\/wp\/v2\/comments?post=30"}],"version-history":[{"count":9,"href":"https:\/\/equityderivatives.natixis.com\/fr\/wp-json\/wp\/v2\/pages\/30\/revisions"}],"predecessor-version":[{"id":117159,"href":"https:\/\/equityderivatives.natixis.com\/fr\/wp-json\/wp\/v2\/pages\/30\/revisions\/117159"}],"wp:attachment":[{"href":"https:\/\/equityderivatives.natixis.com\/fr\/wp-json\/wp\/v2\/media?parent=30"}],"curies":[{"name":"wp","href":"https:\/\/api.w.org\/{rel}","templated":true}]}}