{"id":104214,"date":"2024-12-12T16:09:15","date_gmt":"2024-12-12T15:09:15","guid":{"rendered":"https:\/\/equityderivatives.natixis.com\/?page_id=104214"},"modified":"2026-03-11T16:12:28","modified_gmt":"2026-03-11T15:12:28","slug":"accessibilite","status":"publish","type":"page","link":"https:\/\/equityderivatives.natixis.com\/fr\/accessibilite\/","title":{"rendered":"D\u00e9claration d\u2019accessibilit\u00e9"},"content":{"rendered":"<h2>Qu\u2019est-ce que l\u2019accessibilit\u00e9 num\u00e9rique ?<\/h2>\n<p>L\u2019accessibilit\u00e9 num\u00e9rique est un ensemble de r\u00e8gles et de bonnes pratiques qui couvrent notamment les aspects fonctionnels, graphiques, techniques et \u00e9ditoriaux.<\/p>\n<p>Le suivi de ces r\u00e8gles et bonnes pratiques permet de s\u2019assurer que les supports num\u00e9riques (sites web, applications mobiles, documents PDF, etc.) sont <b>accessibles aux personnes handicap\u00e9es<\/b>.<\/p>\n<p>Un site accessible permet par exemple de :<\/p>\n<ul>\n<li>Personnaliser son affichage via le syst\u00e8me d\u2019exploitation et\/ou le navigateur (agrandissement ou r\u00e9tr\u00e9cissement des caract\u00e8res, changement de la typographie, modification des couleurs, arr\u00eat des animations, etc.).<\/li>\n<li>Naviguer \u00e0 l\u2019aide de technologies d\u2019assistance comme une synth\u00e8se vocale ou une plage braille.<\/li>\n<li>Naviguer sans utiliser la souris, avec le clavier uniquement, des contacteurs ou via un \u00e9cran tactile.<\/li>\n<li>Consulter les vid\u00e9os et les contenus audio \u00e0 l\u2019aide de sous-titres et\/ou de transcriptions.<\/li>\n<li>Etc.<\/li>\n<\/ul>\n<h2>Engagements d\u2019accessibilit\u00e9 num\u00e9rique<\/h2>\n<p>Natixis s\u2019engage \u00e0 rendre accessibles ses sites web (internet, intranet et extranet), ses applications mobiles, ses progiciels et son mobilier urbain num\u00e9rique conform\u00e9ment \u00e0 <a href=\"https:\/\/www.legifrance.gouv.fr\/loda\/article_lc\/LEGIARTI000037388867\" target=\"_blank\" rel=\"noopener\">l\u2019article 47 de la loi n\u00b02005-102 du 11 f\u00e9vrier 2005.<\/a> et en accord avec les ambitions et engagements du Groupe BPCE dont elle fait partie.<\/p>\n<p>Actuellement, le Groupe BPCE met en \u0153uvre un programme visant \u00e0 renforcer l&#8217;accessibilit\u00e9 num\u00e9rique, dont l&#8217;un des \u00e9l\u00e9ments cl\u00e9s est l&#8217;\u00e9laboration <a href=\"https:\/\/www.groupebpce.com\/mentions-legales\/accessibilite\/schema-pluriannuel-daccessibilite-numerique-du-groupe-bpce\/\" target=\"_blank\" rel=\"noopener\">d&#8217;un sch\u00e9ma pluriannuel 2025-2027 commun \u00e0 l\u2019ensemble de ses entit\u00e9s<\/a>.<\/p>\n<p>Natixis<strong>\u00a0<\/strong>s\u2019inscrit dans ce cadre commun, d\u00e9clin\u00e9 \u00e0 son \u00e9chelle via son\u00a0<u><a href=\"https:\/\/cib.natixis.com\/Home\/Home%20_%20Natixis%20CIB%20-%20Beyond%20Banking_files\/PlanAnnuel-Accessibilite_Natixis_CIB.pdf\">Plan d\u2019actions accessibilit\u00e9 2025<\/a>.<\/u><\/p>\n<h2>D\u00e9claration de non-conformit\u00e9 au RGAA<\/h2>\n<p>Cette d\u00e9claration temporaire s\u2019applique au site <a href=\"https:\/\/equityderivatives.natixis.com\/fr\/\" target=\"_blank\" rel=\"noopener\"><span data-teams=\"true\">Natixis Equity Derivatives<\/span><\/a>.<\/p>\n<h3>\u00c9tat de conformit\u00e9<\/h3>\n<p>Ce pr\u00e9sent site est non conforme au <a href=\"https:\/\/accessibilite.numerique.gouv.fr\/\" target=\"_blank\" rel=\"noopener\">RGAA (R\u00e9f\u00e9rentiel G\u00e9n\u00e9ral d\u2019Am\u00e9lioration de l\u2019Accessibilit\u00e9)<\/a> &#8211; version 4.1.2 en raison de l\u2019absence d\u2019un audit permettant d\u2019\u00e9valuer sa conformit\u00e9.<\/p>\n<p>En cas de refonte ou de d\u00e9commissionnement pr\u00e9vu du site, aucune action ne sera entreprise.<\/p>\n<h3>\u00c9tablissement de cette d\u00e9claration<\/h3>\n<p>Cette d\u00e9claration a \u00e9t\u00e9 \u00e9tablie le 18\/10\/2024<\/p>\n<h2>Retour d\u2019information et contact<\/h2>\n<p>Si vous n\u2019arrivez pas \u00e0 acc\u00e9der \u00e0 un contenu ou \u00e0 un service de ce site, vous pouvez nous contacter via un des moyens ci-apr\u00e8s en d\u00e9crivant votre probl\u00e8me :<\/p>\n<ul>\n<li>\u00c9crivez-nous \u00e0 l\u2019adresse email suivante : contact.accessibilite@natixis.com.<\/li>\n<\/ul>\n<h3>Voies de recours<\/h3>\n<ol>\n<li>Vous avez identifi\u00e9 sur ce site web un ou plusieurs manquement(s) \u00e0 la r\u00e9glementation relative \u00e0 l\u2019accessibilit\u00e9 num\u00e9rique (pr\u00e9sence de d\u00e9fauts d&#8217;accessibilit\u00e9, absence des obligations d\u00e9claratives, etc.).<\/li>\n<li>Vous nous avez contact\u00e9 pour nous en informer.<\/li>\n<li>Vous n&#8217;avez pas re\u00e7u de r\u00e9ponse satisfaisante.<\/li>\n<\/ol>\n<p>Alors vous avez la possibilit\u00e9 de :<\/p>\n<h4>Contacter l&#8217;Arcom<\/h4>\n<p>Afin de signaler un ou plusieurs manquement(s) \u00e0 la r\u00e9glementation relative \u00e0 l\u2019accessibilit\u00e9 num\u00e9rique, rendez-vous sur le <a href=\"https:\/\/www.arcom.fr\/contact\" target=\"_blank\" rel=\"noopener\">formulaire de contact du site web de l&#8217;Arcom.<\/a><\/p>\n<h4>Saisir le D\u00e9fenseur des droits<\/h4>\n<p>Pour faire valoir vos droits relatifs \u00e0 des d\u00e9fauts d&#8217;accessibilit\u00e9 que vous avez rencontr\u00e9s :<\/p>\n<ul>\n<li>Soit contactez le d\u00e9l\u00e9gu\u00e9 de votre r\u00e9gion en passant par <a href=\"https:\/\/www.defenseurdesdroits.fr\/carte-des-delegues\" target=\"_blank\" rel=\"noopener\">l&#8217;annuaire des d\u00e9l\u00e9gu\u00e9s du D\u00e9fenseur des droits.<\/a><\/li>\n<li>Soit remplissez le <a href=\"https:\/\/formulaire.defenseurdesdroits.fr\/formulaire_saisine\/\" target=\"_blank\" rel=\"noopener\">formulaire de r\u00e9clamation du D\u00e9fenseur des droits<\/a> en choisissant les th\u00e9matiques \u00ab Je suis victime de discrimination&#8221; puis \u00ab Biens et services priv\u00e9s \u00bb et enfin \u00ab Handicap \u00bb.<\/li>\n<li>Soit envoyez un courrier gratuit (sans mettre de timbre) par la poste \u00e0 l&#8217;adresse suivante :\n<p>D\u00e9fenseur des droits <br \/>\nLibre r\u00e9ponse 71120 <br \/>\n75342 Paris CEDEX 07<\/p>\n<\/li>\n<\/ul>\n","protected":false},"excerpt":{"rendered":"<p>Qu\u2019est-ce que l\u2019accessibilit\u00e9 num\u00e9rique ? L\u2019accessibilit\u00e9 num\u00e9rique est un ensemble de r\u00e8gles et de bonnes pratiques qui couvrent notamment les aspects fonctionnels, graphiques, techniques et \u00e9ditoriaux. Le suivi de ces r\u00e8gles et bonnes pratiques permet de s\u2019assurer que les supports num\u00e9riques (sites web, applications mobiles, documents PDF, etc.) sont accessibles aux personnes handicap\u00e9es. Un site [&hellip;]<\/p>\n","protected":false},"author":27,"featured_media":0,"parent":0,"menu_order":50,"comment_status":"closed","ping_status":"closed","template":"","meta":{"_acf_changed":false,"footnotes":""},"class_list":["post-104214","page","type-page","status-publish","hentry"],"acf":[],"yoast_head":"<!-- This site is optimized with the Yoast SEO plugin v24.8.1 - https:\/\/yoast.com\/wordpress\/plugins\/seo\/ -->\n<title>D\u00e9claration d\u2019accessibilit\u00e9 - Natixis Equity Derivatives<\/title>\n<meta name=\"robots\" content=\"index, follow, max-snippet:-1, max-image-preview:large, max-video-preview:-1\" \/>\n<link rel=\"canonical\" href=\"https:\/\/equityderivatives.natixis.com\/fr\/accessibilite\/\" \/>\n<meta property=\"og:locale\" content=\"fr_FR\" \/>\n<meta property=\"og:type\" content=\"article\" \/>\n<meta property=\"og:title\" content=\"D\u00e9claration d\u2019accessibilit\u00e9 - Natixis Equity Derivatives\" \/>\n<meta property=\"og:description\" content=\"Qu\u2019est-ce que l\u2019accessibilit\u00e9 num\u00e9rique ? L\u2019accessibilit\u00e9 num\u00e9rique est un ensemble de r\u00e8gles et de bonnes pratiques qui couvrent notamment les aspects fonctionnels, graphiques, techniques et \u00e9ditoriaux. Le suivi de ces r\u00e8gles et bonnes pratiques permet de s\u2019assurer que les supports num\u00e9riques (sites web, applications mobiles, documents PDF, etc.) sont accessibles aux personnes handicap\u00e9es. Un site [&hellip;]\" \/>\n<meta property=\"og:url\" content=\"https:\/\/equityderivatives.natixis.com\/fr\/accessibilite\/\" \/>\n<meta property=\"og:site_name\" content=\"Natixis Equity Derivatives\" \/>\n<meta property=\"article:modified_time\" content=\"2026-03-11T15:12:28+00:00\" \/>\n<meta name=\"twitter:card\" content=\"summary_large_image\" \/>\n<meta name=\"twitter:label1\" content=\"Est. reading time\" \/>\n\t<meta name=\"twitter:data1\" content=\"3 minutes\" \/>\n<script type=\"application\/ld+json\" class=\"yoast-schema-graph\">{\"@context\":\"https:\/\/schema.org\",\"@graph\":[{\"@type\":\"WebPage\",\"@id\":\"https:\/\/equityderivatives.natixis.com\/fr\/accessibilite\/\",\"url\":\"https:\/\/equityderivatives.natixis.com\/fr\/accessibilite\/\",\"name\":\"D\u00e9claration d\u2019accessibilit\u00e9 - Natixis Equity Derivatives\",\"isPartOf\":{\"@id\":\"https:\/\/equityderivatives.natixis.com\/fr\/#website\"},\"datePublished\":\"2024-12-12T15:09:15+00:00\",\"dateModified\":\"2026-03-11T15:12:28+00:00\",\"breadcrumb\":{\"@id\":\"https:\/\/equityderivatives.natixis.com\/fr\/accessibilite\/#breadcrumb\"},\"inLanguage\":\"fr-FR\",\"potentialAction\":[{\"@type\":\"ReadAction\",\"target\":[\"https:\/\/equityderivatives.natixis.com\/fr\/accessibilite\/\"]}]},{\"@type\":\"BreadcrumbList\",\"@id\":\"https:\/\/equityderivatives.natixis.com\/fr\/accessibilite\/#breadcrumb\",\"itemListElement\":[{\"@type\":\"ListItem\",\"position\":1,\"name\":\"Home\",\"item\":\"https:\/\/equityderivatives.natixis.com\/fr\/\"},{\"@type\":\"ListItem\",\"position\":2,\"name\":\"D\u00e9claration d\u2019accessibilit\u00e9\"}]},{\"@type\":\"WebSite\",\"@id\":\"https:\/\/equityderivatives.natixis.com\/fr\/#website\",\"url\":\"https:\/\/equityderivatives.natixis.com\/fr\/\",\"name\":\"Natixis Equity Derivatives\",\"description\":\"\",\"potentialAction\":[{\"@type\":\"SearchAction\",\"target\":{\"@type\":\"EntryPoint\",\"urlTemplate\":\"https:\/\/equityderivatives.natixis.com\/fr\/?s={search_term_string}\"},\"query-input\":{\"@type\":\"PropertyValueSpecification\",\"valueRequired\":true,\"valueName\":\"search_term_string\"}}],\"inLanguage\":\"fr-FR\"}]}<\/script>\n<!-- \/ Yoast SEO plugin. -->","yoast_head_json":{"title":"D\u00e9claration d\u2019accessibilit\u00e9 - Natixis Equity Derivatives","robots":{"index":"index","follow":"follow","max-snippet":"max-snippet:-1","max-image-preview":"max-image-preview:large","max-video-preview":"max-video-preview:-1"},"canonical":"https:\/\/equityderivatives.natixis.com\/fr\/accessibilite\/","og_locale":"fr_FR","og_type":"article","og_title":"D\u00e9claration d\u2019accessibilit\u00e9 - Natixis Equity Derivatives","og_description":"Qu\u2019est-ce que l\u2019accessibilit\u00e9 num\u00e9rique ? L\u2019accessibilit\u00e9 num\u00e9rique est un ensemble de r\u00e8gles et de bonnes pratiques qui couvrent notamment les aspects fonctionnels, graphiques, techniques et \u00e9ditoriaux. Le suivi de ces r\u00e8gles et bonnes pratiques permet de s\u2019assurer que les supports num\u00e9riques (sites web, applications mobiles, documents PDF, etc.) sont accessibles aux personnes handicap\u00e9es. Un site [&hellip;]","og_url":"https:\/\/equityderivatives.natixis.com\/fr\/accessibilite\/","og_site_name":"Natixis Equity Derivatives","article_modified_time":"2026-03-11T15:12:28+00:00","twitter_card":"summary_large_image","twitter_misc":{"Est. reading time":"3 minutes"},"schema":{"@context":"https:\/\/schema.org","@graph":[{"@type":"WebPage","@id":"https:\/\/equityderivatives.natixis.com\/fr\/accessibilite\/","url":"https:\/\/equityderivatives.natixis.com\/fr\/accessibilite\/","name":"D\u00e9claration d\u2019accessibilit\u00e9 - Natixis Equity Derivatives","isPartOf":{"@id":"https:\/\/equityderivatives.natixis.com\/fr\/#website"},"datePublished":"2024-12-12T15:09:15+00:00","dateModified":"2026-03-11T15:12:28+00:00","breadcrumb":{"@id":"https:\/\/equityderivatives.natixis.com\/fr\/accessibilite\/#breadcrumb"},"inLanguage":"fr-FR","potentialAction":[{"@type":"ReadAction","target":["https:\/\/equityderivatives.natixis.com\/fr\/accessibilite\/"]}]},{"@type":"BreadcrumbList","@id":"https:\/\/equityderivatives.natixis.com\/fr\/accessibilite\/#breadcrumb","itemListElement":[{"@type":"ListItem","position":1,"name":"Home","item":"https:\/\/equityderivatives.natixis.com\/fr\/"},{"@type":"ListItem","position":2,"name":"D\u00e9claration d\u2019accessibilit\u00e9"}]},{"@type":"WebSite","@id":"https:\/\/equityderivatives.natixis.com\/fr\/#website","url":"https:\/\/equityderivatives.natixis.com\/fr\/","name":"Natixis Equity Derivatives","description":"","potentialAction":[{"@type":"SearchAction","target":{"@type":"EntryPoint","urlTemplate":"https:\/\/equityderivatives.natixis.com\/fr\/?s={search_term_string}"},"query-input":{"@type":"PropertyValueSpecification","valueRequired":true,"valueName":"search_term_string"}}],"inLanguage":"fr-FR"}]}},"_links":{"self":[{"href":"https:\/\/equityderivatives.natixis.com\/fr\/wp-json\/wp\/v2\/pages\/104214","targetHints":{"allow":["GET"]}}],"collection":[{"href":"https:\/\/equityderivatives.natixis.com\/fr\/wp-json\/wp\/v2\/pages"}],"about":[{"href":"https:\/\/equityderivatives.natixis.com\/fr\/wp-json\/wp\/v2\/types\/page"}],"author":[{"embeddable":true,"href":"https:\/\/equityderivatives.natixis.com\/fr\/wp-json\/wp\/v2\/users\/27"}],"replies":[{"embeddable":true,"href":"https:\/\/equityderivatives.natixis.com\/fr\/wp-json\/wp\/v2\/comments?post=104214"}],"version-history":[{"count":6,"href":"https:\/\/equityderivatives.natixis.com\/fr\/wp-json\/wp\/v2\/pages\/104214\/revisions"}],"predecessor-version":[{"id":114248,"href":"https:\/\/equityderivatives.natixis.com\/fr\/wp-json\/wp\/v2\/pages\/104214\/revisions\/114248"}],"wp:attachment":[{"href":"https:\/\/equityderivatives.natixis.com\/fr\/wp-json\/wp\/v2\/media?parent=104214"}],"curies":[{"name":"wp","href":"https:\/\/api.w.org\/{rel}","templated":true}]}}