{"id":23652,"date":"2017-12-21T21:42:50","date_gmt":"2017-12-21T20:42:50","guid":{"rendered":"https:\/\/equityderivatives.natixis.com\/deposit-guarantee\/"},"modified":"2026-04-01T11:40:54","modified_gmt":"2026-04-01T09:40:54","slug":"deposit-guarantee","status":"publish","type":"page","link":"https:\/\/equityderivatives.natixis.com\/en\/deposit-guarantee\/","title":{"rendered":"Deposit Guarantee"},"content":{"rendered":"<p>Created by law, the Fonds de Garantie des D\u00e9p\u00f4ts et de R\u00e9solution &#8211; FGDR compensates depositors, for an amount up to \u20ac100,000 per person, per institution, when a banking institution fails. A guarantee that benefits all bank customers, private individuals, businesses of any size, associations.<\/p>\n<p>For more information, click: <a href=\"http:\/\/www.garantiedesdepots.fr\/en\/compensation-procedure\" target=\"_blank\" rel=\"noopener\">FGDR compensates depositors<\/a><\/p>\n<p><a href=\"https:\/\/equityderivatives.natixis.com\/wp-content\/uploads\/03-FGDR-Plaquette_Explicative-2025_EN_WEB.pdf\">FGDR Brochure<\/a><\/p>\n","protected":false},"excerpt":{"rendered":"<p>Created by law, the Fonds de Garantie des D\u00e9p\u00f4ts et de R\u00e9solution &#8211; FGDR compensates depositors, for an amount up to \u20ac100,000 per person, per institution, when a banking institution fails. A guarantee that benefits all bank customers, private individuals, businesses of any size, associations. For more information, click: FGDR compensates depositors FGDR Brochure<\/p>\n","protected":false},"author":7,"featured_media":0,"parent":0,"menu_order":0,"comment_status":"closed","ping_status":"closed","template":"","meta":{"_acf_changed":false,"footnotes":""},"class_list":["post-23652","page","type-page","status-publish","hentry"],"acf":[],"yoast_head":"<!-- This site is optimized with the Yoast SEO plugin v24.8.1 - https:\/\/yoast.com\/wordpress\/plugins\/seo\/ -->\n<title>Garantie des d\u00e9p\u00f4ts | Natixis Equity Derivatives<\/title>\n<meta name=\"robots\" content=\"index, follow, max-snippet:-1, max-image-preview:large, max-video-preview:-1\" \/>\n<link rel=\"canonical\" href=\"https:\/\/equityderivatives.natixis.com\/en\/deposit-guarantee\/\" \/>\n<meta property=\"og:locale\" content=\"en_GB\" \/>\n<meta property=\"og:type\" content=\"article\" \/>\n<meta property=\"og:title\" content=\"Garantie des d\u00e9p\u00f4ts | Natixis Equity Derivatives Solutions\" \/>\n<meta property=\"og:description\" content=\"Created by law, the Fonds de Garantie des D\u00e9p\u00f4ts et de R\u00e9solution &#8211; FGDR compensates depositors, for an amount up to \u20ac100,000 per person, per institution, when a banking institution fails. A guarantee that benefits all bank customers, private individuals, businesses of any size, associations. For more information, click: FGDR compensates depositors FGDR Brochure\" \/>\n<meta property=\"og:url\" content=\"https:\/\/equityderivatives.natixis.com\/en\/deposit-guarantee\/\" \/>\n<meta property=\"og:site_name\" content=\"Natixis Equity Derivatives\" \/>\n<meta property=\"article:modified_time\" content=\"2026-04-01T09:40:54+00:00\" \/>\n<meta name=\"twitter:card\" content=\"summary_large_image\" \/>\n<meta name=\"twitter:title\" content=\"Garantie des d\u00e9p\u00f4ts | Natixis Equity Derivatives Solutions\" \/>\n<meta name=\"twitter:label1\" content=\"Est. reading time\" \/>\n\t<meta name=\"twitter:data1\" content=\"1 minute\" \/>\n<script type=\"application\/ld+json\" class=\"yoast-schema-graph\">{\"@context\":\"https:\/\/schema.org\",\"@graph\":[{\"@type\":\"WebPage\",\"@id\":\"https:\/\/equityderivatives.natixis.com\/en\/deposit-guarantee\/\",\"url\":\"https:\/\/equityderivatives.natixis.com\/en\/deposit-guarantee\/\",\"name\":\"Garantie des d\u00e9p\u00f4ts | Natixis Equity Derivatives\",\"isPartOf\":{\"@id\":\"https:\/\/equityderivatives.natixis.com\/en\/#website\"},\"datePublished\":\"2017-12-21T20:42:50+00:00\",\"dateModified\":\"2026-04-01T09:40:54+00:00\",\"breadcrumb\":{\"@id\":\"https:\/\/equityderivatives.natixis.com\/en\/deposit-guarantee\/#breadcrumb\"},\"inLanguage\":\"en-GB\",\"potentialAction\":[{\"@type\":\"ReadAction\",\"target\":[\"https:\/\/equityderivatives.natixis.com\/en\/deposit-guarantee\/\"]}]},{\"@type\":\"BreadcrumbList\",\"@id\":\"https:\/\/equityderivatives.natixis.com\/en\/deposit-guarantee\/#breadcrumb\",\"itemListElement\":[{\"@type\":\"ListItem\",\"position\":1,\"name\":\"Home\",\"item\":\"https:\/\/equityderivatives.natixis.com\/en\/homepage\/\"},{\"@type\":\"ListItem\",\"position\":2,\"name\":\"Deposit Guarantee\"}]},{\"@type\":\"WebSite\",\"@id\":\"https:\/\/equityderivatives.natixis.com\/en\/#website\",\"url\":\"https:\/\/equityderivatives.natixis.com\/en\/\",\"name\":\"Natixis Equity Derivatives\",\"description\":\"\",\"potentialAction\":[{\"@type\":\"SearchAction\",\"target\":{\"@type\":\"EntryPoint\",\"urlTemplate\":\"https:\/\/equityderivatives.natixis.com\/en\/?s={search_term_string}\"},\"query-input\":{\"@type\":\"PropertyValueSpecification\",\"valueRequired\":true,\"valueName\":\"search_term_string\"}}],\"inLanguage\":\"en-GB\"}]}<\/script>\n<!-- \/ Yoast SEO plugin. -->","yoast_head_json":{"title":"Garantie des d\u00e9p\u00f4ts | Natixis Equity Derivatives","robots":{"index":"index","follow":"follow","max-snippet":"max-snippet:-1","max-image-preview":"max-image-preview:large","max-video-preview":"max-video-preview:-1"},"canonical":"https:\/\/equityderivatives.natixis.com\/en\/deposit-guarantee\/","og_locale":"en_GB","og_type":"article","og_title":"Garantie des d\u00e9p\u00f4ts | Natixis Equity Derivatives Solutions","og_description":"Created by law, the Fonds de Garantie des D\u00e9p\u00f4ts et de R\u00e9solution &#8211; FGDR compensates depositors, for an amount up to \u20ac100,000 per person, per institution, when a banking institution fails. A guarantee that benefits all bank customers, private individuals, businesses of any size, associations. For more information, click: FGDR compensates depositors FGDR Brochure","og_url":"https:\/\/equityderivatives.natixis.com\/en\/deposit-guarantee\/","og_site_name":"Natixis Equity Derivatives","article_modified_time":"2026-04-01T09:40:54+00:00","twitter_card":"summary_large_image","twitter_title":"Garantie des d\u00e9p\u00f4ts | Natixis Equity Derivatives Solutions","twitter_misc":{"Est. reading time":"1 minute"},"schema":{"@context":"https:\/\/schema.org","@graph":[{"@type":"WebPage","@id":"https:\/\/equityderivatives.natixis.com\/en\/deposit-guarantee\/","url":"https:\/\/equityderivatives.natixis.com\/en\/deposit-guarantee\/","name":"Garantie des d\u00e9p\u00f4ts | Natixis Equity Derivatives","isPartOf":{"@id":"https:\/\/equityderivatives.natixis.com\/en\/#website"},"datePublished":"2017-12-21T20:42:50+00:00","dateModified":"2026-04-01T09:40:54+00:00","breadcrumb":{"@id":"https:\/\/equityderivatives.natixis.com\/en\/deposit-guarantee\/#breadcrumb"},"inLanguage":"en-GB","potentialAction":[{"@type":"ReadAction","target":["https:\/\/equityderivatives.natixis.com\/en\/deposit-guarantee\/"]}]},{"@type":"BreadcrumbList","@id":"https:\/\/equityderivatives.natixis.com\/en\/deposit-guarantee\/#breadcrumb","itemListElement":[{"@type":"ListItem","position":1,"name":"Home","item":"https:\/\/equityderivatives.natixis.com\/en\/homepage\/"},{"@type":"ListItem","position":2,"name":"Deposit Guarantee"}]},{"@type":"WebSite","@id":"https:\/\/equityderivatives.natixis.com\/en\/#website","url":"https:\/\/equityderivatives.natixis.com\/en\/","name":"Natixis Equity Derivatives","description":"","potentialAction":[{"@type":"SearchAction","target":{"@type":"EntryPoint","urlTemplate":"https:\/\/equityderivatives.natixis.com\/en\/?s={search_term_string}"},"query-input":{"@type":"PropertyValueSpecification","valueRequired":true,"valueName":"search_term_string"}}],"inLanguage":"en-GB"}]}},"_links":{"self":[{"href":"https:\/\/equityderivatives.natixis.com\/en\/wp-json\/wp\/v2\/pages\/23652","targetHints":{"allow":["GET"]}}],"collection":[{"href":"https:\/\/equityderivatives.natixis.com\/en\/wp-json\/wp\/v2\/pages"}],"about":[{"href":"https:\/\/equityderivatives.natixis.com\/en\/wp-json\/wp\/v2\/types\/page"}],"author":[{"embeddable":true,"href":"https:\/\/equityderivatives.natixis.com\/en\/wp-json\/wp\/v2\/users\/7"}],"replies":[{"embeddable":true,"href":"https:\/\/equityderivatives.natixis.com\/en\/wp-json\/wp\/v2\/comments?post=23652"}],"version-history":[{"count":7,"href":"https:\/\/equityderivatives.natixis.com\/en\/wp-json\/wp\/v2\/pages\/23652\/revisions"}],"predecessor-version":[{"id":117997,"href":"https:\/\/equityderivatives.natixis.com\/en\/wp-json\/wp\/v2\/pages\/23652\/revisions\/117997"}],"wp:attachment":[{"href":"https:\/\/equityderivatives.natixis.com\/en\/wp-json\/wp\/v2\/media?parent=23652"}],"curies":[{"name":"wp","href":"https:\/\/api.w.org\/{rel}","templated":true}]}}