{"id":23660,"date":"2017-12-21T21:42:50","date_gmt":"2017-12-21T20:42:50","guid":{"rendered":"https:\/\/equityderivatives.natixis.com\/?page_id=23660"},"modified":"2018-04-19T21:25:49","modified_gmt":"2018-04-19T19:25:49","slug":"deposit-guarantee","status":"publish","type":"page","link":"https:\/\/equityderivatives.natixis.com\/en-ee\/deposit-guarantee\/","title":{"rendered":"Deposit Guarantee"},"content":{"rendered":"<p><img decoding=\"async\" src=\"http:\/\/www.equitysolutions.natixis.fr\/EN\/binaer_view.asp?BinaerNr=331\" \/><\/p>\n<p>Created by law, the Fonds de Garantie des D\u00e9p\u00f4ts et de R\u00e9solution &#8211; FGDR compensates depositors, for an amount up to \u20ac100,000 per person, per institution, when a banking institution fails. A guarantee that benefits all bank customers, private individuals, businesses of any size, associations.<\/p>\n<p>For more information, click: <a href=\"http:\/\/www.garantiedesdepots.fr\/en\/compensation-procedure\" target=\"_blank\" rel=\"noopener\">FGDR compensates depositors<\/a><\/p>\n<p>&nbsp;<\/p>\n<p>&nbsp;<\/p>\n","protected":false},"excerpt":{"rendered":"<p>Created by law, the Fonds de Garantie des D\u00e9p\u00f4ts et de R\u00e9solution &#8211; FGDR compensates depositors, for an amount up to \u20ac100,000 per person, per institution, when a banking institution fails. A guarantee that benefits all bank customers, private individuals, businesses of any size, associations. For more information, click: FGDR compensates depositors &nbsp; &nbsp;<\/p>\n","protected":false},"author":7,"featured_media":0,"parent":0,"menu_order":0,"comment_status":"closed","ping_status":"closed","template":"","meta":{"_acf_changed":false,"footnotes":""},"class_list":["post-23660","page","type-page","status-publish","hentry"],"acf":[],"yoast_head":"<!-- This site is optimized with the Yoast SEO plugin v24.8.1 - https:\/\/yoast.com\/wordpress\/plugins\/seo\/ -->\n<title>Deposit Guarantee - Natixis Equity Derivatives<\/title>\n<meta name=\"robots\" content=\"index, follow, max-snippet:-1, max-image-preview:large, max-video-preview:-1\" \/>\n<link rel=\"canonical\" href=\"https:\/\/equityderivatives.natixis.com\/en-ee\/deposit-guarantee\/\" \/>\n<meta property=\"og:locale\" content=\"en_US\" \/>\n<meta property=\"og:type\" content=\"article\" \/>\n<meta property=\"og:title\" content=\"Deposit Guarantee - Natixis Equity Derivatives\" \/>\n<meta property=\"og:description\" content=\"Created by law, the Fonds de Garantie des D\u00e9p\u00f4ts et de R\u00e9solution &#8211; FGDR compensates depositors, for an amount up to \u20ac100,000 per person, per institution, when a banking institution fails. A guarantee that benefits all bank customers, private individuals, businesses of any size, associations. For more information, click: FGDR compensates depositors &nbsp; &nbsp;\" \/>\n<meta property=\"og:url\" content=\"https:\/\/equityderivatives.natixis.com\/en-ee\/deposit-guarantee\/\" \/>\n<meta property=\"og:site_name\" content=\"Natixis Equity Derivatives\" \/>\n<meta property=\"article:modified_time\" content=\"2018-04-19T19:25:49+00:00\" \/>\n<meta property=\"og:image\" content=\"http:\/\/www.equitysolutions.natixis.fr\/EN\/binaer_view.asp?BinaerNr=331\" \/>\n<meta name=\"twitter:card\" content=\"summary_large_image\" \/>\n<script type=\"application\/ld+json\" class=\"yoast-schema-graph\">{\"@context\":\"https:\/\/schema.org\",\"@graph\":[{\"@type\":\"WebPage\",\"@id\":\"https:\/\/equityderivatives.natixis.com\/en-ee\/deposit-guarantee\/\",\"url\":\"https:\/\/equityderivatives.natixis.com\/en-ee\/deposit-guarantee\/\",\"name\":\"Deposit Guarantee - Natixis Equity Derivatives\",\"isPartOf\":{\"@id\":\"https:\/\/equityderivatives.natixis.com\/en-ee\/#website\"},\"primaryImageOfPage\":{\"@id\":\"https:\/\/equityderivatives.natixis.com\/en-ee\/deposit-guarantee\/#primaryimage\"},\"image\":{\"@id\":\"https:\/\/equityderivatives.natixis.com\/en-ee\/deposit-guarantee\/#primaryimage\"},\"thumbnailUrl\":\"http:\/\/www.equitysolutions.natixis.fr\/EN\/binaer_view.asp?BinaerNr=331\",\"datePublished\":\"2017-12-21T20:42:50+00:00\",\"dateModified\":\"2018-04-19T19:25:49+00:00\",\"breadcrumb\":{\"@id\":\"https:\/\/equityderivatives.natixis.com\/en-ee\/deposit-guarantee\/#breadcrumb\"},\"inLanguage\":\"en-EE\",\"potentialAction\":[{\"@type\":\"ReadAction\",\"target\":[\"https:\/\/equityderivatives.natixis.com\/en-ee\/deposit-guarantee\/\"]}]},{\"@type\":\"ImageObject\",\"inLanguage\":\"en-EE\",\"@id\":\"https:\/\/equityderivatives.natixis.com\/en-ee\/deposit-guarantee\/#primaryimage\",\"url\":\"http:\/\/www.equitysolutions.natixis.fr\/EN\/binaer_view.asp?BinaerNr=331\",\"contentUrl\":\"http:\/\/www.equitysolutions.natixis.fr\/EN\/binaer_view.asp?BinaerNr=331\"},{\"@type\":\"BreadcrumbList\",\"@id\":\"https:\/\/equityderivatives.natixis.com\/en-ee\/deposit-guarantee\/#breadcrumb\",\"itemListElement\":[{\"@type\":\"ListItem\",\"position\":1,\"name\":\"Home\",\"item\":\"https:\/\/equityderivatives.natixis.com\/en-ee\/\"},{\"@type\":\"ListItem\",\"position\":2,\"name\":\"Deposit Guarantee\"}]},{\"@type\":\"WebSite\",\"@id\":\"https:\/\/equityderivatives.natixis.com\/en-ee\/#website\",\"url\":\"https:\/\/equityderivatives.natixis.com\/en-ee\/\",\"name\":\"Natixis Equity Derivatives\",\"description\":\"\",\"potentialAction\":[{\"@type\":\"SearchAction\",\"target\":{\"@type\":\"EntryPoint\",\"urlTemplate\":\"https:\/\/equityderivatives.natixis.com\/en-ee\/?s={search_term_string}\"},\"query-input\":{\"@type\":\"PropertyValueSpecification\",\"valueRequired\":true,\"valueName\":\"search_term_string\"}}],\"inLanguage\":\"en-EE\"}]}<\/script>\n<!-- \/ Yoast SEO plugin. -->","yoast_head_json":{"title":"Deposit Guarantee - Natixis Equity Derivatives","robots":{"index":"index","follow":"follow","max-snippet":"max-snippet:-1","max-image-preview":"max-image-preview:large","max-video-preview":"max-video-preview:-1"},"canonical":"https:\/\/equityderivatives.natixis.com\/en-ee\/deposit-guarantee\/","og_locale":"en_US","og_type":"article","og_title":"Deposit Guarantee - Natixis Equity Derivatives","og_description":"Created by law, the Fonds de Garantie des D\u00e9p\u00f4ts et de R\u00e9solution &#8211; FGDR compensates depositors, for an amount up to \u20ac100,000 per person, per institution, when a banking institution fails. A guarantee that benefits all bank customers, private individuals, businesses of any size, associations. For more information, click: FGDR compensates depositors &nbsp; &nbsp;","og_url":"https:\/\/equityderivatives.natixis.com\/en-ee\/deposit-guarantee\/","og_site_name":"Natixis Equity Derivatives","article_modified_time":"2018-04-19T19:25:49+00:00","og_image":[{"url":"http:\/\/www.equitysolutions.natixis.fr\/EN\/binaer_view.asp?BinaerNr=331","type":"","width":"","height":""}],"twitter_card":"summary_large_image","schema":{"@context":"https:\/\/schema.org","@graph":[{"@type":"WebPage","@id":"https:\/\/equityderivatives.natixis.com\/en-ee\/deposit-guarantee\/","url":"https:\/\/equityderivatives.natixis.com\/en-ee\/deposit-guarantee\/","name":"Deposit Guarantee - Natixis Equity Derivatives","isPartOf":{"@id":"https:\/\/equityderivatives.natixis.com\/en-ee\/#website"},"primaryImageOfPage":{"@id":"https:\/\/equityderivatives.natixis.com\/en-ee\/deposit-guarantee\/#primaryimage"},"image":{"@id":"https:\/\/equityderivatives.natixis.com\/en-ee\/deposit-guarantee\/#primaryimage"},"thumbnailUrl":"http:\/\/www.equitysolutions.natixis.fr\/EN\/binaer_view.asp?BinaerNr=331","datePublished":"2017-12-21T20:42:50+00:00","dateModified":"2018-04-19T19:25:49+00:00","breadcrumb":{"@id":"https:\/\/equityderivatives.natixis.com\/en-ee\/deposit-guarantee\/#breadcrumb"},"inLanguage":"en-EE","potentialAction":[{"@type":"ReadAction","target":["https:\/\/equityderivatives.natixis.com\/en-ee\/deposit-guarantee\/"]}]},{"@type":"ImageObject","inLanguage":"en-EE","@id":"https:\/\/equityderivatives.natixis.com\/en-ee\/deposit-guarantee\/#primaryimage","url":"http:\/\/www.equitysolutions.natixis.fr\/EN\/binaer_view.asp?BinaerNr=331","contentUrl":"http:\/\/www.equitysolutions.natixis.fr\/EN\/binaer_view.asp?BinaerNr=331"},{"@type":"BreadcrumbList","@id":"https:\/\/equityderivatives.natixis.com\/en-ee\/deposit-guarantee\/#breadcrumb","itemListElement":[{"@type":"ListItem","position":1,"name":"Home","item":"https:\/\/equityderivatives.natixis.com\/en-ee\/"},{"@type":"ListItem","position":2,"name":"Deposit Guarantee"}]},{"@type":"WebSite","@id":"https:\/\/equityderivatives.natixis.com\/en-ee\/#website","url":"https:\/\/equityderivatives.natixis.com\/en-ee\/","name":"Natixis Equity Derivatives","description":"","potentialAction":[{"@type":"SearchAction","target":{"@type":"EntryPoint","urlTemplate":"https:\/\/equityderivatives.natixis.com\/en-ee\/?s={search_term_string}"},"query-input":{"@type":"PropertyValueSpecification","valueRequired":true,"valueName":"search_term_string"}}],"inLanguage":"en-EE"}]}},"_links":{"self":[{"href":"https:\/\/equityderivatives.natixis.com\/en-ee\/wp-json\/wp\/v2\/pages\/23660","targetHints":{"allow":["GET"]}}],"collection":[{"href":"https:\/\/equityderivatives.natixis.com\/en-ee\/wp-json\/wp\/v2\/pages"}],"about":[{"href":"https:\/\/equityderivatives.natixis.com\/en-ee\/wp-json\/wp\/v2\/types\/page"}],"author":[{"embeddable":true,"href":"https:\/\/equityderivatives.natixis.com\/en-ee\/wp-json\/wp\/v2\/users\/7"}],"replies":[{"embeddable":true,"href":"https:\/\/equityderivatives.natixis.com\/en-ee\/wp-json\/wp\/v2\/comments?post=23660"}],"version-history":[{"count":1,"href":"https:\/\/equityderivatives.natixis.com\/en-ee\/wp-json\/wp\/v2\/pages\/23660\/revisions"}],"predecessor-version":[{"id":23661,"href":"https:\/\/equityderivatives.natixis.com\/en-ee\/wp-json\/wp\/v2\/pages\/23660\/revisions\/23661"}],"wp:attachment":[{"href":"https:\/\/equityderivatives.natixis.com\/en-ee\/wp-json\/wp\/v2\/media?parent=23660"}],"curies":[{"name":"wp","href":"https:\/\/api.w.org\/{rel}","templated":true}]}}