{"id":79284,"date":"2017-12-21T11:14:50","date_gmt":"2017-12-21T10:14:50","guid":{"rendered":"https:\/\/equityderivatives.natixis.com\/indices-3\/"},"modified":"2026-03-13T12:48:34","modified_gmt":"2026-03-13T11:48:34","slug":"indizes","status":"publish","type":"page","link":"https:\/\/equityderivatives.natixis.com\/de\/indizes\/","title":{"rendered":"Indizes"},"content":{"rendered":"","protected":false},"excerpt":{"rendered":"","protected":false},"author":7,"featured_media":0,"parent":0,"menu_order":2,"comment_status":"closed","ping_status":"closed","template":"page-templates\/template-default.php","meta":{"_acf_changed":false,"footnotes":""},"class_list":["post-79284","page","type-page","status-publish","hentry"],"acf":[],"yoast_head":"<!-- This site is optimized with the Yoast SEO plugin v24.8.1 - https:\/\/yoast.com\/wordpress\/plugins\/seo\/ -->\n<title>Indizes | Natixis \u2013 Derivate &amp; Zertifikate<\/title>\n<meta name=\"description\" content=\"Entdecken Sie das gesamte Angebot an Indizes von Natixis. Ein einzigartiger Zugang zu einem vielf\u00e4ltigen Universum von Strategien (Risk Premia, Klima\/ESG, Smart Beta Market Access, thematisch usw.). Ein Angebot von Multi-Asset-, Multi-L\u00e4nder-, Multi-W\u00e4hrungs-Indizes, das einen optimierten Ansatz f\u00fcr das Risikomanagement bietet.\" \/>\n<meta name=\"robots\" content=\"index, follow, max-snippet:-1, max-image-preview:large, max-video-preview:-1\" \/>\n<link rel=\"canonical\" href=\"https:\/\/equityderivatives.natixis.com\/de\/indizes\/\" \/>\n<meta property=\"og:locale\" content=\"de_DE\" \/>\n<meta property=\"og:type\" content=\"article\" \/>\n<meta property=\"og:title\" content=\"Indices multi classes d&#039;actifs, multi pays, multi devises | Natixis Equity Derivatives Solutions\" \/>\n<meta property=\"og:description\" content=\"Retrouvez l&#039;ensemble de la gamme d\u2019indices propos\u00e9e par Natixis. Un acc\u00e8s unique \u00e0 un univers diversifi\u00e9 de strat\u00e9gies (Risk Premia, Climat\/ISR, Smart Beta Market Access, Th\u00e9matique, etc.). Une offre d\u2019indices multi classes d\u2019actifs, multi pays, multi devises offrant une approche optimis\u00e9e de la gestion du risque.\" \/>\n<meta property=\"og:url\" content=\"https:\/\/equityderivatives.natixis.com\/de\/indizes\/\" \/>\n<meta property=\"og:site_name\" content=\"Natixis Equity Derivatives\" \/>\n<meta property=\"article:modified_time\" content=\"2026-03-13T11:48:34+00:00\" \/>\n<meta name=\"twitter:card\" content=\"summary_large_image\" \/>\n<meta name=\"twitter:title\" content=\"Indices multi classes d&#039;actifs, multi pays, multi devises | Natixis Equity Derivatives Solutions\" \/>\n<meta name=\"twitter:description\" content=\"Retrouvez l&#039;ensemble de la gamme d\u2019indices propos\u00e9e par Natixis. Un acc\u00e8s unique \u00e0 un univers diversifi\u00e9 de strat\u00e9gies (Risk Premia, Climat\/ISR, Smart Beta Market Access, Th\u00e9matique, etc.). Une offre d\u2019indices multi classes d\u2019actifs, multi pays, multi devises offrant une approche optimis\u00e9e de la gestion du risque.\" \/>\n<script type=\"application\/ld+json\" class=\"yoast-schema-graph\">{\"@context\":\"https:\/\/schema.org\",\"@graph\":[{\"@type\":\"WebPage\",\"@id\":\"https:\/\/equityderivatives.natixis.com\/de\/indizes\/\",\"url\":\"https:\/\/equityderivatives.natixis.com\/de\/indizes\/\",\"name\":\"Indizes | Natixis \u2013 Derivate & Zertifikate\",\"isPartOf\":{\"@id\":\"https:\/\/equityderivatives.natixis.com\/de\/#website\"},\"datePublished\":\"2017-12-21T10:14:50+00:00\",\"dateModified\":\"2026-03-13T11:48:34+00:00\",\"description\":\"Entdecken Sie das gesamte Angebot an Indizes von Natixis. Ein einzigartiger Zugang zu einem vielf\u00e4ltigen Universum von Strategien (Risk Premia, Klima\/ESG, Smart Beta Market Access, thematisch usw.). Ein Angebot von Multi-Asset-, Multi-L\u00e4nder-, Multi-W\u00e4hrungs-Indizes, das einen optimierten Ansatz f\u00fcr das Risikomanagement bietet.\",\"breadcrumb\":{\"@id\":\"https:\/\/equityderivatives.natixis.com\/de\/indizes\/#breadcrumb\"},\"inLanguage\":\"de-DE\",\"potentialAction\":[{\"@type\":\"ReadAction\",\"target\":[\"https:\/\/equityderivatives.natixis.com\/de\/indizes\/\"]}]},{\"@type\":\"BreadcrumbList\",\"@id\":\"https:\/\/equityderivatives.natixis.com\/de\/indizes\/#breadcrumb\",\"itemListElement\":[{\"@type\":\"ListItem\",\"position\":1,\"name\":\"Home\",\"item\":\"https:\/\/equityderivatives.natixis.com\/de\/accueil\/\"},{\"@type\":\"ListItem\",\"position\":2,\"name\":\"Indizes\"}]},{\"@type\":\"WebSite\",\"@id\":\"https:\/\/equityderivatives.natixis.com\/de\/#website\",\"url\":\"https:\/\/equityderivatives.natixis.com\/de\/\",\"name\":\"Natixis Equity Derivatives\",\"description\":\"\",\"potentialAction\":[{\"@type\":\"SearchAction\",\"target\":{\"@type\":\"EntryPoint\",\"urlTemplate\":\"https:\/\/equityderivatives.natixis.com\/de\/?s={search_term_string}\"},\"query-input\":{\"@type\":\"PropertyValueSpecification\",\"valueRequired\":true,\"valueName\":\"search_term_string\"}}],\"inLanguage\":\"de-DE\"}]}<\/script>\n<!-- \/ Yoast SEO plugin. -->","yoast_head_json":{"title":"Indizes | Natixis \u2013 Derivate & Zertifikate","description":"Entdecken Sie das gesamte Angebot an Indizes von Natixis. Ein einzigartiger Zugang zu einem vielf\u00e4ltigen Universum von Strategien (Risk Premia, Klima\/ESG, Smart Beta Market Access, thematisch usw.). Ein Angebot von Multi-Asset-, Multi-L\u00e4nder-, Multi-W\u00e4hrungs-Indizes, das einen optimierten Ansatz f\u00fcr das Risikomanagement bietet.","robots":{"index":"index","follow":"follow","max-snippet":"max-snippet:-1","max-image-preview":"max-image-preview:large","max-video-preview":"max-video-preview:-1"},"canonical":"https:\/\/equityderivatives.natixis.com\/de\/indizes\/","og_locale":"de_DE","og_type":"article","og_title":"Indices multi classes d'actifs, multi pays, multi devises | Natixis Equity Derivatives Solutions","og_description":"Retrouvez l'ensemble de la gamme d\u2019indices propos\u00e9e par Natixis. Un acc\u00e8s unique \u00e0 un univers diversifi\u00e9 de strat\u00e9gies (Risk Premia, Climat\/ISR, Smart Beta Market Access, Th\u00e9matique, etc.). Une offre d\u2019indices multi classes d\u2019actifs, multi pays, multi devises offrant une approche optimis\u00e9e de la gestion du risque.","og_url":"https:\/\/equityderivatives.natixis.com\/de\/indizes\/","og_site_name":"Natixis Equity Derivatives","article_modified_time":"2026-03-13T11:48:34+00:00","twitter_card":"summary_large_image","twitter_title":"Indices multi classes d'actifs, multi pays, multi devises | Natixis Equity Derivatives Solutions","twitter_description":"Retrouvez l'ensemble de la gamme d\u2019indices propos\u00e9e par Natixis. Un acc\u00e8s unique \u00e0 un univers diversifi\u00e9 de strat\u00e9gies (Risk Premia, Climat\/ISR, Smart Beta Market Access, Th\u00e9matique, etc.). Une offre d\u2019indices multi classes d\u2019actifs, multi pays, multi devises offrant une approche optimis\u00e9e de la gestion du risque.","schema":{"@context":"https:\/\/schema.org","@graph":[{"@type":"WebPage","@id":"https:\/\/equityderivatives.natixis.com\/de\/indizes\/","url":"https:\/\/equityderivatives.natixis.com\/de\/indizes\/","name":"Indizes | Natixis \u2013 Derivate & Zertifikate","isPartOf":{"@id":"https:\/\/equityderivatives.natixis.com\/de\/#website"},"datePublished":"2017-12-21T10:14:50+00:00","dateModified":"2026-03-13T11:48:34+00:00","description":"Entdecken Sie das gesamte Angebot an Indizes von Natixis. Ein einzigartiger Zugang zu einem vielf\u00e4ltigen Universum von Strategien (Risk Premia, Klima\/ESG, Smart Beta Market Access, thematisch usw.). Ein Angebot von Multi-Asset-, Multi-L\u00e4nder-, Multi-W\u00e4hrungs-Indizes, das einen optimierten Ansatz f\u00fcr das Risikomanagement bietet.","breadcrumb":{"@id":"https:\/\/equityderivatives.natixis.com\/de\/indizes\/#breadcrumb"},"inLanguage":"de-DE","potentialAction":[{"@type":"ReadAction","target":["https:\/\/equityderivatives.natixis.com\/de\/indizes\/"]}]},{"@type":"BreadcrumbList","@id":"https:\/\/equityderivatives.natixis.com\/de\/indizes\/#breadcrumb","itemListElement":[{"@type":"ListItem","position":1,"name":"Home","item":"https:\/\/equityderivatives.natixis.com\/de\/accueil\/"},{"@type":"ListItem","position":2,"name":"Indizes"}]},{"@type":"WebSite","@id":"https:\/\/equityderivatives.natixis.com\/de\/#website","url":"https:\/\/equityderivatives.natixis.com\/de\/","name":"Natixis Equity Derivatives","description":"","potentialAction":[{"@type":"SearchAction","target":{"@type":"EntryPoint","urlTemplate":"https:\/\/equityderivatives.natixis.com\/de\/?s={search_term_string}"},"query-input":{"@type":"PropertyValueSpecification","valueRequired":true,"valueName":"search_term_string"}}],"inLanguage":"de-DE"}]}},"_links":{"self":[{"href":"https:\/\/equityderivatives.natixis.com\/de\/wp-json\/wp\/v2\/pages\/79284","targetHints":{"allow":["GET"]}}],"collection":[{"href":"https:\/\/equityderivatives.natixis.com\/de\/wp-json\/wp\/v2\/pages"}],"about":[{"href":"https:\/\/equityderivatives.natixis.com\/de\/wp-json\/wp\/v2\/types\/page"}],"author":[{"embeddable":true,"href":"https:\/\/equityderivatives.natixis.com\/de\/wp-json\/wp\/v2\/users\/7"}],"replies":[{"embeddable":true,"href":"https:\/\/equityderivatives.natixis.com\/de\/wp-json\/wp\/v2\/comments?post=79284"}],"version-history":[{"count":99,"href":"https:\/\/equityderivatives.natixis.com\/de\/wp-json\/wp\/v2\/pages\/79284\/revisions"}],"predecessor-version":[{"id":117100,"href":"https:\/\/equityderivatives.natixis.com\/de\/wp-json\/wp\/v2\/pages\/79284\/revisions\/117100"}],"wp:attachment":[{"href":"https:\/\/equityderivatives.natixis.com\/de\/wp-json\/wp\/v2\/media?parent=79284"}],"curies":[{"name":"wp","href":"https:\/\/api.w.org\/{rel}","templated":true}]}}