{"id":64298,"date":"2018-01-02T11:13:50","date_gmt":"2018-01-02T10:13:50","guid":{"rendered":"https:\/\/equityderivatives.natixis.com\/homepage\/"},"modified":"2026-03-13T13:09:13","modified_gmt":"2026-03-13T12:09:13","slug":"accueil","status":"publish","type":"page","link":"https:\/\/equityderivatives.natixis.com\/de\/","title":{"rendered":"Homepage"},"content":{"rendered":"","protected":false},"excerpt":{"rendered":"","protected":false},"author":7,"featured_media":0,"parent":0,"menu_order":0,"comment_status":"closed","ping_status":"closed","template":"page-templates\/template-homepage.php","meta":{"_acf_changed":false,"footnotes":""},"class_list":["post-64298","page","type-page","status-publish","hentry"],"acf":[],"yoast_head":"<!-- This site is optimized with the Yoast SEO plugin v24.8.1 - https:\/\/yoast.com\/wordpress\/plugins\/seo\/ -->\n<title>Natixis \u2013 Derivate &amp; Zertifikate | Natixis \u2013 Derivate &amp; Zertifikate<\/title>\n<meta name=\"description\" content=\"Willkommen im Universum der Natixis Equity Derivatives. Entdecken Sie unser Angebot, unsere gesamte Palette von Finanzsparprodukten und all unsere Dienstleistungen: E-Maps, E-Transac, unsere aktiv verwalteten Zertifikate und den NXS-Index.\" \/>\n<meta name=\"robots\" content=\"index, follow, max-snippet:-1, max-image-preview:large, max-video-preview:-1\" \/>\n<link rel=\"canonical\" href=\"https:\/\/equityderivatives.natixis.com\/de\/\" \/>\n<meta property=\"og:locale\" content=\"de_DE\" \/>\n<meta property=\"og:type\" content=\"article\" \/>\n<meta property=\"og:title\" content=\"Natixis \u2013 Derivate &amp; Zertifikate | Natixis \u2013 Derivate &amp; Zertifikate\" \/>\n<meta property=\"og:description\" content=\"Bienvenue dans l&#039;univers D\u00e9riv\u00e9s Actions de Natixis. D\u00e9couvrez nos offres, l&#039;ensemble de notre gamme de produits d&#039;\u00e9pargne financi\u00e8re et tous nos services : E-Maps, NXS Indices, Actively Managed Certificates et E-Transac.\" \/>\n<meta property=\"og:url\" content=\"https:\/\/equityderivatives.natixis.com\/de\/\" \/>\n<meta property=\"og:site_name\" content=\"Natixis Equity Derivatives\" \/>\n<meta property=\"article:modified_time\" content=\"2026-03-13T12:09:13+00:00\" \/>\n<meta name=\"twitter:card\" content=\"summary_large_image\" \/>\n<meta name=\"twitter:title\" content=\"Produits D\u00e9riv\u00e9s Actions | Natixis Equity Derivatives Solutions\" \/>\n<meta name=\"twitter:description\" content=\"Bienvenue dans l&#039;univers D\u00e9riv\u00e9s Actions de Natixis. D\u00e9couvrez nos offres, l&#039;ensemble de notre gamme de produits d&#039;\u00e9pargne financi\u00e8re et tous nos services : E-Maps, NXS Indices, Actively Managed Certificates et E-Transac.\" \/>\n<script type=\"application\/ld+json\" class=\"yoast-schema-graph\">{\"@context\":\"https:\/\/schema.org\",\"@graph\":[{\"@type\":\"WebPage\",\"@id\":\"https:\/\/equityderivatives.natixis.com\/de\/\",\"url\":\"https:\/\/equityderivatives.natixis.com\/de\/\",\"name\":\"Natixis \u2013 Derivate & Zertifikate | Natixis \u2013 Derivate & Zertifikate\",\"isPartOf\":{\"@id\":\"https:\/\/equityderivatives.natixis.com\/de\/#website\"},\"datePublished\":\"2018-01-02T10:13:50+00:00\",\"dateModified\":\"2026-03-13T12:09:13+00:00\",\"description\":\"Willkommen im Universum der Natixis Equity Derivatives. Entdecken Sie unser Angebot, unsere gesamte Palette von Finanzsparprodukten und all unsere Dienstleistungen: E-Maps, E-Transac, unsere aktiv verwalteten Zertifikate und den NXS-Index.\",\"breadcrumb\":{\"@id\":\"https:\/\/equityderivatives.natixis.com\/de\/#breadcrumb\"},\"inLanguage\":\"de-DE\",\"potentialAction\":[{\"@type\":\"ReadAction\",\"target\":[\"https:\/\/equityderivatives.natixis.com\/de\/\"]}]},{\"@type\":\"BreadcrumbList\",\"@id\":\"https:\/\/equityderivatives.natixis.com\/de\/#breadcrumb\",\"itemListElement\":[{\"@type\":\"ListItem\",\"position\":1,\"name\":\"Home\",\"item\":\"https:\/\/equityderivatives.natixis.com\/de\/accueil\/\"},{\"@type\":\"ListItem\",\"position\":2,\"name\":\"Homepage\"}]},{\"@type\":\"WebSite\",\"@id\":\"https:\/\/equityderivatives.natixis.com\/de\/#website\",\"url\":\"https:\/\/equityderivatives.natixis.com\/de\/\",\"name\":\"Natixis Equity Derivatives\",\"description\":\"\",\"potentialAction\":[{\"@type\":\"SearchAction\",\"target\":{\"@type\":\"EntryPoint\",\"urlTemplate\":\"https:\/\/equityderivatives.natixis.com\/de\/?s={search_term_string}\"},\"query-input\":{\"@type\":\"PropertyValueSpecification\",\"valueRequired\":true,\"valueName\":\"search_term_string\"}}],\"inLanguage\":\"de-DE\"}]}<\/script>\n<!-- \/ Yoast SEO plugin. -->","yoast_head_json":{"title":"Natixis \u2013 Derivate & Zertifikate | Natixis \u2013 Derivate & Zertifikate","description":"Willkommen im Universum der Natixis Equity Derivatives. Entdecken Sie unser Angebot, unsere gesamte Palette von Finanzsparprodukten und all unsere Dienstleistungen: E-Maps, E-Transac, unsere aktiv verwalteten Zertifikate und den NXS-Index.","robots":{"index":"index","follow":"follow","max-snippet":"max-snippet:-1","max-image-preview":"max-image-preview:large","max-video-preview":"max-video-preview:-1"},"canonical":"https:\/\/equityderivatives.natixis.com\/de\/","og_locale":"de_DE","og_type":"article","og_title":"Natixis \u2013 Derivate & Zertifikate | Natixis \u2013 Derivate & Zertifikate","og_description":"Bienvenue dans l'univers D\u00e9riv\u00e9s Actions de Natixis. D\u00e9couvrez nos offres, l'ensemble de notre gamme de produits d'\u00e9pargne financi\u00e8re et tous nos services : E-Maps, NXS Indices, Actively Managed Certificates et E-Transac.","og_url":"https:\/\/equityderivatives.natixis.com\/de\/","og_site_name":"Natixis Equity Derivatives","article_modified_time":"2026-03-13T12:09:13+00:00","twitter_card":"summary_large_image","twitter_title":"Produits D\u00e9riv\u00e9s Actions | Natixis Equity Derivatives Solutions","twitter_description":"Bienvenue dans l'univers D\u00e9riv\u00e9s Actions de Natixis. D\u00e9couvrez nos offres, l'ensemble de notre gamme de produits d'\u00e9pargne financi\u00e8re et tous nos services : E-Maps, NXS Indices, Actively Managed Certificates et E-Transac.","schema":{"@context":"https:\/\/schema.org","@graph":[{"@type":"WebPage","@id":"https:\/\/equityderivatives.natixis.com\/de\/","url":"https:\/\/equityderivatives.natixis.com\/de\/","name":"Natixis \u2013 Derivate & Zertifikate | Natixis \u2013 Derivate & Zertifikate","isPartOf":{"@id":"https:\/\/equityderivatives.natixis.com\/de\/#website"},"datePublished":"2018-01-02T10:13:50+00:00","dateModified":"2026-03-13T12:09:13+00:00","description":"Willkommen im Universum der Natixis Equity Derivatives. Entdecken Sie unser Angebot, unsere gesamte Palette von Finanzsparprodukten und all unsere Dienstleistungen: E-Maps, E-Transac, unsere aktiv verwalteten Zertifikate und den NXS-Index.","breadcrumb":{"@id":"https:\/\/equityderivatives.natixis.com\/de\/#breadcrumb"},"inLanguage":"de-DE","potentialAction":[{"@type":"ReadAction","target":["https:\/\/equityderivatives.natixis.com\/de\/"]}]},{"@type":"BreadcrumbList","@id":"https:\/\/equityderivatives.natixis.com\/de\/#breadcrumb","itemListElement":[{"@type":"ListItem","position":1,"name":"Home","item":"https:\/\/equityderivatives.natixis.com\/de\/accueil\/"},{"@type":"ListItem","position":2,"name":"Homepage"}]},{"@type":"WebSite","@id":"https:\/\/equityderivatives.natixis.com\/de\/#website","url":"https:\/\/equityderivatives.natixis.com\/de\/","name":"Natixis Equity Derivatives","description":"","potentialAction":[{"@type":"SearchAction","target":{"@type":"EntryPoint","urlTemplate":"https:\/\/equityderivatives.natixis.com\/de\/?s={search_term_string}"},"query-input":{"@type":"PropertyValueSpecification","valueRequired":true,"valueName":"search_term_string"}}],"inLanguage":"de-DE"}]}},"_links":{"self":[{"href":"https:\/\/equityderivatives.natixis.com\/de\/wp-json\/wp\/v2\/pages\/64298","targetHints":{"allow":["GET"]}}],"collection":[{"href":"https:\/\/equityderivatives.natixis.com\/de\/wp-json\/wp\/v2\/pages"}],"about":[{"href":"https:\/\/equityderivatives.natixis.com\/de\/wp-json\/wp\/v2\/types\/page"}],"author":[{"embeddable":true,"href":"https:\/\/equityderivatives.natixis.com\/de\/wp-json\/wp\/v2\/users\/7"}],"replies":[{"embeddable":true,"href":"https:\/\/equityderivatives.natixis.com\/de\/wp-json\/wp\/v2\/comments?post=64298"}],"version-history":[{"count":62,"href":"https:\/\/equityderivatives.natixis.com\/de\/wp-json\/wp\/v2\/pages\/64298\/revisions"}],"predecessor-version":[{"id":117109,"href":"https:\/\/equityderivatives.natixis.com\/de\/wp-json\/wp\/v2\/pages\/64298\/revisions\/117109"}],"wp:attachment":[{"href":"https:\/\/equityderivatives.natixis.com\/de\/wp-json\/wp\/v2\/media?parent=64298"}],"curies":[{"name":"wp","href":"https:\/\/api.w.org\/{rel}","templated":true}]}}