{"id":868,"date":"2018-02-13T15:44:24","date_gmt":"2018-02-13T14:44:24","guid":{"rendered":"https:\/\/equityderivatives.natixis.com\/disclaimer\/"},"modified":"2025-03-12T15:48:03","modified_gmt":"2025-03-12T14:48:03","slug":"disclaimer","status":"publish","type":"page","link":"https:\/\/equityderivatives.natixis.com\/de-ch\/disclaimer\/","title":{"rendered":"Nutzungsbedingungen"},"content":{"rendered":"<p style=\"text-align: center;\">Indem ich diesen Schritt best\u00e4tige, erkenne ich ausdr\u00fccklich an und best\u00e4tige, dass ich keine \u201e<a href=\"https:\/\/equityderivatives.natixis.com\/app\/uploads\/2018\/04\/Regulation-S-of-the-securities-act-of-1933.pdf\">U.S. Person<\/a>\u201c (im Sinne der Regulation\u00a0S des U.S. Securities Act von 1933 in seiner jeweils g\u00fcltigen Fassung) bin und auch nicht f\u00fcr Rechnung oder zugunsten einer<a href=\"https:\/\/equityderivatives.natixis.com\/app\/uploads\/2018\/04\/Regulation-S-of-the-securities-act-of-1933.pdf\"> U.S. Person<\/a> handele. Ich erkenne zudem an, dass sich diese Website nicht an Privatanleger richtet, die im Vereinigten K\u00f6nigreich ans\u00e4ssig sind. <br \/>\n<strong>Ich bin keine <a href=\"https:\/\/equityderivatives.natixis.com\/app\/uploads\/2018\/04\/Regulation-S-of-the-securities-act-of-1933.pdf\">U.S. Person<\/a>.<\/strong><\/p>\n<p style=\"text-align: center;\">Wir bitten Sie, den nachstehenden Warnhinweis aufmerksam zu lesen.<\/p>\n<p style=\"text-align: center;\">Der Zweck dieser Seite besteht darin, f\u00fcr jeden Besucher einen rechtlichen Warnhinweis hinsichtlich der Website\u00a0<a href=\"http:\/\/equityderivatives.natixis.com\/\">http:\/\/equityderivatives.natixis.com<\/a>\u00a0und deren Nutzung bereitzustellen. Wenn Sie diese Website besuchen, wird davon ausgegangen, dass Sie die nachstehenden Bedingungen zur Kenntnis genommen und akzeptiert haben. Falls Sie diese nicht akzeptieren, m\u00f6chten wir Sie bitten, diese Website nicht zu nutzen und diese unverz\u00fcglich zu verlassen.<\/p>\n<p style=\"text-align: center;\"><strong>ES OBLIEGT JEDER PERSON, DEREN INTERESSE DURCH EINE INFORMATION, EIN FINANZPRODUKT, EIN TOOL ODER EINEN INDEX AUF DIESER WEBSITE GEWECKT WURDE, DIE BEREITGESTELLTEN INFORMATIONEN ZU \u00dcBERPR\u00dcFEN UND IN GEEIGNETER WEISE ZU NUTZEN.<\/strong><\/p>\n<p><!--more--><\/p>\n<ol>\n<li><strong>Zweck der Website<br \/>\nDie auf dieser Website enthaltenen Informationen und Meinungen dienen ausschlie\u00dflich der Information. Nichts auf dieser Website ist als Werbung, Kaufaufforderung, Angebot oder Zusage von Natixis bez\u00fcglich der Umsetzung einer Transaktion zu den dort beschriebenen oder anderen Bedingungen, die Grundlage f\u00fcr einen Vertrag oder Rechts-, Steuer- oder sonstige Beratung oder als Empfehlung bez\u00fcglich der T\u00e4tigung einer Transaktion anzusehen.<\/strong><\/p>\n<p>Alle Angaben auf dieser Website dienen Informationszwecken und sind eine Darstellung der Produkte, Dienstleistungen, Untersuchungen und Analysen, die NATIXIS zusammengestellt hat. Es obliegt jedem Interessenten, die bereitgestellten Informationen selbst zu \u00fcberpr\u00fcfen und sie angemessen zu nutzen. NATIXIS \u00fcbernimmt keine Haftung f\u00fcr die Nutzung der auf der Website bereitgestellten Informationen. Diese Website ber\u00fccksichtigt nicht die individuellen Anlageziele, die finanzielle Lage und die spezifischen Bed\u00fcrfnisse des jeweiligen Nutzers. Es obliegt jedem Interessenten, die bereitgestellten Informationen selbst zu \u00fcberpr\u00fcfen und sie angemessen zu nutzen. NATIXIS \u00fcbernimmt keine Haftung f\u00fcr die Nutzung der auf dieser Website bereitgestellten Informationen.<\/li>\n<li><strong> Informationen zu Finanzprodukten und Indizes<\/strong> <br \/>\nDie auf dieser Website beschriebenen Finanzprodukte und Indizes sind m\u00f6glicherweise nicht als Anlageinstrumente f\u00fcr jeden Nutzer geeignet. Der Zugang zu den auf dieser Website beschriebenen Finanz- oder Indexprodukten kann f\u00fcr bestimmte Personen oder in bestimmten L\u00e4ndern Beschr\u00e4nkungen unterliegen. Keines der Finanz- oder Indexprodukte, die hier angeboten werden, wird durch NATIXIS einer Person bereitgestellt, wenn die Gesetze deren Herkunftslandes oder eines anderen Landes, das sie betrifft, dies untersagen. Der Nutzer wird gebeten, sich zu versichern, dass er berechtigt ist, im betreffenden Land auf diese Website zuzugreifen. Au\u00dferdem kann der Kauf dieser Finanzprodukte und Indizes mit Risiken verbunden sein. Potenzielle Anleger m\u00fcssen sich dessen bewusst sein, dass sich der Wert eines jeden Finanzprodukts oder Index verringern oder sogar auf null sinken kann und dass sie somit die Gesamtheit ihrer anf\u00e4nglichen Anlage verlieren k\u00f6nnen. Die Informationen bez\u00fcglich der Performance der Finanzprodukte und Indizes beziehen sich immer auf die Vergangenheit. Eine historische Entwicklung stellt keine Grundlage f\u00fcr eine Prognose der zuk\u00fcnftigen Entwicklung des jeweiligen Finanzprodukts oder Index dar. Ebenso stellt eine historische Entwicklung in keinem Fall eine Garantie f\u00fcr die zuk\u00fcnftige Entwicklung dar. Au\u00dferdem k\u00f6nnen die Wert- oder Preisangaben auf dieser Website, die sich auf ein spezifisches Finanzprodukt, ein Finanzprodukt oder einen Basiswert beziehen, nicht den verf\u00fcgbaren Wert oder Preis auf deren jeweiligem Markt zu dem Zeitpunkt widerspiegeln, zu dem der Nutzer im Begriff ist, ein spezifisches Finanzprodukt oder eine spezifische W\u00e4hrung zu kaufen oder zu verkaufen. Die auf dieser Website verf\u00fcgbaren Wert- und Preisangaben ber\u00fccksichtigen nicht die Transaktionsbetr\u00e4ge. Folglich kann der Betrag in Verbindung mit einer Transaktion zu einer Wert- und Preisdifferenz f\u00fchren. In keinem Fall bietet Natixis eine Garantie, a) dass die auf dieser Website vorgestellten Finanzprodukte und Indizes f\u00fcr die Anleger geeignet sind; b) hinsichtlich der buchhalterischen oder steuerlichen Folgen einer Anlage in den vorgestellten Finanzprodukten und Indizes; c) bez\u00fcglich der zuk\u00fcnftigen Wertentwicklung der jeweiligen Finanzprodukte und Indizes; d) hinsichtlich der rechtzeitigen Herausgabe einer Mitteilung an die Nutzer dieser Website und hinsichtlich der Genauigkeit der Informationen, wenn die angegebenen Grenzwerte erreicht sind. Die Anleger sollten sich aller Risiken bewusst sein, bevor sie in ein Finanzprodukt oder einen Index investieren, und sie sollten (im Rahmen des Notwendigen) R\u00fccksprache mit einem unabh\u00e4ngigen Finanzberater sowie einem Rechts-, Buchhaltungs- und Steuerberater halten, unabh\u00e4ngig von der gew\u00e4hlten Anlage. Die Tatsache, dass der Nutzer auf diese Website oder auf Informationen, die auf dieser Website verf\u00fcgbar sind, Zugriff hat, bedeutet nicht, dass der Nutzer zu einem Kunden von Natixis wird. Dar\u00fcber hinaus \u00fcbernimmt Natixis keinerlei Verpflichtung oder Verantwortung gegen\u00fcber einem Nutzer dieser Website: Insbesondere kommt kein Vertrag \u00fcber die \u00dcbermittlung von Daten zwischen Natixis und dem Nutzer zustande. Natixis bem\u00fcht sich, die Richtigkeit und Aktualit\u00e4t der auf dieser Website ver\u00f6ffentlichten Informationen zu gew\u00e4hrleisten und beh\u00e4lt sich das Recht vor, den Inhalt jederzeit und ohne Vorank\u00fcndigung zu \u00e4ndern. Die auf dieser von Natixis erstellten Website enthaltenen Informationen stammen aus Quellen, die als verl\u00e4sslich angesehen werden. Das Unternehmen kann jedoch nicht die Vollst\u00e4ndigkeit oder die Richtigkeit garantieren, noch die Modifikation der Informationen durch Dritte ausschlie\u00dfen (Computerviren, Hacker). Insbesondere \u00fcbernimmt das Unternehmen keine Haftung f\u00fcr Irrt\u00fcmer oder Auslassung von Informationen. Die auf dieser Website vorhandenen Daten entsprechen dem Stand des angegebenen Datums, und Natixis \u00fcbernimmt weder explizit noch implizit irgendeine Garantie, insbesondere und unter anderem daf\u00fcr, dass diese Website jetzt oder in Zukunft Ihren Erwartungen entspricht, dass sie st\u00f6rungsfrei, zweckdienlich oder frei von Irrt\u00fcmern ist, noch dass jetzt oder zuk\u00fcnftig die aus der Nutzung der Website erzielbaren Ergebnisse korrekt und verl\u00e4sslich sind. Die Wertentwicklung in der Vergangenheit l\u00e4sst nicht unbedingt auf die zuk\u00fcnftige Wertentwicklung schlie\u00dfen. Jede Preisangabe erfolgt zeitversetzt und ist ausschlie\u00dflich f\u00fcr die private Nutzung bestimmt. Somit obliegt es jedem Nutzer dieser Website, die G\u00fcltigkeit und\/oder die m\u00f6gliche Aktualisierung der verbreiteten Daten zu \u00fcberpr\u00fcfen. Natixis \u00fcbernimmt keinerlei Verantwortung hinsichtlich der Richtigkeit, der Vollst\u00e4ndigkeit oder der Zweckm\u00e4\u00dfigkeit der Informationen und Meinungen auf dieser Website und der eventuell daraus resultierenden Folgen. Au\u00dferdem kann Natixis nicht f\u00fcr m\u00f6gliche Druckfehler oder inhaltliche Fehler auf dieser Website haftbar gemacht werden.<\/p>\n<\/li>\n<li><strong> \u00c4nderungen der Nutzungsbedingungen\u00a0<\/strong> <br \/>\nNatixis beh\u00e4lt sich die M\u00f6glichkeit vor, den Inhalt dieser Website oder die vorliegenden Nutzungsbedingungen jederzeit und ohne Vorank\u00fcndigung zu \u00e4ndern oder weiterzuentwickeln. Diese \u00c4nderungen treten mit ihrer Onlinestellung auf der Website in Kraft. Die Nutzer werden daher gebeten, die laufend auf der Website online befindliche Version zu lesen. Dadurch, dass er sich auf der Website aufh\u00e4lt, akzeptiert der Nutzer jede \u00dcberarbeitung oder \u00c4nderung in vollem Umfang.<\/p>\n<\/li>\n<li><strong> Verf\u00fcgbarkeit der Website\u00a0<\/strong> <br \/>\nDer Zugriff auf die Website ist kostenfrei. Die Kosten f\u00fcr den Zugang zum Telekommunikationsnetz und f\u00fcr dessen Nutzung sind vom Nutzer zu tragen, gem\u00e4\u00df den von seinen Providern und Telefongesellschaften festgelegten Modalit\u00e4ten. Natixis ist stets auf die Verf\u00fcgbarkeit der Website bedacht. Jedoch \u00fcbernimmt Natixis keinerlei Haftung und Entsch\u00e4digung im Falle einer Betriebsunterbrechung oder vor\u00fcbergehenden, l\u00e4ngeren oder dauerhaften Nichtverf\u00fcgbarkeit der Website aus beliebigem Grund.<\/p>\n<\/li>\n<li><strong> Hyperlinks\u00a0<\/strong> <br \/>\nDiese Website kann Links zu anderen Websites enthalten, die von Dritten stammen und somit den Zugriff auf externe Informationen erm\u00f6glichen, die von Dritten, die unabh\u00e4ngig von Natixis sind, erstellt und bereitgestellt wurden. Natixis hat keine Verbindung zu diesen Websites und keinen Einfluss auf diese Websites und bezieht sich auf diese ausschlie\u00dflich, um Informationen zur Lokalisierung und zum Inhalt dieser Websites zu liefern. Die Ver\u00f6ffentlichung dieser Links durch Natixis stellt keine Kaufaufforderung, Genehmigung, Bewerbung oder Beteiligung von Natixis bez\u00fcglich dieser Websites, ihrer Inhaber oder der f\u00fcr diese Websites verantwortlichen Personen dar. Natixis hat die Informationen, Software oder Produkte, die von diesen Websites Dritter stammen, nicht \u00fcberpr\u00fcft. Somit ist Natixis nicht f\u00fcr den Inhalt dieser Websites verantwortlich. Die Inhaber dieser Websites oder die mit diesen betrauten Personen sind f\u00fcr ihre jeweiligen Websites verantwortlich. Diese Personen \u00fcbernehmen die Verantwortung f\u00fcr den Inhalt ihrer eigenen Websites. Natixis wird Links zu Websites, bei denen das Unternehmen Verst\u00f6\u00dfe feststellt, unverz\u00fcglich l\u00f6schen. Natixis ist nicht f\u00fcr Verluste verantwortlich, die durch die Nutzung der verf\u00fcgbaren Informationen entstehen. Grunds\u00e4tzlich obliegt es dem Nutzer, die notwendigen Vorkehrungen zu treffen, um sicherzustellen, dass die aufgerufene Website virusfrei ist und auch keine anderen zerst\u00f6renden Elemente vorhanden sind. Auf keinen Fall kann Natixis f\u00fcr direkte oder indirekte Sch\u00e4den aus der Nutzung ihrer Website oder anderer Internetseiten, mit denen diese verlinkt ist, haftbar gemacht werden.<\/p>\n<\/li>\n<li><strong> Geistiges Eigentum <\/strong><br \/>\nDie Website stellt ein Werk dar, das in Frankreich durch das franz\u00f6sische Urheberrechtsgesetz (Code de la Propri\u00e9t\u00e9 Intellectuelle) und im Ausland durch die geltenden internationalen urheberrechtlichen Vereinbarungen gesch\u00fctzt ist. Die Vervielf\u00e4ltigung dieser Website im Ganzen oder in Teilen, ganz gleich, mit welchem Verfahren, ist streng verboten, soweit Natixis nicht ausdr\u00fccklich seine Genehmigung erteilt. Die Verletzung eines Urheberrechtes am Werk ist ein Betrugsdelikt im Sinne von Artikel L. 335-2 des franz\u00f6sischen Code de la Propri\u00e9t\u00e9 Intellectuelle, f\u00fcr das f\u00fcnf Jahre Gef\u00e4ngnis und eine Geldstrafe von 500.000 Euro verh\u00e4ngt werden k\u00f6nnen. Natixis hat die Rechte bez\u00fcglich aller Elemente auf dieser Website, auf einer ihrer Webseiten und innerhalb aller dort ver\u00f6ffentlichten Informationen inne. Der Inhalt der Website genie\u00dft den Schutz des franz\u00f6sischen Urheberrechtsgesetzes (Code de la Propri\u00e9t\u00e9 Intellectuelle). Somit ist es den Nutzern dieser Website untersagt, den Inhalt der Website ohne die vorherige schriftliche Genehmigung des Publikationsdirektors (vollst\u00e4ndig oder teilweise) zu vervielf\u00e4ltigen, abzutreten, abzu\u00e4ndern oder auf irgendeine Weise zu verwenden, sei es kostenfrei oder entgeltlich. Au\u00dferdem unterliegt die Erstellung von Hyperlinks auf diese Website der vorherigen ausdr\u00fccklichen Zustimmung von Natixis.<\/p>\n<\/li>\n<li><strong> Cookies\u00a0<\/strong> <br \/>\nHyperlinks: Natixis ist keinesfalls f\u00fcr die Hyperlinks von Natixis.com aus zu anderen Websites haftbar. Natixis \u00fcbernimmt keinerlei Haftung bez\u00fcglich des Inhalts und m\u00f6glicher Sch\u00e4den anl\u00e4sslich des Besuchs der Websites, auf welche die Website mit Hyperlinks verweist. Der Nutzer besucht die anderen Websites auf eigene Verantwortung und auf eigenes Risiko. Cookies: Der Nutzer wird davon in Kenntnis gesetzt, dass anl\u00e4sslich seines Besuchs auf der Website automatisch ein Cookie installiert wird und vor\u00fcbergehend im Speicher oder auf seiner Festplatte gespeichert werden kann. Ein Cookie ist ein Element, \u00fcber das der Nutzer nicht identifiziert werden kann, das jedoch dazu dient, Informationen bez\u00fcglich dessen Navigation auf der Website zu speichern. Sie k\u00f6nnen diesen Cookie \u00fcber die Konfiguration ihres Browsers deaktivieren.<\/p>\n<\/li>\n<li><strong>Schutz Ihrer pers\u00f6nlichen Daten<br \/>\n<\/strong>Es wird daran erinnert, dass das Postgeheimnis im Netz nicht gew\u00e4hrleistet ist und dass es jedem Internetnutzer obliegt, alle geeigneten Ma\u00dfnahmen zu ergreifen, um seine eigenen Daten und\/oder seine eigene Software vor Viren aus dem Internet zu sch\u00fctzen. Es wird daran erinnert, dass der betr\u00fcgerische Zugriff auf ein Computersystem bzw. der betr\u00fcgerische Aufenthalt auf diesem, die Beeintr\u00e4chtigung oder die Manipulation des Betriebs eines solchen Systems sowie die Einschleusung oder betr\u00fcgerische \u00c4nderung von Daten in ein bzw. in einem Computersystem Straftatbest\u00e4nde darstellen.<\/li>\n<\/ol>\n","protected":false},"excerpt":{"rendered":"<p>Indem ich diesen Schritt best\u00e4tige, erkenne ich ausdr\u00fccklich an und best\u00e4tige, dass ich keine \u201eU.S. Person\u201c (im Sinne der Regulation\u00a0S des U.S. Securities Act von 1933 in seiner jeweils g\u00fcltigen Fassung) bin und auch nicht f\u00fcr Rechnung oder zugunsten einer U.S. Person handele. Ich erkenne zudem an, dass sich diese Website nicht an Privatanleger richtet, [&hellip;]<\/p>\n","protected":false},"author":7,"featured_media":0,"parent":0,"menu_order":54,"comment_status":"closed","ping_status":"closed","template":"page-templates\/template-disclaimer.php","meta":{"_acf_changed":false,"footnotes":""},"class_list":["post-868","page","type-page","status-publish","hentry"],"acf":[],"yoast_head":"<!-- This site is optimized with the Yoast SEO plugin v24.8.1 - https:\/\/yoast.com\/wordpress\/plugins\/seo\/ -->\n<title>Conditions g\u00e9n\u00e9rales d\u2019utilisation | Natixis Equity Derivatives<\/title>\n<meta name=\"robots\" content=\"index, follow, max-snippet:-1, max-image-preview:large, max-video-preview:-1\" \/>\n<link rel=\"canonical\" href=\"https:\/\/equityderivatives.natixis.com\/de-ch\/disclaimer\/\" \/>\n<meta property=\"og:locale\" content=\"de_DE\" \/>\n<meta property=\"og:type\" content=\"article\" \/>\n<meta property=\"og:title\" content=\"Conditions g\u00e9n\u00e9rales d\u2019utilisation | Natixis Equity Derivatives\" \/>\n<meta property=\"og:description\" content=\"Indem ich diesen Schritt best\u00e4tige, erkenne ich ausdr\u00fccklich an und best\u00e4tige, dass ich keine \u201eU.S. Person\u201c (im Sinne der Regulation\u00a0S des U.S. Securities Act von 1933 in seiner jeweils g\u00fcltigen Fassung) bin und auch nicht f\u00fcr Rechnung oder zugunsten einer U.S. Person handele. Ich erkenne zudem an, dass sich diese Website nicht an Privatanleger richtet, [&hellip;]\" \/>\n<meta property=\"og:url\" content=\"https:\/\/equityderivatives.natixis.com\/de-ch\/disclaimer\/\" \/>\n<meta property=\"og:site_name\" content=\"Natixis Equity Derivatives\" \/>\n<meta property=\"article:modified_time\" content=\"2025-03-12T14:48:03+00:00\" \/>\n<meta name=\"twitter:card\" content=\"summary_large_image\" \/>\n<meta name=\"twitter:title\" content=\"Conditions g\u00e9n\u00e9rales d\u2019utilisation | Natixis Equity Derivatives Solutions\" \/>\n<meta name=\"twitter:label1\" content=\"Est. reading time\" \/>\n\t<meta name=\"twitter:data1\" content=\"9 minutes\" \/>\n<script type=\"application\/ld+json\" class=\"yoast-schema-graph\">{\"@context\":\"https:\/\/schema.org\",\"@graph\":[{\"@type\":\"WebPage\",\"@id\":\"https:\/\/equityderivatives.natixis.com\/de-ch\/disclaimer\/\",\"url\":\"https:\/\/equityderivatives.natixis.com\/de-ch\/disclaimer\/\",\"name\":\"Conditions g\u00e9n\u00e9rales d\u2019utilisation | Natixis Equity Derivatives\",\"isPartOf\":{\"@id\":\"https:\/\/equityderivatives.natixis.com\/de-ch\/#website\"},\"datePublished\":\"2018-02-13T14:44:24+00:00\",\"dateModified\":\"2025-03-12T14:48:03+00:00\",\"breadcrumb\":{\"@id\":\"https:\/\/equityderivatives.natixis.com\/de-ch\/disclaimer\/#breadcrumb\"},\"inLanguage\":\"de-CH\",\"potentialAction\":[{\"@type\":\"ReadAction\",\"target\":[\"https:\/\/equityderivatives.natixis.com\/de-ch\/disclaimer\/\"]}]},{\"@type\":\"BreadcrumbList\",\"@id\":\"https:\/\/equityderivatives.natixis.com\/de-ch\/disclaimer\/#breadcrumb\",\"itemListElement\":[{\"@type\":\"ListItem\",\"position\":1,\"name\":\"Home\",\"item\":\"https:\/\/equityderivatives.natixis.com\/de-ch\/\"},{\"@type\":\"ListItem\",\"position\":2,\"name\":\"Nutzungsbedingungen\"}]},{\"@type\":\"WebSite\",\"@id\":\"https:\/\/equityderivatives.natixis.com\/de-ch\/#website\",\"url\":\"https:\/\/equityderivatives.natixis.com\/de-ch\/\",\"name\":\"Natixis Equity Derivatives\",\"description\":\"\",\"potentialAction\":[{\"@type\":\"SearchAction\",\"target\":{\"@type\":\"EntryPoint\",\"urlTemplate\":\"https:\/\/equityderivatives.natixis.com\/de-ch\/?s={search_term_string}\"},\"query-input\":{\"@type\":\"PropertyValueSpecification\",\"valueRequired\":true,\"valueName\":\"search_term_string\"}}],\"inLanguage\":\"de-CH\"}]}<\/script>\n<!-- \/ Yoast SEO plugin. -->","yoast_head_json":{"title":"Conditions g\u00e9n\u00e9rales d\u2019utilisation | Natixis Equity Derivatives","robots":{"index":"index","follow":"follow","max-snippet":"max-snippet:-1","max-image-preview":"max-image-preview:large","max-video-preview":"max-video-preview:-1"},"canonical":"https:\/\/equityderivatives.natixis.com\/de-ch\/disclaimer\/","og_locale":"de_DE","og_type":"article","og_title":"Conditions g\u00e9n\u00e9rales d\u2019utilisation | Natixis Equity Derivatives","og_description":"Indem ich diesen Schritt best\u00e4tige, erkenne ich ausdr\u00fccklich an und best\u00e4tige, dass ich keine \u201eU.S. Person\u201c (im Sinne der Regulation\u00a0S des U.S. Securities Act von 1933 in seiner jeweils g\u00fcltigen Fassung) bin und auch nicht f\u00fcr Rechnung oder zugunsten einer U.S. Person handele. Ich erkenne zudem an, dass sich diese Website nicht an Privatanleger richtet, [&hellip;]","og_url":"https:\/\/equityderivatives.natixis.com\/de-ch\/disclaimer\/","og_site_name":"Natixis Equity Derivatives","article_modified_time":"2025-03-12T14:48:03+00:00","twitter_card":"summary_large_image","twitter_title":"Conditions g\u00e9n\u00e9rales d\u2019utilisation | Natixis Equity Derivatives Solutions","twitter_misc":{"Est. reading time":"9 minutes"},"schema":{"@context":"https:\/\/schema.org","@graph":[{"@type":"WebPage","@id":"https:\/\/equityderivatives.natixis.com\/de-ch\/disclaimer\/","url":"https:\/\/equityderivatives.natixis.com\/de-ch\/disclaimer\/","name":"Conditions g\u00e9n\u00e9rales d\u2019utilisation | Natixis Equity Derivatives","isPartOf":{"@id":"https:\/\/equityderivatives.natixis.com\/de-ch\/#website"},"datePublished":"2018-02-13T14:44:24+00:00","dateModified":"2025-03-12T14:48:03+00:00","breadcrumb":{"@id":"https:\/\/equityderivatives.natixis.com\/de-ch\/disclaimer\/#breadcrumb"},"inLanguage":"de-CH","potentialAction":[{"@type":"ReadAction","target":["https:\/\/equityderivatives.natixis.com\/de-ch\/disclaimer\/"]}]},{"@type":"BreadcrumbList","@id":"https:\/\/equityderivatives.natixis.com\/de-ch\/disclaimer\/#breadcrumb","itemListElement":[{"@type":"ListItem","position":1,"name":"Home","item":"https:\/\/equityderivatives.natixis.com\/de-ch\/"},{"@type":"ListItem","position":2,"name":"Nutzungsbedingungen"}]},{"@type":"WebSite","@id":"https:\/\/equityderivatives.natixis.com\/de-ch\/#website","url":"https:\/\/equityderivatives.natixis.com\/de-ch\/","name":"Natixis Equity Derivatives","description":"","potentialAction":[{"@type":"SearchAction","target":{"@type":"EntryPoint","urlTemplate":"https:\/\/equityderivatives.natixis.com\/de-ch\/?s={search_term_string}"},"query-input":{"@type":"PropertyValueSpecification","valueRequired":true,"valueName":"search_term_string"}}],"inLanguage":"de-CH"}]}},"_links":{"self":[{"href":"https:\/\/equityderivatives.natixis.com\/de-ch\/wp-json\/wp\/v2\/pages\/868","targetHints":{"allow":["GET"]}}],"collection":[{"href":"https:\/\/equityderivatives.natixis.com\/de-ch\/wp-json\/wp\/v2\/pages"}],"about":[{"href":"https:\/\/equityderivatives.natixis.com\/de-ch\/wp-json\/wp\/v2\/types\/page"}],"author":[{"embeddable":true,"href":"https:\/\/equityderivatives.natixis.com\/de-ch\/wp-json\/wp\/v2\/users\/7"}],"replies":[{"embeddable":true,"href":"https:\/\/equityderivatives.natixis.com\/de-ch\/wp-json\/wp\/v2\/comments?post=868"}],"version-history":[{"count":13,"href":"https:\/\/equityderivatives.natixis.com\/de-ch\/wp-json\/wp\/v2\/pages\/868\/revisions"}],"predecessor-version":[{"id":96357,"href":"https:\/\/equityderivatives.natixis.com\/de-ch\/wp-json\/wp\/v2\/pages\/868\/revisions\/96357"}],"wp:attachment":[{"href":"https:\/\/equityderivatives.natixis.com\/de-ch\/wp-json\/wp\/v2\/media?parent=868"}],"curies":[{"name":"wp","href":"https:\/\/api.w.org\/{rel}","templated":true}]}}