{"id":36806,"date":"2017-12-21T21:42:50","date_gmt":"2017-12-21T20:42:50","guid":{"rendered":"https:\/\/equityderivatives.natixis.com\/einlagensicherung\/"},"modified":"2026-03-12T18:28:37","modified_gmt":"2026-03-12T17:28:37","slug":"cookie-richtlinie-2","status":"publish","type":"page","link":"https:\/\/equityderivatives.natixis.com\/de-ch\/cookie-richtlinie-2\/","title":{"rendered":"Cookie-Richtlinie"},"content":{"rendered":"<p>Diese Seite verwendet Cookies &#8211; kleine Textdateien, die auf Ihrem COmputer gespeichert werden, um eine bessere Nutzererfahrung zu erm\u00f6glichen. Cookies werden verwendet, um die bevorzugten Nutzeranwendungen zu speichern wie zum Beispiel Warenk\u00f6rbe. Die Daten k\u00f6nnen anonym f\u00fcr Dritte Parteien, wie zum Beispiel Google Analytics verwendet werden. Im Allgemeinen verbessern Cookies Ihre Nutzung. Sie k\u00f6nnen jedoch auch auf dieser und auf anderen Seiten Cookies deaktivieren. Am einfachsten geht dies in den Einstellungen Ihres Browsers. Wir empfehlen Ihnen, bei Fragen die Hilfe-Funktion Ihres Browsers zu konsultieren oder im Internet die Seite <a href=\"http:\/\/aboutcookies.org\">aboutcookies.org<\/a> zu (Englisch) zu lesen, die Ratschl\u00e4ge f\u00fcr Benutzer zur Verf\u00fcgung stellt.<\/p>\n","protected":false},"excerpt":{"rendered":"<p>Diese Seite verwendet Cookies &#8211; kleine Textdateien, die auf Ihrem COmputer gespeichert werden, um eine bessere Nutzererfahrung zu erm\u00f6glichen. Cookies werden verwendet, um die bevorzugten Nutzeranwendungen zu speichern wie zum Beispiel Warenk\u00f6rbe. Die Daten k\u00f6nnen anonym f\u00fcr Dritte Parteien, wie zum Beispiel Google Analytics verwendet werden. Im Allgemeinen verbessern Cookies Ihre Nutzung. Sie k\u00f6nnen jedoch [&hellip;]<\/p>\n","protected":false},"author":7,"featured_media":0,"parent":0,"menu_order":0,"comment_status":"closed","ping_status":"closed","template":"","meta":{"_acf_changed":false,"footnotes":""},"class_list":["post-36806","page","type-page","status-publish","hentry"],"acf":[],"yoast_head":"<!-- This site is optimized with the Yoast SEO plugin v24.8.1 - https:\/\/yoast.com\/wordpress\/plugins\/seo\/ -->\n<title>Cookie-Richtlinie - Natixis Equity Derivatives<\/title>\n<meta name=\"robots\" content=\"index, follow, max-snippet:-1, max-image-preview:large, max-video-preview:-1\" \/>\n<link rel=\"canonical\" href=\"https:\/\/equityderivatives.natixis.com\/de-ch\/cookie-richtlinie-2\/\" \/>\n<meta property=\"og:locale\" content=\"de_DE\" \/>\n<meta property=\"og:type\" content=\"article\" \/>\n<meta property=\"og:title\" content=\"Cookie-Richtlinie - Natixis Equity Derivatives\" \/>\n<meta property=\"og:description\" content=\"Diese Seite verwendet Cookies &#8211; kleine Textdateien, die auf Ihrem COmputer gespeichert werden, um eine bessere Nutzererfahrung zu erm\u00f6glichen. Cookies werden verwendet, um die bevorzugten Nutzeranwendungen zu speichern wie zum Beispiel Warenk\u00f6rbe. Die Daten k\u00f6nnen anonym f\u00fcr Dritte Parteien, wie zum Beispiel Google Analytics verwendet werden. Im Allgemeinen verbessern Cookies Ihre Nutzung. Sie k\u00f6nnen jedoch [&hellip;]\" \/>\n<meta property=\"og:url\" content=\"https:\/\/equityderivatives.natixis.com\/de-ch\/cookie-richtlinie-2\/\" \/>\n<meta property=\"og:site_name\" content=\"Natixis Equity Derivatives\" \/>\n<meta property=\"article:modified_time\" content=\"2026-03-12T17:28:37+00:00\" \/>\n<meta name=\"twitter:card\" content=\"summary_large_image\" \/>\n<meta name=\"twitter:label1\" content=\"Est. reading time\" \/>\n\t<meta name=\"twitter:data1\" content=\"1 minute\" \/>\n<script type=\"application\/ld+json\" class=\"yoast-schema-graph\">{\"@context\":\"https:\/\/schema.org\",\"@graph\":[{\"@type\":\"WebPage\",\"@id\":\"https:\/\/equityderivatives.natixis.com\/de-ch\/cookie-richtlinie-2\/\",\"url\":\"https:\/\/equityderivatives.natixis.com\/de-ch\/cookie-richtlinie-2\/\",\"name\":\"Cookie-Richtlinie - Natixis Equity Derivatives\",\"isPartOf\":{\"@id\":\"https:\/\/equityderivatives.natixis.com\/de-ch\/#website\"},\"datePublished\":\"2017-12-21T20:42:50+00:00\",\"dateModified\":\"2026-03-12T17:28:37+00:00\",\"breadcrumb\":{\"@id\":\"https:\/\/equityderivatives.natixis.com\/de-ch\/cookie-richtlinie-2\/#breadcrumb\"},\"inLanguage\":\"de-CH\",\"potentialAction\":[{\"@type\":\"ReadAction\",\"target\":[\"https:\/\/equityderivatives.natixis.com\/de-ch\/cookie-richtlinie-2\/\"]}]},{\"@type\":\"BreadcrumbList\",\"@id\":\"https:\/\/equityderivatives.natixis.com\/de-ch\/cookie-richtlinie-2\/#breadcrumb\",\"itemListElement\":[{\"@type\":\"ListItem\",\"position\":1,\"name\":\"Home\",\"item\":\"https:\/\/equityderivatives.natixis.com\/de-ch\/\"},{\"@type\":\"ListItem\",\"position\":2,\"name\":\"Cookie-Richtlinie\"}]},{\"@type\":\"WebSite\",\"@id\":\"https:\/\/equityderivatives.natixis.com\/de-ch\/#website\",\"url\":\"https:\/\/equityderivatives.natixis.com\/de-ch\/\",\"name\":\"Natixis Equity Derivatives\",\"description\":\"\",\"potentialAction\":[{\"@type\":\"SearchAction\",\"target\":{\"@type\":\"EntryPoint\",\"urlTemplate\":\"https:\/\/equityderivatives.natixis.com\/de-ch\/?s={search_term_string}\"},\"query-input\":{\"@type\":\"PropertyValueSpecification\",\"valueRequired\":true,\"valueName\":\"search_term_string\"}}],\"inLanguage\":\"de-CH\"}]}<\/script>\n<!-- \/ Yoast SEO plugin. -->","yoast_head_json":{"title":"Cookie-Richtlinie - Natixis Equity Derivatives","robots":{"index":"index","follow":"follow","max-snippet":"max-snippet:-1","max-image-preview":"max-image-preview:large","max-video-preview":"max-video-preview:-1"},"canonical":"https:\/\/equityderivatives.natixis.com\/de-ch\/cookie-richtlinie-2\/","og_locale":"de_DE","og_type":"article","og_title":"Cookie-Richtlinie - Natixis Equity Derivatives","og_description":"Diese Seite verwendet Cookies &#8211; kleine Textdateien, die auf Ihrem COmputer gespeichert werden, um eine bessere Nutzererfahrung zu erm\u00f6glichen. Cookies werden verwendet, um die bevorzugten Nutzeranwendungen zu speichern wie zum Beispiel Warenk\u00f6rbe. Die Daten k\u00f6nnen anonym f\u00fcr Dritte Parteien, wie zum Beispiel Google Analytics verwendet werden. Im Allgemeinen verbessern Cookies Ihre Nutzung. Sie k\u00f6nnen jedoch [&hellip;]","og_url":"https:\/\/equityderivatives.natixis.com\/de-ch\/cookie-richtlinie-2\/","og_site_name":"Natixis Equity Derivatives","article_modified_time":"2026-03-12T17:28:37+00:00","twitter_card":"summary_large_image","twitter_misc":{"Est. reading time":"1 minute"},"schema":{"@context":"https:\/\/schema.org","@graph":[{"@type":"WebPage","@id":"https:\/\/equityderivatives.natixis.com\/de-ch\/cookie-richtlinie-2\/","url":"https:\/\/equityderivatives.natixis.com\/de-ch\/cookie-richtlinie-2\/","name":"Cookie-Richtlinie - Natixis Equity Derivatives","isPartOf":{"@id":"https:\/\/equityderivatives.natixis.com\/de-ch\/#website"},"datePublished":"2017-12-21T20:42:50+00:00","dateModified":"2026-03-12T17:28:37+00:00","breadcrumb":{"@id":"https:\/\/equityderivatives.natixis.com\/de-ch\/cookie-richtlinie-2\/#breadcrumb"},"inLanguage":"de-CH","potentialAction":[{"@type":"ReadAction","target":["https:\/\/equityderivatives.natixis.com\/de-ch\/cookie-richtlinie-2\/"]}]},{"@type":"BreadcrumbList","@id":"https:\/\/equityderivatives.natixis.com\/de-ch\/cookie-richtlinie-2\/#breadcrumb","itemListElement":[{"@type":"ListItem","position":1,"name":"Home","item":"https:\/\/equityderivatives.natixis.com\/de-ch\/"},{"@type":"ListItem","position":2,"name":"Cookie-Richtlinie"}]},{"@type":"WebSite","@id":"https:\/\/equityderivatives.natixis.com\/de-ch\/#website","url":"https:\/\/equityderivatives.natixis.com\/de-ch\/","name":"Natixis Equity Derivatives","description":"","potentialAction":[{"@type":"SearchAction","target":{"@type":"EntryPoint","urlTemplate":"https:\/\/equityderivatives.natixis.com\/de-ch\/?s={search_term_string}"},"query-input":{"@type":"PropertyValueSpecification","valueRequired":true,"valueName":"search_term_string"}}],"inLanguage":"de-CH"}]}},"_links":{"self":[{"href":"https:\/\/equityderivatives.natixis.com\/de-ch\/wp-json\/wp\/v2\/pages\/36806","targetHints":{"allow":["GET"]}}],"collection":[{"href":"https:\/\/equityderivatives.natixis.com\/de-ch\/wp-json\/wp\/v2\/pages"}],"about":[{"href":"https:\/\/equityderivatives.natixis.com\/de-ch\/wp-json\/wp\/v2\/types\/page"}],"author":[{"embeddable":true,"href":"https:\/\/equityderivatives.natixis.com\/de-ch\/wp-json\/wp\/v2\/users\/7"}],"replies":[{"embeddable":true,"href":"https:\/\/equityderivatives.natixis.com\/de-ch\/wp-json\/wp\/v2\/comments?post=36806"}],"version-history":[{"count":1,"href":"https:\/\/equityderivatives.natixis.com\/de-ch\/wp-json\/wp\/v2\/pages\/36806\/revisions"}],"predecessor-version":[{"id":117052,"href":"https:\/\/equityderivatives.natixis.com\/de-ch\/wp-json\/wp\/v2\/pages\/36806\/revisions\/117052"}],"wp:attachment":[{"href":"https:\/\/equityderivatives.natixis.com\/de-ch\/wp-json\/wp\/v2\/media?parent=36806"}],"curies":[{"name":"wp","href":"https:\/\/api.w.org\/{rel}","templated":true}]}}